{"id":137102,"date":"2018-07-30T11:40:07","date_gmt":"2018-07-30T09:40:07","guid":{"rendered":"https:\/\/www.marabu-creative.com\/?page_id=137102\/"},"modified":"2026-02-25T13:51:20","modified_gmt":"2026-02-25T12:51:20","slug":"teilnahmebedingungen-gewinnspiel","status":"publish","type":"page","link":"https:\/\/www.marabu-creative.com\/de\/service\/teilnahmebedingungen-gewinnspiel\/","title":{"rendered":"Teilnahmebedingung Marabu Gewinnspiel"},"content":{"rendered":"<p><strong>Verlosung von 5 x einem Marabu KiDS Window Color Set &#8222;Bauernhof&#8220; (Laufzeit 26.02. &#8211; 08.03.2026)<\/strong><\/p>\n<ol>\n<li>Diese Teilnahmebedingungen regeln die Bedingungen f\u00fcr eine Teilnahme an der Verlosung sowie gegebenenfalls erforderliche Rechte\u00fcbertragungen. Die Beschreibung und der Ablauf der jeweiligen Verlosung erfolgen im Rahmen der jeweiligen Verlosungsaktion auf dem Instagram-Profil @marabu_creative_colours der Marabu GmbH &amp; Co. KG.<\/li>\n<li>Die Verlosung wird nicht von Instagram oder Facebook gesponsert oder unterst\u00fctzt. Mit der Teilnahme an der Verlosung erkennt die\/der Teilnehmer\/in an, keinerlei Anspr\u00fcche aus der Teilnahme an der Verlosung gegen Instagram oder Facebook herleiten zu k\u00f6nnen.<\/li>\n<li>Mit Teilnahme an der jeweiligen Verlosung werden diese Teilnahmebedingungen angenommen.<\/li>\n<li>Veranstalter der Verlosung ist die Firma Marabu GmbH &amp; Co. KG, Asperger Stra\u00dfe 4, 71732 Tamm, Deutschland, Telefon: +49 7141\/691-0, Telefax: +49 7141\/691-147, E-Mail: info@marabu.com, Amtsgericht Stuttgart, HRA 300662, Gesch\u00e4ftsf\u00fchrer: York Boeder, Marabu Beteiligungsgesellschaft mbH, Amtsgericht Stuttgart, HRB 300316, USt-IdNr. DE 146 146 563.<\/li>\n<li>Die Verlosung l\u00e4uft bis einschlie\u00dflich 08.03.2026 23:59 Uhr deutscher Zeit.<\/li>\n<li>Zu gewinnen ist ein Marabu KiDS Window Color Bauernhof Set.\u00a0<\/li>\n<li>Teilnahmeberechtigte k\u00f6nnen an der Verlosung teilnehmen, indem sie den Verlosungs-Post vom 26.02.2026 liken und einen Kommentar hinterlassen und dem Instagram Profil @marabu_creative_colours der Marabu GmbH &amp; Co. KG folgen. Die Teilnahme ist erst erfolgt, sobald diese aufgef\u00fchrten Bedingungen erf\u00fcllt ist.<\/li>\n<li>Beitr\u00e4ge, die gegen die Instagram-Richtlinien, deutsches Recht und\/oder das Copyright versto\u00dfen oder falschen Angaben enthalten werden nicht bei der Verlosung ber\u00fccksichtigt. Die\/der Teilnehmer\/in ist damit vom Gewinn ausgeschlossen. Diskriminierende, gewaltverherrlichende, anst\u00f6\u00dfige, bel\u00e4stigende, herabw\u00fcrdigende und beleidigende Kommentare aller Art sind ebenfalls von der Gewinnspielteilnahme ausgeschlossen.<\/li>\n<li>Handelt es sich bei dem ausgeschlossenen Teilnehmer um eine\/n bereits ausgeloste\/n Gewinner\/in, kann der Gewinn nachtr\u00e4glich aberkannt werden.<\/li>\n<li>Sofern die\/der Teilnehmer\/in Texte, Fotos oder Videos hochl\u00e4dt, versichert die\/der Teilnehmer\/in, dass er\/sie keine Inhalte ver\u00f6ffentlicht, deren Bereitstellung, Ver\u00f6ffentlichung oder Nutzung gegen geltendes Recht oder Rechte Dritter verst\u00f6\u00dft.<\/li>\n<li>Die\/der Teilnehmer\/in stellt die Marabu GmbH &amp; Co. KG von Anspr\u00fcchen Dritter gleich welcher Art frei, die aus der Rechtswidrigkeit von Fotos resultieren, die\/der Teilnehmer\/in verwendet hat. Die Freistellungsverpflichtung umfasst auch die Verpflichtung, den Veranstalter von Rechtsverteidigungskosten (z.B. Gerichts- und Anwaltskosten) vollst\u00e4ndig freizustellen.<\/li>\n<li>Mit der Teilnahme an der Verlosung stellt die\/der Teilnehmer\/in Instagram von jeder Haftung frei.<\/li>\n<li>Die\/der Teilnehmer\/in versichert, Inhaber\/in der erforderlichen Rechte an den hochgeladenen Texten, Fotos und\/oder Videos zu sein. Ist die\/der Teilnehmer\/in nicht alleinige\/r Urheber\/in oder Rechteinhaber\/in, erkl\u00e4rt er\/sie ausdr\u00fccklich, \u00fcber die f\u00fcr die Teilnahme an der Verlosung erforderlichen Rechte zu verf\u00fcgen.<\/li>\n<li>Die\/der Teilnehmer\/in r\u00e4umt der Marke Marabu an dem von ihm\/ihr geposteten Bild und\/oder Video das einfache, zeitlich und r\u00e4umlich unbegrenzte aber nicht exklusive Nutzungsrechte ein: Das Bild und\/oder Video darf von Marabu Creative Colours auf der Instagram-Seite @marabu_creative_colours als Regram, d. h. unter Kennzeichnung des Urhebers und dessen Instagram-Kanals, auf dem Instagram-Profil @marabu_creative_colours oder der Website der Marabu GmbH &amp; Co. KG marabu-creative.com ver\u00f6ffentlicht werden.<\/li>\n<li>Mit der Annahme der Verlosung willigt der\/die Gewinner\/in ein, dass Marabu seinen Instagram-Namen zu in (14) genannten Zwecken verwenden darf.<\/li>\n<li>Teilnahmeberechtigt sind Personen, die das 18. Lebensjahr vollendet und ihren Wohnsitz oder st\u00e4ndigen Aufenthalt in Deutschland haben. Ausgeschlossen sind Mitarbeiter der Marabu GmbH &amp; Co. KG sowie verbundener Unternehmen und Angeh\u00f6rige solcher Mitarbeiter und deren Verwandte. Die Teilnahme mit gef\u00e4lschten Identit\u00e4ten oder mit Identit\u00e4ten von Dritten ist nicht erlaubt. Der Versand der Gewinne erfolgt ausschlie\u00dflich innerhalb Deutschlands.<\/li>\n<li>Nach Ende der Verlosung werden die Gewinner unter allen teilnahmeberechtigten Teilnehmern per Zufallsprinzip ermittelt.<\/li>\n<li>Die Gewinner werden \u00fcber eine Instagram-Direktnachricht \u00fcber ihren Gewinn informiert. Jede\/r Gewinner\/in muss sich innerhalb von 10 Werktagen mit seinen Adressdaten zur\u00fcckmelden. Meldet sich ein\/e Gewinner\/in nicht innerhalb dieser Frist verf\u00e4llt der Gewinn.<\/li>\n<li>Je Teilnehmer ist nur ein Gewinn m\u00f6glich.<\/li>\n<li>Ein Umtausch, eine Auszahlung oder \u00dcbertragung des Gewinns ist nicht m\u00f6glich.<\/li>\n<li>Sofern Umst\u00e4nde eintreten, die die Marabu GmbH &amp; Co. KG nicht zu vertreten hat, akzeptiert der jeweilige Gewinner einen angemessenen Ersatzgewinn.<\/li>\n<li>DATENSCHUTZHINWEIS<br \/>\nKontaktdaten unserer Datenschutzbeauftragten:<br \/>\nPer E-Mail: Datenschutz@marabu.com<br \/>\nPer Post: Datenschutzbeauftragte, Marabu GmbH &amp; Co. KG, Asperger Stra\u00dfe 4, 71732 Tamm<br \/>\n1. Zwecke und Rechtsgrundlage der Datenverarbeitung<br \/>\n22.1.1 Durchf\u00fchrung und Abwicklung der Verlosung: Verlosung von einem \u00dcberraschungspaket unter allen Teilnehmern der #acrylchallenge der Marabu GmbH &amp; Co. KG (Art. 6 Abs. 1 b) DS-GVO)<br \/>\nF\u00fcr diese Verlosung verwenden wir die von Dir an uns \u00fcbermittelten Daten zur Durchf\u00fchrung und Abwicklung der Verlosung sowie f\u00fcr damit zusammenh\u00e4ngende Vertragsverh\u00e4ltnisse. Daf\u00fcr ben\u00f6tigen wir folgende Daten:<br \/>\n\u2022 Instagram-Name<br \/>\n\u2022 Ggf. hochgeladene Bilder \/ Videos<br \/>\n\u2022 Im Gewinnfall Name und postalische Anschrift<br \/>\n22.1.2 Erf\u00fcllung einer rechtlichen Verpflichtung (Art. 6 Abs. 1 c) DS-GVO)<br \/>\nMARABU unterliegt verschiedenen rechtlichen Vorgaben, aus denen sich eine Verpflichtung zur Verarbeitung personenbezogener Daten ergeben kann: insb. nach Handels-, Gesellschafts-, Wettbewerbs- und Steuergesetzen, Datenschutzgesetzen sowie weiteren allgemeinen gesetzlichen Verpflichtungen.<br \/>\n22.1.3. Einwilligung \/ Berechtigtes Interesse (Art. 6 Abs. 1 a und f) DS-GVO<br \/>\nJeder Teilnehmer erkl\u00e4rt sich mit der Teilnahme damit einverstanden, dass das Bild und\/oder Video von Marabu Creative Colours auf der Instagram-Seite @marabu_creative_colours als Regram, d.h. unter Kennzeichnung des Urhebers und dessen Instagram-Kanals, auf dem Instagram-Profil @marabu_creative_colours oder der Website der Marabu GmbH &amp; Co. KG marabu-creative.com ver\u00f6ffentlicht werden kann. Die Verarbeitung erfolgt auf Grundlage des Art. 1 Abs. 1 a) DSGVO im Fall von Einwilligungen sowie und auf Grundlage des Art. 1 Abs. 1 f) DSGVO. Das berechtigte Interesse von MARABU ist die Pr\u00e4sentation der Gewinner und die Nachberichterstattung zur Aktion und zu den Gewinnen.<br \/>\n22.2. Empf\u00e4nger Deiner personenbezogenen Daten<br \/>\nMitarbeiter unseres Unternehmens haben zur Erf\u00fcllung der oben genannten Zwecke im erforderlichen Umfang Zugriff auf Deine personenbezogenen Daten. Wir geben Deine f\u00fcr die Abwicklung der Aktion notwendigen Daten nur in dem Umfang an Dritte weiter, wenn es zur Vertragserf\u00fcllung erforderlich ist oder wenn wir zur Weitergabe gesetzlich verpflichtet sind. Wir \u00fcbermitteln Deine Daten nicht an Stellen, die au\u00dferhalb der EU bzw. au\u00dferhalb des EWR (sog. Drittstaaten) liegen. Grunds\u00e4tzlich \u00fcbermitteln wir zur Vertragserf\u00fcllung Daten an die Unternehmen, die uns bei der Durchf\u00fchrung der Aktion unterst\u00fctzen, wie z.B. Agentur-, Dienstleistungs- oder Frachtunternehmen.<br \/>\n22.3. Verantwortliche Stelle<br \/>\nDie nach BDSG und DS-GVO f\u00fcr die Datenerhebung und Datenverarbeitung verantwortliche Stelle ist die Marabu GmbH &amp; Co. KG, Asperger Stra\u00dfe 4, 71732 Tamm.<br \/>\n22.4. Deine Rechte<br \/>\nNach \u00a7 34 BDSG und Art. 13 ff. DS-GVO stehen Dir folgende Rechte zu: Auf Wunsch geben wir Dir unentgeltlich Auskunft \u00fcber die zu Deiner Person gespeicherten Daten. Weiterhin steht Dir das Recht zu, von uns jederzeit die Berichtigung, L\u00f6schung und Sperrung Deiner personenbezogenen Daten zu verlangen. Eine vollst\u00e4ndige L\u00f6schung Deiner Daten k\u00f6nnen wir jedoch erst vornehmen, wenn der Zweck der Datenerhebung (insbesondere die Abwicklung der Aktion) vollst\u00e4ndig erf\u00fcllt ist und keine weiteren gesetzlichen oder beh\u00f6rdlichen Aufbewahrungsfristen einer L\u00f6schung entgegenstehen. Daten, die einer L\u00f6schung aus genannten Gr\u00fcnden nicht f\u00e4hig sind, werden entsprechend der gesetzlichen Vorgaben f\u00fcr eine anderweitige Zweckverwendung gesperrt. Ferner steht Dir das Beschwerderecht bei der zust\u00e4ndigen Aufsichtsbeh\u00f6rde zu.<br \/>\nWIDERRUFSRECHT: Du hast das Recht, eine bereits erteilte Einwilligung nach Art. 6 Abs. 1 a) DS-GVO jederzeit zu widerrufen. Die Rechtm\u00e4\u00dfigkeit der bis zum Widerruf erfolgten Datenverarbeitung bleibt vom Widerruf unber\u00fchrt. M\u00f6chtest Du Deine Einwilligung widerrufen, wende Dich bitte an die oben angegeben Kontaktdaten der Datenschutzbeauftragten.<br \/>\nWIDERSPRUCHSRECHT: Du bist berechtigt, unter den Voraussetzungen von Art. 21 DSGVO Widerspruch gegen die Verarbeitung Deiner personenbezogenen Daten einzulegen, so dass wir die Verarbeitung Deiner personenbezogenen Daten beenden m\u00fcssen. Das Widerspruchsrecht besteht nur in den in Art. 21 DSGVO vorgesehenen Grenzen. Zudem k\u00f6nnen unsere Interessen einer Beendigung der Verarbeitung entgegenstehen, so dass wir trotz Deines Widerspruchs berechtigt sind, Deine personenbezogenen Daten zu verarbeiten. M\u00f6chtest Du von Deinem Widerspruchsrecht Gebrauch machen, wende Dich bitte an die oben angegeben Kontaktdaten der Datenschutzbeauftragten.<br \/>\n22.5. Datenempf\u00e4nger<br \/>\nWir werden gem. \u00a7 20 BDSG und Art. 19 DS-GVO allen Empf\u00e4ngern, denen Deine personenbezogenen Daten \u00fcbermittelt wurden, jede Berichtigung oder L\u00f6schung der personenbezogenen Daten oder eine Einschr\u00e4nkung der Verarbeitung mitteilen, es sei denn, diese erweist sich als unm\u00f6glich oder ist mit einem unverh\u00e4ltnism\u00e4\u00dfigen Aufwand verbunden.<br \/>\n22.6. L\u00f6schung Deiner Daten<br \/>\nSobald die Aktion abgeschlossen ist, l\u00f6schen wir Deine Daten innerhalb von acht Wochen nach Beendigung der Aktion. Die Beitr\u00e4ge auf Instagram bleiben allerdings bestehen und sind weiterhin \u00f6ffentlich einsehbar. Wurdest Du als Gewinner ermittelt, bestehen steuer- und handelsrechtliche Aufbewahrungsfristen. Diese betragen gem\u00e4\u00df \u00a7 147 Abs. 1 Abgabenordnung (AO) f\u00fcr Buchungsbelege 10 Jahre und gem\u00e4\u00df \u00a7 257 Abs. 1 Handelsgesetzbuch (HGB) f\u00fcr Gesch\u00e4ftsunterlagen 6 Jahre.<br \/>\n22.7. Datenerhebung beim Besuch unserer Website<br \/>\nSoweit Du unsere Websites rein informatorisch nutzt, Du also weder an der Aktion teilnimmst noch Fragen an uns richtest oder uns anderweitig Informationen offenbarst, erheben wir nur die personenbezogenen Daten, die Dein Browser an unsere Server \u00fcbermittelt. Beim Aufruf unserer Websites erheben wir die nachfolgenden Daten, die f\u00fcr uns technisch notwendig sind, um Dir unsere Websites anzeigen zu k\u00f6nnen und Stabilit\u00e4t und Sicherheit zu gew\u00e4hrleisten: pseudonymisierte IP-Adresse des Nutzers, Datum und Uhrzeit der Anfrage, Inhalt der Anforderung (konkrete Seite), Zugriffsstatus\/HTTP-Statuscode, jeweils \u00fcbertragene Datenmenge, Website, von der die Anforderung kommt, Betriebssystem des Nutzers, Sprache und Version der Browsersoftware. Diese Daten werden f\u00fcr die Dauer von maximal sieben Tagen vor\u00fcbergehend in den Logfiles unseres Systems gespeichert. Eine dar\u00fcber hinausgehende Speicherung ist m\u00f6glich, in diesem Fall werden die IP-Adressen jedoch partiell gel\u00f6scht oder verfremdet, sodass eine Zuordnung des aufrufenden Clients nicht mehr m\u00f6glich ist. Eine Speicherung der Logfiles zusammen mit anderen, Dich betreffenden personenbezogenen Daten findet in diesem Zusammenhang nicht statt. Die Rechtsgrundlage f\u00fcr diese Verarbeitungsvorg\u00e4nge ist Art. 6 Abs. 1 lit. f DS-GVO. Da die Erfassung der Daten zur Anzeige der Websites und die Speicherung der Daten in Logfiles f\u00fcr den Betrieb unserer Websites und den Erhalt der IT-Sicherheit zwingend erforderlich ist, hast Du insoweit keine Widerspruchsm\u00f6glichkeit.<br \/>\nWeitere Information zum Datenschutz erh\u00e4ltst Du unter\u00a0<a href=\"https:\/\/www.marabu-creative.com\/de\/datenschutz\/\">https:\/\/www.marabu-creative.com\/de\/datenschutz\/<\/a><\/li>\n<li>Marabu beh\u00e4lt sich das Recht vor, die Verlosung jederzeit, auch ohne Einhaltung von Fristen, ganz oder teilweise vorzeitig zu beenden oder in seinem Verlauf abzu\u00e4ndern, wenn es aus technischen (z.B. Computervirus, Manipulation von oder Fehler in Software\/Hardware) oder rechtlichen Gr\u00fcnden (z.B. Untersagung durch Instagram und\/oder Facebook) nicht m\u00f6glich ist, eine ordnungsgem\u00e4\u00dfe Durchf\u00fchrung der Verlosung zu garantieren.<\/li>\n<li>Den Teilnehmern stehen gesetzliche Auskunfts-, \u00c4nderungs- und Widerrufsrechte zu.<\/li>\n<li>Der Rechtsweg ist ausgeschlossen.<\/li>\n<\/ol>\n","protected":false},"excerpt":{"rendered":"<p>Verlosung von 5 x einem Marabu KiDS Window Color Set &#8222;Bauernhof&#8220; (Laufzeit 26.02. &#8211; 08.03.2026) Diese Teilnahmebedingungen regeln die Bedingungen f\u00fcr eine Teilnahme an der Verlosung sowie gegebenenfalls erforderliche Rechte\u00fcbertragungen. Die Beschreibung und der Ablauf der jeweiligen Verlosung erfolgen im Rahmen der jeweiligen Verlosungsaktion auf dem Instagram-Profil @marabu_creative_colours der Marabu GmbH &amp; Co. KG. Die [&hellip;]<\/p>\n","protected":false},"author":27,"featured_media":169988,"parent":25338,"menu_order":4,"comment_status":"closed","ping_status":"closed","template":"","meta":{"_acf_changed":false,"footnotes":""},"acf":[],"yoast_head":"<!-- This site is optimized with the Yoast SEO plugin v19.14 - https:\/\/yoast.com\/wordpress\/plugins\/seo\/ -->\n<title>Teilnahmebedingung Marabu Gewinnspiel - Marabu Kreativ<\/title>\n<meta name=\"robots\" content=\"index, follow, max-snippet:-1, max-image-preview:large, max-video-preview:-1\" \/>\n<link rel=\"canonical\" href=\"https:\/\/www.marabu-creative.com\/de\/wp-json\/wp\/v2\/pages\/137102\" \/>\n<meta property=\"og:locale\" content=\"de_DE\" \/>\n<meta property=\"og:type\" content=\"article\" \/>\n<meta property=\"og:title\" content=\"Teilnahmebedingung Marabu Gewinnspiel - Marabu Kreativ\" \/>\n<meta property=\"og:description\" content=\"Verlosung von 5 x einem Marabu KiDS Window Color Set &#8222;Bauernhof&#8220; (Laufzeit 26.02. &#8211; 08.03.2026) Diese Teilnahmebedingungen regeln die Bedingungen f\u00fcr eine Teilnahme an der Verlosung sowie gegebenenfalls erforderliche Rechte\u00fcbertragungen. Die Beschreibung und der Ablauf der jeweiligen Verlosung erfolgen im Rahmen der jeweiligen Verlosungsaktion auf dem Instagram-Profil @marabu_creative_colours der Marabu GmbH &amp; Co. KG. Die [&hellip;]\" \/>\n<meta property=\"og:url\" content=\"https:\/\/www.marabu-creative.com\/de\/service\/teilnahmebedingungen-gewinnspiel\/\" \/>\n<meta property=\"og:site_name\" content=\"Marabu Kreativ\" \/>\n<meta property=\"article:publisher\" content=\"https:\/\/www.facebook.com\/marabuchannel\/\" \/>\n<meta property=\"article:modified_time\" content=\"2026-02-25T12:51:20+00:00\" \/>\n<meta property=\"og:image\" content=\"https:\/\/www.marabu-creative.com\/wp-content\/uploads\/2020\/02\/Titelbild-Teilnahmebedingungen-Gewinspiele-1.jpg\" \/>\n\t<meta property=\"og:image:width\" content=\"1810\" \/>\n\t<meta property=\"og:image:height\" content=\"854\" \/>\n\t<meta property=\"og:image:type\" content=\"image\/jpeg\" \/>\n<meta name=\"twitter:card\" content=\"summary_large_image\" \/>\n<meta name=\"twitter:label1\" content=\"Gesch\u00e4tzte Lesezeit\" \/>\n\t<meta name=\"twitter:data1\" content=\"9 Minuten\" \/>\n<script type=\"application\/ld+json\" class=\"yoast-schema-graph\">{\"@context\":\"https:\/\/schema.org\",\"@graph\":[{\"@type\":\"WebPage\",\"@id\":\"https:\/\/www.marabu-creative.com\/de\/service\/teilnahmebedingungen-gewinnspiel\/\",\"url\":\"https:\/\/www.marabu-creative.com\/de\/service\/teilnahmebedingungen-gewinnspiel\/\",\"name\":\"Teilnahmebedingung Marabu Gewinnspiel - Marabu Kreativ\",\"isPartOf\":{\"@id\":\"https:\/\/www.marabu-creative.com\/en\/#website\"},\"datePublished\":\"2018-07-30T09:40:07+00:00\",\"dateModified\":\"2026-02-25T12:51:20+00:00\",\"breadcrumb\":{\"@id\":\"https:\/\/www.marabu-creative.com\/de\/service\/teilnahmebedingungen-gewinnspiel\/#breadcrumb\"},\"inLanguage\":\"de-DE\",\"potentialAction\":[{\"@type\":\"ReadAction\",\"target\":[\"https:\/\/www.marabu-creative.com\/de\/service\/teilnahmebedingungen-gewinnspiel\/\"]}]},{\"@type\":\"BreadcrumbList\",\"@id\":\"https:\/\/www.marabu-creative.com\/de\/service\/teilnahmebedingungen-gewinnspiel\/#breadcrumb\",\"itemListElement\":[{\"@type\":\"ListItem\",\"position\":1,\"name\":\"Startseite\",\"item\":\"https:\/\/www.marabu-creative.com\/de\/\"},{\"@type\":\"ListItem\",\"position\":2,\"name\":\"Service\",\"item\":\"https:\/\/www.marabu-creative.com\/de\/service\/\"},{\"@type\":\"ListItem\",\"position\":3,\"name\":\"Teilnahmebedingung Marabu Gewinnspiel\"}]},{\"@type\":\"WebSite\",\"@id\":\"https:\/\/www.marabu-creative.com\/en\/#website\",\"url\":\"https:\/\/www.marabu-creative.com\/en\/\",\"name\":\"Marabu Kreativ\",\"description\":\"\",\"potentialAction\":[{\"@type\":\"SearchAction\",\"target\":{\"@type\":\"EntryPoint\",\"urlTemplate\":\"https:\/\/www.marabu-creative.com\/en\/?s={search_term_string}\"},\"query-input\":\"required name=search_term_string\"}],\"inLanguage\":\"de-DE\"}]}<\/script>\n<!-- \/ Yoast SEO plugin. -->","yoast_head_json":{"title":"Teilnahmebedingung Marabu Gewinnspiel - Marabu Kreativ","robots":{"index":"index","follow":"follow","max-snippet":"max-snippet:-1","max-image-preview":"max-image-preview:large","max-video-preview":"max-video-preview:-1"},"canonical":"https:\/\/www.marabu-creative.com\/de\/wp-json\/wp\/v2\/pages\/137102","og_locale":"de_DE","og_type":"article","og_title":"Teilnahmebedingung Marabu Gewinnspiel - Marabu Kreativ","og_description":"Verlosung von 5 x einem Marabu KiDS Window Color Set &#8222;Bauernhof&#8220; (Laufzeit 26.02. &#8211; 08.03.2026) Diese Teilnahmebedingungen regeln die Bedingungen f\u00fcr eine Teilnahme an der Verlosung sowie gegebenenfalls erforderliche Rechte\u00fcbertragungen. Die Beschreibung und der Ablauf der jeweiligen Verlosung erfolgen im Rahmen der jeweiligen Verlosungsaktion auf dem Instagram-Profil @marabu_creative_colours der Marabu GmbH &amp; Co. KG. Die [&hellip;]","og_url":"https:\/\/www.marabu-creative.com\/de\/service\/teilnahmebedingungen-gewinnspiel\/","og_site_name":"Marabu Kreativ","article_publisher":"https:\/\/www.facebook.com\/marabuchannel\/","article_modified_time":"2026-02-25T12:51:20+00:00","og_image":[{"width":1810,"height":854,"url":"https:\/\/www.marabu-creative.com\/wp-content\/uploads\/2020\/02\/Titelbild-Teilnahmebedingungen-Gewinspiele-1.jpg","type":"image\/jpeg"}],"twitter_card":"summary_large_image","twitter_misc":{"Gesch\u00e4tzte Lesezeit":"9 Minuten"},"schema":{"@context":"https:\/\/schema.org","@graph":[{"@type":"WebPage","@id":"https:\/\/www.marabu-creative.com\/de\/service\/teilnahmebedingungen-gewinnspiel\/","url":"https:\/\/www.marabu-creative.com\/de\/service\/teilnahmebedingungen-gewinnspiel\/","name":"Teilnahmebedingung Marabu Gewinnspiel - Marabu Kreativ","isPartOf":{"@id":"https:\/\/www.marabu-creative.com\/en\/#website"},"datePublished":"2018-07-30T09:40:07+00:00","dateModified":"2026-02-25T12:51:20+00:00","breadcrumb":{"@id":"https:\/\/www.marabu-creative.com\/de\/service\/teilnahmebedingungen-gewinnspiel\/#breadcrumb"},"inLanguage":"de-DE","potentialAction":[{"@type":"ReadAction","target":["https:\/\/www.marabu-creative.com\/de\/service\/teilnahmebedingungen-gewinnspiel\/"]}]},{"@type":"BreadcrumbList","@id":"https:\/\/www.marabu-creative.com\/de\/service\/teilnahmebedingungen-gewinnspiel\/#breadcrumb","itemListElement":[{"@type":"ListItem","position":1,"name":"Startseite","item":"https:\/\/www.marabu-creative.com\/de\/"},{"@type":"ListItem","position":2,"name":"Service","item":"https:\/\/www.marabu-creative.com\/de\/service\/"},{"@type":"ListItem","position":3,"name":"Teilnahmebedingung Marabu Gewinnspiel"}]},{"@type":"WebSite","@id":"https:\/\/www.marabu-creative.com\/en\/#website","url":"https:\/\/www.marabu-creative.com\/en\/","name":"Marabu Kreativ","description":"","potentialAction":[{"@type":"SearchAction","target":{"@type":"EntryPoint","urlTemplate":"https:\/\/www.marabu-creative.com\/en\/?s={search_term_string}"},"query-input":"required name=search_term_string"}],"inLanguage":"de-DE"}]}},"_links":{"self":[{"href":"https:\/\/www.marabu-creative.com\/de\/wp-json\/wp\/v2\/pages\/137102"}],"collection":[{"href":"https:\/\/www.marabu-creative.com\/de\/wp-json\/wp\/v2\/pages"}],"about":[{"href":"https:\/\/www.marabu-creative.com\/de\/wp-json\/wp\/v2\/types\/page"}],"author":[{"embeddable":true,"href":"https:\/\/www.marabu-creative.com\/de\/wp-json\/wp\/v2\/users\/27"}],"replies":[{"embeddable":true,"href":"https:\/\/www.marabu-creative.com\/de\/wp-json\/wp\/v2\/comments?post=137102"}],"version-history":[{"count":0,"href":"https:\/\/www.marabu-creative.com\/de\/wp-json\/wp\/v2\/pages\/137102\/revisions"}],"up":[{"embeddable":true,"href":"https:\/\/www.marabu-creative.com\/de\/wp-json\/wp\/v2\/pages\/25338"}],"wp:featuredmedia":[{"embeddable":true,"href":"https:\/\/www.marabu-creative.com\/de\/wp-json\/wp\/v2\/media\/169988"}],"wp:attachment":[{"href":"https:\/\/www.marabu-creative.com\/de\/wp-json\/wp\/v2\/media?parent=137102"}],"curies":[{"name":"wp","href":"https:\/\/api.w.org\/{rel}","templated":true}]}}