{"id":25245,"date":"2017-06-29T11:23:51","date_gmt":"2017-06-29T09:23:51","guid":{"rendered":"https:\/\/www.marabu-creative.com\/?page_id=25245\/"},"modified":"2020-11-23T10:59:20","modified_gmt":"2020-11-23T09:59:20","slug":"kreativitaet","status":"publish","type":"page","link":"https:\/\/www.marabu-creative.com\/de\/unternehmen\/kreativitaet\/","title":{"rendered":"CREATE. CARE. ENJOY."},"content":{"rendered":"<div class=\"page\" title=\"Page 7\">\n<div class=\"section\">\n<div class=\"layoutArea\">\n<div class=\"page\" title=\"Page 7\">\n<div class=\"section\">\n<div class=\"layoutArea\">\n<div class=\"column\">\n<h3><img loading=\"lazy\" decoding=\"async\" class=\"aligncenter wp-image-25263 size-full\" src=\"https:\/\/www.marabu-creative.com\/wp-content\/uploads\/2017\/06\/zitatbild2.png\" alt=\"\" width=\"682\" height=\"357\" srcset=\"https:\/\/www.marabu-creative.com\/wp-content\/uploads\/2017\/06\/zitatbild2.png 682w, https:\/\/www.marabu-creative.com\/wp-content\/uploads\/2017\/06\/zitatbild2-300x157.png 300w\" sizes=\"(max-width: 682px) 100vw, 682px\" \/><\/h3>\n<h3 style=\"text-align: center;\">\u00a0\u201eWir wollen Menschen inspirieren, Einzigartiges zu schaffen. <br \/>\nMit Ideen, Leidenschaft und Sinn f\u00fcr die sch\u00f6nen Details.\u201c<\/h3>\n<\/div>\n<\/div>\n<\/div>\n<\/div>\n<div class=\"column\">\n<p style=\"text-align: center;\">York Boeder, CEO Executive Commitee<\/p>\n<p>&nbsp;<\/p>\n<h2>CREATE. CARE. ENJOY.<\/h2>\n<p>Create! Marabu \u00fcbertrifft h\u00f6chste Qualit\u00e4tsanspr\u00fcche mit seinen einzigartigen Farben und kreativen Produkten. Care! In der Marabu Gruppe sorgen qualifizierte Mitarbeiter mit nachhaltiger Verantwortung f\u00fcr ein j\u00e4hrliches Produktionsvolumen von \u00fcber 4.000 Tonnen.<\/p>\n<p>Enjoy! Die Marabu Gruppe begeistert Kunden weltweit mit einem Sortiment von mehr als 20.000 Artikeln und<br \/>\nrealisiert einen Jahresumsatz von mehr als 100 Mio. EUR.<\/p>\n<\/div>\n<\/div>\n<\/div>\n<\/div>\n<div class=\"page\" title=\"Page 7\">\n<div class=\"section\">\n<div class=\"layoutArea\">\n<div class=\"column\">\n<p>Seit \u00fcber 160 Jahren ist Marabu zuverl\u00e4ssiger Wegbereiter und Wegbegleiter in den Bereichen Siebdruck, Tampondruck, Fl\u00fcssigbeschichtungen, Digitaldruck und Kreativfarben.<\/p>\n<p>&nbsp;<\/p>\n<p><img loading=\"lazy\" decoding=\"async\" class=\"aligncenter wp-image-118681 size-large\" src=\"https:\/\/www.marabu-creative.com\/wp-content\/uploads\/2018\/04\/marabu_zubehoer_category-1-1024x533.png\" alt=\"\" width=\"1024\" height=\"533\" srcset=\"https:\/\/www.marabu-creative.com\/wp-content\/uploads\/2018\/04\/marabu_zubehoer_category-1-1024x533.png 1024w, https:\/\/www.marabu-creative.com\/wp-content\/uploads\/2018\/04\/marabu_zubehoer_category-1-300x156.png 300w, https:\/\/www.marabu-creative.com\/wp-content\/uploads\/2018\/04\/marabu_zubehoer_category-1-768x400.png 768w\" sizes=\"(max-width: 1024px) 100vw, 1024px\" \/><\/p>\n<h2>Unternehmenshistorie\u00a0<\/h2>\n<p><strong><span style=\"color: #ff0000;\">1859<\/span><br \/>\n<\/strong>Albert Martz er\u00f6ffnet sein\u00a0Farb- und Materialwaren-Gesch\u00e4ft in Stuttgart.\u00a0<\/p>\n<p>&nbsp;<\/p>\n<p><strong><span style=\"color: #ff0000;\">1870<\/span><br \/>\n<\/strong>Martz beginnt mit der Fabrikation von Aquarellfarben. Die ersten geometrischen Instrumente bilden den Grundstein f\u00fcr die Zeichentechnik.<strong><br \/>\n<\/strong><\/p>\n<p>&nbsp;<\/p>\n<p><span style=\"color: #ff0000;\"><strong>1909<\/strong><\/span><br \/>\nAus Martz wird Marabu. Das Warenzeichen Marabu wird beim kaiserlichen Patentamt eingetragen.<\/p>\n<p>&nbsp;<\/p>\n<\/div>\n<\/div>\n<p><span style=\"color: #ff0000;\"><strong>1939<\/strong><\/span><br \/>\nMarabu produziert den ersten Deckfarbkasten. Damit begr\u00fcndet Marabu den Einstieg in ein p\u00e4dagogisches Schulsortiment.<\/p>\n<p>&nbsp;<\/p>\n<p><span style=\"color: #ff0000;\"><strong>1952<\/strong><\/span><br \/>\nMarabu pr\u00e4sentiert die erste eigene Siebdruckfarbe Marapid, die im eigenen Labor entwickelt wurde.<\/p>\n<p>&nbsp;<\/p>\n<p><span style=\"color: #ff0000;\"><strong>1959<\/strong><\/span><br \/>\nIm 100sten Unternehmensjahr bringt Marabu den elastischen Montagekleber Fixogum auf den Markt \u2013 eine Innovation, die sich zu einem echten Verkaufsklassiker entwickelt.<\/p>\n<p>&nbsp;<\/p>\n<p><span style=\"color: #ff0000;\"><strong>1971<\/strong><\/span><br \/>\nMarabu steigt in das Segment Hobby und Freizeit ein, das langfristig hohe Bedeutung f\u00fcr das Unternehmen gewinnen wird.<\/p>\n<p>&nbsp;<\/p>\n<p><span style=\"color: #ff0000;\"><strong>1995<\/strong><\/span><br \/>\nMarabu ist seit 1995 nach ISO 9001 und seit 2003 nach ISO 14001 zertifiziert. Zur Responsible-Care\u00ae Initiative bekennt Marabu sich seit 1998. 2011 erh\u00e4lt Marabu den SGIA Nachhaltigkeitspreis.<\/p>\n<p>&nbsp;<\/p>\n<p><span style=\"color: #ff0000;\"><strong>1999<\/strong><\/span><br \/>\nBoomjahre f\u00fcr Fenstermalfarbe: Marabu fun &amp; fancy Window Colour dominiert mehrere Jahre den Markt.<\/p>\n<p>&nbsp;<\/p>\n<p><span style=\"color: #ff0000;\"><strong>2004<\/strong><\/span><br \/>\nIn Bietigheim-Bissingen wird das neue Kreativfarbenwerk er\u00f6ffnet. Das Werk ist nach neuesten \u00f6kologischen, technischen und mitarbeiterfreundlichen Standards konzipiert.<\/p>\n<p>&nbsp;<\/p>\n<p><span style=\"color: #ff0000;\"><strong>2009<\/strong><\/span><br \/>\nMarabu feiert sein 150-j\u00e4hriges Firmenjubil\u00e4um.\u00a0<\/p>\n<p>&nbsp;<\/p>\n<p><span style=\"color: #ff0000;\"><strong>2015<\/strong><\/span><br \/>\nFashion-Spray ist das erfolgreichste Produkt seit Window Colour.<\/p>\n<p>&nbsp;<\/p>\n<p><span style=\"color: #ff0000;\"><strong>2016<\/strong><\/span><br \/>\nMarabu Kreativfarben startet in den USA.<\/p>\n<p>&nbsp;<\/p>\n<\/div>\n<\/div>\n<p><span style=\"color: #ff0000;\"><strong>2019<\/strong><\/span><br \/>\nMarabu launcht erstmalig eine Siebdruckfarbe f\u00fcr den kreativen Endverbraucher.<\/p>\n","protected":false},"excerpt":{"rendered":"<p>\u00a0\u201eWir wollen Menschen inspirieren, Einzigartiges zu schaffen. Mit Ideen, Leidenschaft und Sinn f\u00fcr die sch\u00f6nen Details.\u201c York Boeder, CEO Executive Commitee &nbsp; CREATE. CARE. ENJOY. Create! Marabu \u00fcbertrifft h\u00f6chste Qualit\u00e4tsanspr\u00fcche mit seinen einzigartigen Farben und kreativen Produkten. Care! In der Marabu Gruppe sorgen qualifizierte Mitarbeiter mit nachhaltiger Verantwortung f\u00fcr ein j\u00e4hrliches Produktionsvolumen von \u00fcber 4.000 [&hellip;]<\/p>\n","protected":false},"author":27,"featured_media":78532,"parent":25241,"menu_order":1,"comment_status":"closed","ping_status":"closed","template":"","meta":{"_acf_changed":false,"footnotes":""},"acf":[],"yoast_head":"<!-- This site is optimized with the Yoast SEO plugin v19.14 - https:\/\/yoast.com\/wordpress\/plugins\/seo\/ -->\n<title>CREATE. CARE. ENJOY. - Marabu Kreativ<\/title>\n<meta name=\"robots\" content=\"index, follow, max-snippet:-1, max-image-preview:large, max-video-preview:-1\" \/>\n<link rel=\"canonical\" href=\"https:\/\/www.marabu-creative.com\/de\/wp-json\/wp\/v2\/pages\/25245\" \/>\n<meta property=\"og:locale\" content=\"de_DE\" \/>\n<meta property=\"og:type\" content=\"article\" \/>\n<meta property=\"og:title\" content=\"CREATE. CARE. ENJOY. - Marabu Kreativ\" \/>\n<meta property=\"og:description\" content=\"\u00a0\u201eWir wollen Menschen inspirieren, Einzigartiges zu schaffen. Mit Ideen, Leidenschaft und Sinn f\u00fcr die sch\u00f6nen Details.\u201c York Boeder, CEO Executive Commitee &nbsp; CREATE. CARE. ENJOY. Create! Marabu \u00fcbertrifft h\u00f6chste Qualit\u00e4tsanspr\u00fcche mit seinen einzigartigen Farben und kreativen Produkten. Care! In der Marabu Gruppe sorgen qualifizierte Mitarbeiter mit nachhaltiger Verantwortung f\u00fcr ein j\u00e4hrliches Produktionsvolumen von \u00fcber 4.000 [&hellip;]\" \/>\n<meta property=\"og:url\" content=\"https:\/\/www.marabu-creative.com\/de\/unternehmen\/kreativitaet\/\" \/>\n<meta property=\"og:site_name\" content=\"Marabu Kreativ\" \/>\n<meta property=\"article:publisher\" content=\"https:\/\/www.facebook.com\/marabuchannel\/\" \/>\n<meta property=\"article:modified_time\" content=\"2020-11-23T09:59:20+00:00\" \/>\n<meta property=\"og:image\" content=\"https:\/\/www.marabu-creative.com\/wp-content\/uploads\/2018\/02\/Marabu_Unternehmen_Kreativitaet-1.png\" \/>\n\t<meta property=\"og:image:width\" content=\"1226\" \/>\n\t<meta property=\"og:image:height\" content=\"535\" \/>\n\t<meta property=\"og:image:type\" content=\"image\/png\" \/>\n<meta name=\"twitter:card\" content=\"summary_large_image\" \/>\n<meta name=\"twitter:label1\" content=\"Gesch\u00e4tzte Lesezeit\" \/>\n\t<meta name=\"twitter:data1\" content=\"2 Minuten\" \/>\n<script type=\"application\/ld+json\" class=\"yoast-schema-graph\">{\"@context\":\"https:\/\/schema.org\",\"@graph\":[{\"@type\":\"WebPage\",\"@id\":\"https:\/\/www.marabu-creative.com\/de\/unternehmen\/kreativitaet\/\",\"url\":\"https:\/\/www.marabu-creative.com\/de\/unternehmen\/kreativitaet\/\",\"name\":\"CREATE. CARE. ENJOY. - Marabu Kreativ\",\"isPartOf\":{\"@id\":\"https:\/\/www.marabu-creative.com\/en\/#website\"},\"datePublished\":\"2017-06-29T09:23:51+00:00\",\"dateModified\":\"2020-11-23T09:59:20+00:00\",\"breadcrumb\":{\"@id\":\"https:\/\/www.marabu-creative.com\/de\/unternehmen\/kreativitaet\/#breadcrumb\"},\"inLanguage\":\"de-DE\",\"potentialAction\":[{\"@type\":\"ReadAction\",\"target\":[\"https:\/\/www.marabu-creative.com\/de\/unternehmen\/kreativitaet\/\"]}]},{\"@type\":\"BreadcrumbList\",\"@id\":\"https:\/\/www.marabu-creative.com\/de\/unternehmen\/kreativitaet\/#breadcrumb\",\"itemListElement\":[{\"@type\":\"ListItem\",\"position\":1,\"name\":\"Startseite\",\"item\":\"https:\/\/www.marabu-creative.com\/de\/\"},{\"@type\":\"ListItem\",\"position\":2,\"name\":\"Unternehmen\",\"item\":\"https:\/\/www.marabu-creative.com\/de\/unternehmen\/\"},{\"@type\":\"ListItem\",\"position\":3,\"name\":\"CREATE. CARE. ENJOY.\"}]},{\"@type\":\"WebSite\",\"@id\":\"https:\/\/www.marabu-creative.com\/en\/#website\",\"url\":\"https:\/\/www.marabu-creative.com\/en\/\",\"name\":\"Marabu Kreativ\",\"description\":\"\",\"potentialAction\":[{\"@type\":\"SearchAction\",\"target\":{\"@type\":\"EntryPoint\",\"urlTemplate\":\"https:\/\/www.marabu-creative.com\/en\/?s={search_term_string}\"},\"query-input\":\"required name=search_term_string\"}],\"inLanguage\":\"de-DE\"}]}<\/script>\n<!-- \/ Yoast SEO plugin. -->","yoast_head_json":{"title":"CREATE. CARE. ENJOY. - Marabu Kreativ","robots":{"index":"index","follow":"follow","max-snippet":"max-snippet:-1","max-image-preview":"max-image-preview:large","max-video-preview":"max-video-preview:-1"},"canonical":"https:\/\/www.marabu-creative.com\/de\/wp-json\/wp\/v2\/pages\/25245","og_locale":"de_DE","og_type":"article","og_title":"CREATE. CARE. ENJOY. - Marabu Kreativ","og_description":"\u00a0\u201eWir wollen Menschen inspirieren, Einzigartiges zu schaffen. Mit Ideen, Leidenschaft und Sinn f\u00fcr die sch\u00f6nen Details.\u201c York Boeder, CEO Executive Commitee &nbsp; CREATE. CARE. ENJOY. Create! Marabu \u00fcbertrifft h\u00f6chste Qualit\u00e4tsanspr\u00fcche mit seinen einzigartigen Farben und kreativen Produkten. Care! In der Marabu Gruppe sorgen qualifizierte Mitarbeiter mit nachhaltiger Verantwortung f\u00fcr ein j\u00e4hrliches Produktionsvolumen von \u00fcber 4.000 [&hellip;]","og_url":"https:\/\/www.marabu-creative.com\/de\/unternehmen\/kreativitaet\/","og_site_name":"Marabu Kreativ","article_publisher":"https:\/\/www.facebook.com\/marabuchannel\/","article_modified_time":"2020-11-23T09:59:20+00:00","og_image":[{"width":1226,"height":535,"url":"https:\/\/www.marabu-creative.com\/wp-content\/uploads\/2018\/02\/Marabu_Unternehmen_Kreativitaet-1.png","type":"image\/png"}],"twitter_card":"summary_large_image","twitter_misc":{"Gesch\u00e4tzte Lesezeit":"2 Minuten"},"schema":{"@context":"https:\/\/schema.org","@graph":[{"@type":"WebPage","@id":"https:\/\/www.marabu-creative.com\/de\/unternehmen\/kreativitaet\/","url":"https:\/\/www.marabu-creative.com\/de\/unternehmen\/kreativitaet\/","name":"CREATE. CARE. ENJOY. - Marabu Kreativ","isPartOf":{"@id":"https:\/\/www.marabu-creative.com\/en\/#website"},"datePublished":"2017-06-29T09:23:51+00:00","dateModified":"2020-11-23T09:59:20+00:00","breadcrumb":{"@id":"https:\/\/www.marabu-creative.com\/de\/unternehmen\/kreativitaet\/#breadcrumb"},"inLanguage":"de-DE","potentialAction":[{"@type":"ReadAction","target":["https:\/\/www.marabu-creative.com\/de\/unternehmen\/kreativitaet\/"]}]},{"@type":"BreadcrumbList","@id":"https:\/\/www.marabu-creative.com\/de\/unternehmen\/kreativitaet\/#breadcrumb","itemListElement":[{"@type":"ListItem","position":1,"name":"Startseite","item":"https:\/\/www.marabu-creative.com\/de\/"},{"@type":"ListItem","position":2,"name":"Unternehmen","item":"https:\/\/www.marabu-creative.com\/de\/unternehmen\/"},{"@type":"ListItem","position":3,"name":"CREATE. CARE. ENJOY."}]},{"@type":"WebSite","@id":"https:\/\/www.marabu-creative.com\/en\/#website","url":"https:\/\/www.marabu-creative.com\/en\/","name":"Marabu Kreativ","description":"","potentialAction":[{"@type":"SearchAction","target":{"@type":"EntryPoint","urlTemplate":"https:\/\/www.marabu-creative.com\/en\/?s={search_term_string}"},"query-input":"required name=search_term_string"}],"inLanguage":"de-DE"}]}},"_links":{"self":[{"href":"https:\/\/www.marabu-creative.com\/de\/wp-json\/wp\/v2\/pages\/25245"}],"collection":[{"href":"https:\/\/www.marabu-creative.com\/de\/wp-json\/wp\/v2\/pages"}],"about":[{"href":"https:\/\/www.marabu-creative.com\/de\/wp-json\/wp\/v2\/types\/page"}],"author":[{"embeddable":true,"href":"https:\/\/www.marabu-creative.com\/de\/wp-json\/wp\/v2\/users\/27"}],"replies":[{"embeddable":true,"href":"https:\/\/www.marabu-creative.com\/de\/wp-json\/wp\/v2\/comments?post=25245"}],"version-history":[{"count":0,"href":"https:\/\/www.marabu-creative.com\/de\/wp-json\/wp\/v2\/pages\/25245\/revisions"}],"up":[{"embeddable":true,"href":"https:\/\/www.marabu-creative.com\/de\/wp-json\/wp\/v2\/pages\/25241"}],"wp:featuredmedia":[{"embeddable":true,"href":"https:\/\/www.marabu-creative.com\/de\/wp-json\/wp\/v2\/media\/78532"}],"wp:attachment":[{"href":"https:\/\/www.marabu-creative.com\/de\/wp-json\/wp\/v2\/media?parent=25245"}],"curies":[{"name":"wp","href":"https:\/\/api.w.org\/{rel}","templated":true}]}}