{"id":25286,"date":"2017-06-29T12:09:12","date_gmt":"2017-06-29T10:09:12","guid":{"rendered":"https:\/\/www.marabu-creative.com\/?page_id=25286\/"},"modified":"2018-04-18T15:16:04","modified_gmt":"2018-04-18T13:16:04","slug":"kreativfarben","status":"publish","type":"page","link":"https:\/\/www.marabu-creative.com\/de\/unternehmen\/kreativfarben\/","title":{"rendered":"WIR GEBEN KREATIVIT\u00c4T FARBE"},"content":{"rendered":"<p>&nbsp;<\/p>\n<p><img loading=\"lazy\" decoding=\"async\" class=\"aligncenter size-full wp-image-25290\" src=\"https:\/\/www.marabu-creative.com\/wp-content\/uploads\/2017\/06\/zitatbild-kreativfarben.png\" alt=\"\" width=\"683\" height=\"357\" srcset=\"https:\/\/www.marabu-creative.com\/wp-content\/uploads\/2017\/06\/zitatbild-kreativfarben.png 683w, https:\/\/www.marabu-creative.com\/wp-content\/uploads\/2017\/06\/zitatbild-kreativfarben-300x157.png 300w\" sizes=\"(max-width: 683px) 100vw, 683px\" \/><\/p>\n<div class=\"page\" title=\"Page 9\">\n<div class=\"section\">\n<div class=\"layoutArea\">\n<div class=\"column\">\n<h3 style=\"text-align: center;\">\u201eWir sind ein starker und verl\u00e4sslicher Partner f\u00fcr unsere Kunden. <br \/>\n Weltweit entwickeln wir f\u00fcr und mit unseren Kunden einzigartige <br \/>\n Produktl\u00f6sungen und erstklassige Vermarktungskonzepte.\u201c<\/h3>\n<div class=\"page\" title=\"Page 9\">\n<div class=\"section\">\n<div class=\"layoutArea\">\n<div class=\"column\">\n<p style=\"text-align: center;\">Hendrik Matischak, Executive Vice President Business Unit Creative Colours<\/p>\n<h2 style=\"text-align: left;\">Marabu Kreativfarben\u00a0<\/h2>\n<div class=\"page\" title=\"Page 9\">\n<div class=\"section\">\n<div class=\"layoutArea\">\n<div class=\"column\">\n<p>Marabu ist am Puls der Zeit. Topaktuelle Produkte, trendige Farben und ein vielf\u00e4ltiges Sortiment erf\u00fcllen die W\u00fcnsche von Kreativen und K\u00fcnstlern. Von Marabu Artist Acryl \u00fcber Fashion-Spray bis hin zu Chalky-Chic begeistert Marabu seine Kunden mit ausgezeichneten Markenprodukten.<\/p>\n<p>In allen relevanten Vertriebskan\u00e4len f\u00fchrt Marabu seine Partner mit ma\u00dfgeschneiderten Marketingkonzepten f\u00fcr unterschiedliche Zielgruppen zum Erfolg. Ob Fachhandel, DIY oder E-Commerce: Kunden und Konsumenten vertrauen der Marke Marabu. Herausragende Markenkommunikation in Media und Point-of-Sale entfachen Faszination und Freude an Marabu Produkten. Schulungen und Workshops f\u00fcr Handel und Endkonsumenten informieren \u00fcber die gepr\u00fcfte Qualit\u00e4t der Produkte und inspirieren zu kreativen Ideen.\u00a0<\/p>\n<h3>\u00a0<\/h3>\n<h3>DARUM MARABU\u00a0<\/h3>\n<ul>\n<li>PREMIUM QUALIT\u00c4T MADE IN GERMANY<\/li>\n<li>ENTWICKLUNG IM EIGENEN LABOR<\/li>\n<li>KONSEQUENTES QUALIT\u00c4TSMANAGEMENT\u00a0<\/li>\n<li>STRENGSTE QUALIT\u00c4TSKONTROLLEN<\/li>\n<li>WELTWEITE MARKENBEKANNTHEIT\u00a0<\/li>\n<li>STARKES MARKETING ON- UND OFFLINE\u00a0<\/li>\n<li>UMFASSENDE VERKAUFSUNTERST\u00dcTZUNG<\/li>\n<\/ul>\n<p><img loading=\"lazy\" decoding=\"async\" class=\"aligncenter wp-image-25176 size-large\" src=\"https:\/\/www.marabu-creative.com\/wp-content\/uploads\/2017\/06\/WerkBietigheim-2-1024x699.jpg\" alt=\"\" width=\"1024\" height=\"699\" srcset=\"https:\/\/www.marabu-creative.com\/wp-content\/uploads\/2017\/06\/WerkBietigheim-2-1024x699.jpg 1024w, https:\/\/www.marabu-creative.com\/wp-content\/uploads\/2017\/06\/WerkBietigheim-2-300x205.jpg 300w, https:\/\/www.marabu-creative.com\/wp-content\/uploads\/2017\/06\/WerkBietigheim-2-768x524.jpg 768w\" sizes=\"(max-width: 1024px) 100vw, 1024px\" \/><\/p>\n<p><img loading=\"lazy\" decoding=\"async\" class=\"aligncenter wp-image-25191 size-large\" src=\"https:\/\/www.marabu-creative.com\/wp-content\/uploads\/2017\/06\/20160906_Marabu_Kapiteltrenner_Hobby_quer_RZ-1024x724.jpg\" alt=\"\" width=\"1024\" height=\"724\" srcset=\"https:\/\/www.marabu-creative.com\/wp-content\/uploads\/2017\/06\/20160906_Marabu_Kapiteltrenner_Hobby_quer_RZ-1024x724.jpg 1024w, https:\/\/www.marabu-creative.com\/wp-content\/uploads\/2017\/06\/20160906_Marabu_Kapiteltrenner_Hobby_quer_RZ-300x212.jpg 300w, https:\/\/www.marabu-creative.com\/wp-content\/uploads\/2017\/06\/20160906_Marabu_Kapiteltrenner_Hobby_quer_RZ-768x543.jpg 768w\" sizes=\"(max-width: 1024px) 100vw, 1024px\" \/><\/p>\n<\/div>\n<\/div>\n<\/div>\n<\/div>\n<\/div>\n<\/div>\n<\/div>\n<\/div>\n<\/div>\n<\/div>\n<\/div>\n<\/div>\n","protected":false},"excerpt":{"rendered":"<p>&nbsp; \u201eWir sind ein starker und verl\u00e4sslicher Partner f\u00fcr unsere Kunden. Weltweit entwickeln wir f\u00fcr und mit unseren Kunden einzigartige Produktl\u00f6sungen und erstklassige Vermarktungskonzepte.\u201c Hendrik Matischak, Executive Vice President Business Unit Creative Colours Marabu Kreativfarben\u00a0 Marabu ist am Puls der Zeit. Topaktuelle Produkte, trendige Farben und ein vielf\u00e4ltiges Sortiment erf\u00fcllen die W\u00fcnsche von Kreativen und [&hellip;]<\/p>\n","protected":false},"author":27,"featured_media":27301,"parent":25241,"menu_order":5,"comment_status":"closed","ping_status":"closed","template":"","meta":{"_acf_changed":false,"footnotes":""},"acf":[],"yoast_head":"<!-- This site is optimized with the Yoast SEO plugin v19.14 - https:\/\/yoast.com\/wordpress\/plugins\/seo\/ -->\n<title>WIR GEBEN KREATIVIT\u00c4T FARBE - Marabu Kreativ<\/title>\n<meta name=\"robots\" content=\"index, follow, max-snippet:-1, max-image-preview:large, max-video-preview:-1\" \/>\n<link rel=\"canonical\" href=\"https:\/\/www.marabu-creative.com\/de\/wp-json\/wp\/v2\/pages\/25286\" \/>\n<meta property=\"og:locale\" content=\"de_DE\" \/>\n<meta property=\"og:type\" content=\"article\" \/>\n<meta property=\"og:title\" content=\"WIR GEBEN KREATIVIT\u00c4T FARBE - Marabu Kreativ\" \/>\n<meta property=\"og:description\" content=\"&nbsp; \u201eWir sind ein starker und verl\u00e4sslicher Partner f\u00fcr unsere Kunden. Weltweit entwickeln wir f\u00fcr und mit unseren Kunden einzigartige Produktl\u00f6sungen und erstklassige Vermarktungskonzepte.\u201c Hendrik Matischak, Executive Vice President Business Unit Creative Colours Marabu Kreativfarben\u00a0 Marabu ist am Puls der Zeit. Topaktuelle Produkte, trendige Farben und ein vielf\u00e4ltiges Sortiment erf\u00fcllen die W\u00fcnsche von Kreativen und [&hellip;]\" \/>\n<meta property=\"og:url\" content=\"https:\/\/www.marabu-creative.com\/de\/unternehmen\/kreativfarben\/\" \/>\n<meta property=\"og:site_name\" content=\"Marabu Kreativ\" \/>\n<meta property=\"article:publisher\" content=\"https:\/\/www.facebook.com\/marabuchannel\/\" \/>\n<meta property=\"article:modified_time\" content=\"2018-04-18T13:16:04+00:00\" \/>\n<meta property=\"og:image\" content=\"https:\/\/www.marabu-creative.com\/wp-content\/uploads\/2017\/06\/unternehmen-geben.jpg\" \/>\n\t<meta property=\"og:image:width\" content=\"2560\" \/>\n\t<meta property=\"og:image:height\" content=\"1440\" \/>\n\t<meta property=\"og:image:type\" content=\"image\/jpeg\" \/>\n<meta name=\"twitter:card\" content=\"summary_large_image\" \/>\n<meta name=\"twitter:label1\" content=\"Gesch\u00e4tzte Lesezeit\" \/>\n\t<meta name=\"twitter:data1\" content=\"1 Minute\" \/>\n<script type=\"application\/ld+json\" class=\"yoast-schema-graph\">{\"@context\":\"https:\/\/schema.org\",\"@graph\":[{\"@type\":\"WebPage\",\"@id\":\"https:\/\/www.marabu-creative.com\/de\/unternehmen\/kreativfarben\/\",\"url\":\"https:\/\/www.marabu-creative.com\/de\/unternehmen\/kreativfarben\/\",\"name\":\"WIR GEBEN KREATIVIT\u00c4T FARBE - Marabu Kreativ\",\"isPartOf\":{\"@id\":\"https:\/\/www.marabu-creative.com\/en\/#website\"},\"datePublished\":\"2017-06-29T10:09:12+00:00\",\"dateModified\":\"2018-04-18T13:16:04+00:00\",\"breadcrumb\":{\"@id\":\"https:\/\/www.marabu-creative.com\/de\/unternehmen\/kreativfarben\/#breadcrumb\"},\"inLanguage\":\"de-DE\",\"potentialAction\":[{\"@type\":\"ReadAction\",\"target\":[\"https:\/\/www.marabu-creative.com\/de\/unternehmen\/kreativfarben\/\"]}]},{\"@type\":\"BreadcrumbList\",\"@id\":\"https:\/\/www.marabu-creative.com\/de\/unternehmen\/kreativfarben\/#breadcrumb\",\"itemListElement\":[{\"@type\":\"ListItem\",\"position\":1,\"name\":\"Startseite\",\"item\":\"https:\/\/www.marabu-creative.com\/de\/\"},{\"@type\":\"ListItem\",\"position\":2,\"name\":\"Unternehmen\",\"item\":\"https:\/\/www.marabu-creative.com\/de\/unternehmen\/\"},{\"@type\":\"ListItem\",\"position\":3,\"name\":\"WIR GEBEN KREATIVIT\u00c4T FARBE\"}]},{\"@type\":\"WebSite\",\"@id\":\"https:\/\/www.marabu-creative.com\/en\/#website\",\"url\":\"https:\/\/www.marabu-creative.com\/en\/\",\"name\":\"Marabu Kreativ\",\"description\":\"\",\"potentialAction\":[{\"@type\":\"SearchAction\",\"target\":{\"@type\":\"EntryPoint\",\"urlTemplate\":\"https:\/\/www.marabu-creative.com\/en\/?s={search_term_string}\"},\"query-input\":\"required name=search_term_string\"}],\"inLanguage\":\"de-DE\"}]}<\/script>\n<!-- \/ Yoast SEO plugin. -->","yoast_head_json":{"title":"WIR GEBEN KREATIVIT\u00c4T FARBE - Marabu Kreativ","robots":{"index":"index","follow":"follow","max-snippet":"max-snippet:-1","max-image-preview":"max-image-preview:large","max-video-preview":"max-video-preview:-1"},"canonical":"https:\/\/www.marabu-creative.com\/de\/wp-json\/wp\/v2\/pages\/25286","og_locale":"de_DE","og_type":"article","og_title":"WIR GEBEN KREATIVIT\u00c4T FARBE - Marabu Kreativ","og_description":"&nbsp; \u201eWir sind ein starker und verl\u00e4sslicher Partner f\u00fcr unsere Kunden. Weltweit entwickeln wir f\u00fcr und mit unseren Kunden einzigartige Produktl\u00f6sungen und erstklassige Vermarktungskonzepte.\u201c Hendrik Matischak, Executive Vice President Business Unit Creative Colours Marabu Kreativfarben\u00a0 Marabu ist am Puls der Zeit. Topaktuelle Produkte, trendige Farben und ein vielf\u00e4ltiges Sortiment erf\u00fcllen die W\u00fcnsche von Kreativen und [&hellip;]","og_url":"https:\/\/www.marabu-creative.com\/de\/unternehmen\/kreativfarben\/","og_site_name":"Marabu Kreativ","article_publisher":"https:\/\/www.facebook.com\/marabuchannel\/","article_modified_time":"2018-04-18T13:16:04+00:00","og_image":[{"width":2560,"height":1440,"url":"https:\/\/www.marabu-creative.com\/wp-content\/uploads\/2017\/06\/unternehmen-geben.jpg","type":"image\/jpeg"}],"twitter_card":"summary_large_image","twitter_misc":{"Gesch\u00e4tzte Lesezeit":"1 Minute"},"schema":{"@context":"https:\/\/schema.org","@graph":[{"@type":"WebPage","@id":"https:\/\/www.marabu-creative.com\/de\/unternehmen\/kreativfarben\/","url":"https:\/\/www.marabu-creative.com\/de\/unternehmen\/kreativfarben\/","name":"WIR GEBEN KREATIVIT\u00c4T FARBE - Marabu Kreativ","isPartOf":{"@id":"https:\/\/www.marabu-creative.com\/en\/#website"},"datePublished":"2017-06-29T10:09:12+00:00","dateModified":"2018-04-18T13:16:04+00:00","breadcrumb":{"@id":"https:\/\/www.marabu-creative.com\/de\/unternehmen\/kreativfarben\/#breadcrumb"},"inLanguage":"de-DE","potentialAction":[{"@type":"ReadAction","target":["https:\/\/www.marabu-creative.com\/de\/unternehmen\/kreativfarben\/"]}]},{"@type":"BreadcrumbList","@id":"https:\/\/www.marabu-creative.com\/de\/unternehmen\/kreativfarben\/#breadcrumb","itemListElement":[{"@type":"ListItem","position":1,"name":"Startseite","item":"https:\/\/www.marabu-creative.com\/de\/"},{"@type":"ListItem","position":2,"name":"Unternehmen","item":"https:\/\/www.marabu-creative.com\/de\/unternehmen\/"},{"@type":"ListItem","position":3,"name":"WIR GEBEN KREATIVIT\u00c4T FARBE"}]},{"@type":"WebSite","@id":"https:\/\/www.marabu-creative.com\/en\/#website","url":"https:\/\/www.marabu-creative.com\/en\/","name":"Marabu Kreativ","description":"","potentialAction":[{"@type":"SearchAction","target":{"@type":"EntryPoint","urlTemplate":"https:\/\/www.marabu-creative.com\/en\/?s={search_term_string}"},"query-input":"required name=search_term_string"}],"inLanguage":"de-DE"}]}},"_links":{"self":[{"href":"https:\/\/www.marabu-creative.com\/de\/wp-json\/wp\/v2\/pages\/25286"}],"collection":[{"href":"https:\/\/www.marabu-creative.com\/de\/wp-json\/wp\/v2\/pages"}],"about":[{"href":"https:\/\/www.marabu-creative.com\/de\/wp-json\/wp\/v2\/types\/page"}],"author":[{"embeddable":true,"href":"https:\/\/www.marabu-creative.com\/de\/wp-json\/wp\/v2\/users\/27"}],"replies":[{"embeddable":true,"href":"https:\/\/www.marabu-creative.com\/de\/wp-json\/wp\/v2\/comments?post=25286"}],"version-history":[{"count":0,"href":"https:\/\/www.marabu-creative.com\/de\/wp-json\/wp\/v2\/pages\/25286\/revisions"}],"up":[{"embeddable":true,"href":"https:\/\/www.marabu-creative.com\/de\/wp-json\/wp\/v2\/pages\/25241"}],"wp:featuredmedia":[{"embeddable":true,"href":"https:\/\/www.marabu-creative.com\/de\/wp-json\/wp\/v2\/media\/27301"}],"wp:attachment":[{"href":"https:\/\/www.marabu-creative.com\/de\/wp-json\/wp\/v2\/media?parent=25286"}],"curies":[{"name":"wp","href":"https:\/\/api.w.org\/{rel}","templated":true}]}}