{"id":25295,"date":"2017-06-29T12:19:47","date_gmt":"2017-06-29T10:19:47","guid":{"rendered":"https:\/\/www.marabu-creative.com\/?page_id=25295\/"},"modified":"2018-04-10T17:43:20","modified_gmt":"2018-04-10T15:43:20","slug":"made-in-germany","status":"publish","type":"page","link":"https:\/\/www.marabu-creative.com\/de\/unternehmen\/made-in-germany\/","title":{"rendered":"WIR PRODUZIEREN MADE IN GERMANY"},"content":{"rendered":"<div class=\"page\" title=\"Page 11\">\n<div class=\"section\">\n<div class=\"layoutArea\">\n<div class=\"column\">\n<h2>PREMIUMQUALIT\u00c4T VOM STANDORT DEUTSCHLAND<\/h2>\n<div class=\"page\" title=\"Page 11\">\n<div class=\"section\">\n<div class=\"layoutArea\">\n<div class=\"column\">\n<p>Als Traditionsunternehmen mit langj\u00e4hriger Expertise in der Produktion legt Marabu gr\u00f6\u00dften Wert auf den hundertprozentigen \u00dcberblick \u00fcber die einzelnen Schritte in der Herstellung. Diesen Anspruch auf alle der rund 20.000 Produkte im Marabu Sortiment zu \u00fcbertragen, ist nur m\u00f6glich, da die Produktion den modernsten Anforderungen des Marktes entspricht.<\/p>\n<p>Marabu produziert seine hochwertigen Spezialfarben mit dem Qualit\u00e4tspr\u00e4dikat \u201eMade in Germany\u201c.<br \/>\n Ob Farben f\u00fcr Hobby und Freizeit oder f\u00fcr anspruchsvolle Kunstwerke \u2013 Produkte von Marabu sind in allen Bereichen f\u00fchrend in der Erf\u00fcllung weltweiter Qualit\u00e4tsanspr\u00fcche.<br \/>\n In dem modernen Logistikcenter lagern die Produkte unter sorgf\u00e4ltig \u00fcberwachten Bedingungen und k\u00f6nnen effizient in alle Welt verteilt werden.\u00a0<\/p>\n<p><img loading=\"lazy\" decoding=\"async\" class=\"aligncenter size-large wp-image-25165\" src=\"https:\/\/www.marabu-creative.com\/wp-content\/uploads\/2017\/06\/Marabu_048m-CMYK-1024x682.jpg\" alt=\"\" width=\"1024\" height=\"682\" srcset=\"https:\/\/www.marabu-creative.com\/wp-content\/uploads\/2017\/06\/Marabu_048m-CMYK-1024x682.jpg 1024w, https:\/\/www.marabu-creative.com\/wp-content\/uploads\/2017\/06\/Marabu_048m-CMYK-300x200.jpg 300w, https:\/\/www.marabu-creative.com\/wp-content\/uploads\/2017\/06\/Marabu_048m-CMYK-768x511.jpg 768w\" sizes=\"(max-width: 1024px) 100vw, 1024px\" \/><\/p>\n<p>&nbsp;<\/p>\n<\/div>\n<\/div>\n<\/div>\n<\/div>\n<\/div>\n<\/div>\n<\/div>\n<\/div>\n","protected":false},"excerpt":{"rendered":"<p>PREMIUMQUALIT\u00c4T VOM STANDORT DEUTSCHLAND Als Traditionsunternehmen mit langj\u00e4hriger Expertise in der Produktion legt Marabu gr\u00f6\u00dften Wert auf den hundertprozentigen \u00dcberblick \u00fcber die einzelnen Schritte in der Herstellung. Diesen Anspruch auf alle der rund 20.000 Produkte im Marabu Sortiment zu \u00fcbertragen, ist nur m\u00f6glich, da die Produktion den modernsten Anforderungen des Marktes entspricht. Marabu produziert seine [&hellip;]<\/p>\n","protected":false},"author":27,"featured_media":27300,"parent":25241,"menu_order":7,"comment_status":"closed","ping_status":"closed","template":"","meta":{"_acf_changed":false,"footnotes":""},"acf":[],"yoast_head":"<!-- This site is optimized with the Yoast SEO plugin v19.14 - https:\/\/yoast.com\/wordpress\/plugins\/seo\/ -->\n<title>WIR PRODUZIEREN MADE IN GERMANY - Marabu Kreativ<\/title>\n<meta name=\"robots\" content=\"index, follow, max-snippet:-1, max-image-preview:large, max-video-preview:-1\" \/>\n<link rel=\"canonical\" href=\"https:\/\/www.marabu-creative.com\/de\/wp-json\/wp\/v2\/pages\/25295\" \/>\n<meta property=\"og:locale\" content=\"de_DE\" \/>\n<meta property=\"og:type\" content=\"article\" \/>\n<meta property=\"og:title\" content=\"WIR PRODUZIEREN MADE IN GERMANY - Marabu Kreativ\" \/>\n<meta property=\"og:description\" content=\"PREMIUMQUALIT\u00c4T VOM STANDORT DEUTSCHLAND Als Traditionsunternehmen mit langj\u00e4hriger Expertise in der Produktion legt Marabu gr\u00f6\u00dften Wert auf den hundertprozentigen \u00dcberblick \u00fcber die einzelnen Schritte in der Herstellung. Diesen Anspruch auf alle der rund 20.000 Produkte im Marabu Sortiment zu \u00fcbertragen, ist nur m\u00f6glich, da die Produktion den modernsten Anforderungen des Marktes entspricht. Marabu produziert seine [&hellip;]\" \/>\n<meta property=\"og:url\" content=\"https:\/\/www.marabu-creative.com\/de\/unternehmen\/made-in-germany\/\" \/>\n<meta property=\"og:site_name\" content=\"Marabu Kreativ\" \/>\n<meta property=\"article:publisher\" content=\"https:\/\/www.facebook.com\/marabuchannel\/\" \/>\n<meta property=\"article:modified_time\" content=\"2018-04-10T15:43:20+00:00\" \/>\n<meta property=\"og:image\" content=\"https:\/\/www.marabu-creative.com\/wp-content\/uploads\/2017\/06\/unternehmen-produzieren.jpg\" \/>\n\t<meta property=\"og:image:width\" content=\"2560\" \/>\n\t<meta property=\"og:image:height\" content=\"1440\" \/>\n\t<meta property=\"og:image:type\" content=\"image\/jpeg\" \/>\n<meta name=\"twitter:card\" content=\"summary_large_image\" \/>\n<meta name=\"twitter:label1\" content=\"Gesch\u00e4tzte Lesezeit\" \/>\n\t<meta name=\"twitter:data1\" content=\"1 Minute\" \/>\n<script type=\"application\/ld+json\" class=\"yoast-schema-graph\">{\"@context\":\"https:\/\/schema.org\",\"@graph\":[{\"@type\":\"WebPage\",\"@id\":\"https:\/\/www.marabu-creative.com\/de\/unternehmen\/made-in-germany\/\",\"url\":\"https:\/\/www.marabu-creative.com\/de\/unternehmen\/made-in-germany\/\",\"name\":\"WIR PRODUZIEREN MADE IN GERMANY - Marabu Kreativ\",\"isPartOf\":{\"@id\":\"https:\/\/www.marabu-creative.com\/en\/#website\"},\"datePublished\":\"2017-06-29T10:19:47+00:00\",\"dateModified\":\"2018-04-10T15:43:20+00:00\",\"breadcrumb\":{\"@id\":\"https:\/\/www.marabu-creative.com\/de\/unternehmen\/made-in-germany\/#breadcrumb\"},\"inLanguage\":\"de-DE\",\"potentialAction\":[{\"@type\":\"ReadAction\",\"target\":[\"https:\/\/www.marabu-creative.com\/de\/unternehmen\/made-in-germany\/\"]}]},{\"@type\":\"BreadcrumbList\",\"@id\":\"https:\/\/www.marabu-creative.com\/de\/unternehmen\/made-in-germany\/#breadcrumb\",\"itemListElement\":[{\"@type\":\"ListItem\",\"position\":1,\"name\":\"Startseite\",\"item\":\"https:\/\/www.marabu-creative.com\/de\/\"},{\"@type\":\"ListItem\",\"position\":2,\"name\":\"Unternehmen\",\"item\":\"https:\/\/www.marabu-creative.com\/de\/unternehmen\/\"},{\"@type\":\"ListItem\",\"position\":3,\"name\":\"WIR PRODUZIEREN MADE IN GERMANY\"}]},{\"@type\":\"WebSite\",\"@id\":\"https:\/\/www.marabu-creative.com\/en\/#website\",\"url\":\"https:\/\/www.marabu-creative.com\/en\/\",\"name\":\"Marabu Kreativ\",\"description\":\"\",\"potentialAction\":[{\"@type\":\"SearchAction\",\"target\":{\"@type\":\"EntryPoint\",\"urlTemplate\":\"https:\/\/www.marabu-creative.com\/en\/?s={search_term_string}\"},\"query-input\":\"required name=search_term_string\"}],\"inLanguage\":\"de-DE\"}]}<\/script>\n<!-- \/ Yoast SEO plugin. -->","yoast_head_json":{"title":"WIR PRODUZIEREN MADE IN GERMANY - Marabu Kreativ","robots":{"index":"index","follow":"follow","max-snippet":"max-snippet:-1","max-image-preview":"max-image-preview:large","max-video-preview":"max-video-preview:-1"},"canonical":"https:\/\/www.marabu-creative.com\/de\/wp-json\/wp\/v2\/pages\/25295","og_locale":"de_DE","og_type":"article","og_title":"WIR PRODUZIEREN MADE IN GERMANY - Marabu Kreativ","og_description":"PREMIUMQUALIT\u00c4T VOM STANDORT DEUTSCHLAND Als Traditionsunternehmen mit langj\u00e4hriger Expertise in der Produktion legt Marabu gr\u00f6\u00dften Wert auf den hundertprozentigen \u00dcberblick \u00fcber die einzelnen Schritte in der Herstellung. Diesen Anspruch auf alle der rund 20.000 Produkte im Marabu Sortiment zu \u00fcbertragen, ist nur m\u00f6glich, da die Produktion den modernsten Anforderungen des Marktes entspricht. Marabu produziert seine [&hellip;]","og_url":"https:\/\/www.marabu-creative.com\/de\/unternehmen\/made-in-germany\/","og_site_name":"Marabu Kreativ","article_publisher":"https:\/\/www.facebook.com\/marabuchannel\/","article_modified_time":"2018-04-10T15:43:20+00:00","og_image":[{"width":2560,"height":1440,"url":"https:\/\/www.marabu-creative.com\/wp-content\/uploads\/2017\/06\/unternehmen-produzieren.jpg","type":"image\/jpeg"}],"twitter_card":"summary_large_image","twitter_misc":{"Gesch\u00e4tzte Lesezeit":"1 Minute"},"schema":{"@context":"https:\/\/schema.org","@graph":[{"@type":"WebPage","@id":"https:\/\/www.marabu-creative.com\/de\/unternehmen\/made-in-germany\/","url":"https:\/\/www.marabu-creative.com\/de\/unternehmen\/made-in-germany\/","name":"WIR PRODUZIEREN MADE IN GERMANY - Marabu Kreativ","isPartOf":{"@id":"https:\/\/www.marabu-creative.com\/en\/#website"},"datePublished":"2017-06-29T10:19:47+00:00","dateModified":"2018-04-10T15:43:20+00:00","breadcrumb":{"@id":"https:\/\/www.marabu-creative.com\/de\/unternehmen\/made-in-germany\/#breadcrumb"},"inLanguage":"de-DE","potentialAction":[{"@type":"ReadAction","target":["https:\/\/www.marabu-creative.com\/de\/unternehmen\/made-in-germany\/"]}]},{"@type":"BreadcrumbList","@id":"https:\/\/www.marabu-creative.com\/de\/unternehmen\/made-in-germany\/#breadcrumb","itemListElement":[{"@type":"ListItem","position":1,"name":"Startseite","item":"https:\/\/www.marabu-creative.com\/de\/"},{"@type":"ListItem","position":2,"name":"Unternehmen","item":"https:\/\/www.marabu-creative.com\/de\/unternehmen\/"},{"@type":"ListItem","position":3,"name":"WIR PRODUZIEREN MADE IN GERMANY"}]},{"@type":"WebSite","@id":"https:\/\/www.marabu-creative.com\/en\/#website","url":"https:\/\/www.marabu-creative.com\/en\/","name":"Marabu Kreativ","description":"","potentialAction":[{"@type":"SearchAction","target":{"@type":"EntryPoint","urlTemplate":"https:\/\/www.marabu-creative.com\/en\/?s={search_term_string}"},"query-input":"required name=search_term_string"}],"inLanguage":"de-DE"}]}},"_links":{"self":[{"href":"https:\/\/www.marabu-creative.com\/de\/wp-json\/wp\/v2\/pages\/25295"}],"collection":[{"href":"https:\/\/www.marabu-creative.com\/de\/wp-json\/wp\/v2\/pages"}],"about":[{"href":"https:\/\/www.marabu-creative.com\/de\/wp-json\/wp\/v2\/types\/page"}],"author":[{"embeddable":true,"href":"https:\/\/www.marabu-creative.com\/de\/wp-json\/wp\/v2\/users\/27"}],"replies":[{"embeddable":true,"href":"https:\/\/www.marabu-creative.com\/de\/wp-json\/wp\/v2\/comments?post=25295"}],"version-history":[{"count":0,"href":"https:\/\/www.marabu-creative.com\/de\/wp-json\/wp\/v2\/pages\/25295\/revisions"}],"up":[{"embeddable":true,"href":"https:\/\/www.marabu-creative.com\/de\/wp-json\/wp\/v2\/pages\/25241"}],"wp:featuredmedia":[{"embeddable":true,"href":"https:\/\/www.marabu-creative.com\/de\/wp-json\/wp\/v2\/media\/27300"}],"wp:attachment":[{"href":"https:\/\/www.marabu-creative.com\/de\/wp-json\/wp\/v2\/media?parent=25295"}],"curies":[{"name":"wp","href":"https:\/\/api.w.org\/{rel}","templated":true}]}}