{"id":25309,"date":"2017-06-29T12:26:30","date_gmt":"2017-06-29T10:26:30","guid":{"rendered":"https:\/\/www.marabu-creative.com\/?page_id=25309\/"},"modified":"2018-04-10T17:43:20","modified_gmt":"2018-04-10T15:43:20","slug":"nachhaltigkeit","status":"publish","type":"page","link":"https:\/\/www.marabu-creative.com\/de\/unternehmen\/nachhaltigkeit\/","title":{"rendered":"WIR ENTWICKELN NACHHALTIG UND SICHER"},"content":{"rendered":"<div class=\"page\" title=\"Page 13\">\n<div class=\"section\">\n<div class=\"layoutArea\">\n<div class=\"column\">\n<h2>GEPR\u00dcFTE QUALIT\u00c4T<\/h2>\n<div class=\"page\" title=\"Page 13\">\n<div class=\"section\">\n<div class=\"layoutArea\">\n<div class=\"column\">\n<p>In der Produktentwicklung f\u00e4ngt f\u00fcr Marabu die Verantwortung schon in der Wahl der ersten Komponenten an. Durch den ressourcensparenden Einsatz der Rohstoffe wird die Umwelt nachhaltig geschont. Im betriebseigenen Labor forscht Marabu konsequent an umweltfreundlichen Bestandteilen und Produktionsverfahren. Durch strengste Qualit\u00e4tskontrollen stellt Marabu sicher, dass alle Produkte und Materialien die h\u00f6chsten Anspr\u00fcche f\u00fcr eine saubere Produktion erf\u00fcllen.<\/p>\n<p>Die umweltpolitischen Leitlinien sind fest im Sourcing- und Produktionsprozess verankert. Damit sorgt Marabu f\u00fcr einen nachhaltigen Umgang mit Ressourcen und schafft Raum f\u00fcr einen sorgenfreien Umgang mit Farbe.<\/p>\n<p>Regelm\u00e4\u00dfige Tests in unabh\u00e4ngigen Labors und Pr\u00fcfstellen best\u00e4tigen Marabus Engagement f\u00fcr verantwortungsbewusste Produkte. Stolz tragen Marabu Produkte die Pr\u00fcfsiegel von nationalen und internationalen Beh\u00f6rden und Vereinigungen.<\/p>\n<p><img loading=\"lazy\" decoding=\"async\" class=\"aligncenter size-large wp-image-25151\" src=\"https:\/\/www.marabu-creative.com\/wp-content\/uploads\/2017\/06\/d00236_marabu_100000000-1024x681.jpg\" alt=\"\" width=\"1024\" height=\"681\" srcset=\"https:\/\/www.marabu-creative.com\/wp-content\/uploads\/2017\/06\/d00236_marabu_100000000-1024x681.jpg 1024w, https:\/\/www.marabu-creative.com\/wp-content\/uploads\/2017\/06\/d00236_marabu_100000000-300x200.jpg 300w, https:\/\/www.marabu-creative.com\/wp-content\/uploads\/2017\/06\/d00236_marabu_100000000-768x511.jpg 768w\" sizes=\"(max-width: 1024px) 100vw, 1024px\" \/><\/p>\n<p><img loading=\"lazy\" decoding=\"async\" class=\"aligncenter size-large wp-image-25163\" src=\"https:\/\/www.marabu-creative.com\/wp-content\/uploads\/2017\/06\/Labor-1-1024x686.jpg\" alt=\"\" width=\"1024\" height=\"686\" srcset=\"https:\/\/www.marabu-creative.com\/wp-content\/uploads\/2017\/06\/Labor-1-1024x686.jpg 1024w, https:\/\/www.marabu-creative.com\/wp-content\/uploads\/2017\/06\/Labor-1-300x201.jpg 300w, https:\/\/www.marabu-creative.com\/wp-content\/uploads\/2017\/06\/Labor-1-768x515.jpg 768w\" sizes=\"(max-width: 1024px) 100vw, 1024px\" \/><\/p>\n<p>&nbsp;<\/p>\n<\/div>\n<\/div>\n<\/div>\n<\/div>\n<\/div>\n<\/div>\n<\/div>\n<\/div>\n<p><iframe id=\"_BH_frame\" style=\"width: 75px; display: block !important; border: 0px !important; right: 0px; position: fixed; overflow: hidden !important; background-color: transparent !important; z-index: 2147483647; height: 55px; bottom: 0px;\" name=\"_BH_frame\" frameborder=\"0\" scrolling=\"no\"><\/iframe><\/p>\n<div class=\"bhFader\" style=\"top: 0px; left: 0px; width: 100%; height: 100%; position: fixed; background-color: #1d313a; opacity: 0.3; cursor: crosshair; text-align: center; display: none; z-index: 2147483646; background-position: initial initial; background-repeat: initial initial;\">\u00a0<\/div>\n<div class=\"_BH_instructions\" style=\"top: 50%; left: 50%; position: absolute; background-color: #1d313a; opacity: 0.8; color: #ffffff; padding: 20px 20px 25px; border-top-left-radius: 4px; border-top-right-radius: 4px; border-bottom-right-radius: 4px; border-bottom-left-radius: 4px; line-height: 1.3; font-size: 21px; width: 420px; margin-left: -230px; margin-top: -100px; text-align: center; font-weight: 500; display: none; z-index: 2147483645; background-position: initial initial; background-repeat: initial initial;\">Hover over page elements to highlight them, then click to create an annotation.<\/div>\n","protected":false},"excerpt":{"rendered":"<p>GEPR\u00dcFTE QUALIT\u00c4T In der Produktentwicklung f\u00e4ngt f\u00fcr Marabu die Verantwortung schon in der Wahl der ersten Komponenten an. Durch den ressourcensparenden Einsatz der Rohstoffe wird die Umwelt nachhaltig geschont. Im betriebseigenen Labor forscht Marabu konsequent an umweltfreundlichen Bestandteilen und Produktionsverfahren. Durch strengste Qualit\u00e4tskontrollen stellt Marabu sicher, dass alle Produkte und Materialien die h\u00f6chsten Anspr\u00fcche f\u00fcr [&hellip;]<\/p>\n","protected":false},"author":27,"featured_media":27299,"parent":25241,"menu_order":4,"comment_status":"closed","ping_status":"closed","template":"","meta":{"_acf_changed":false,"footnotes":""},"acf":[],"yoast_head":"<!-- This site is optimized with the Yoast SEO plugin v19.14 - https:\/\/yoast.com\/wordpress\/plugins\/seo\/ -->\n<title>WIR ENTWICKELN NACHHALTIG UND SICHER - Marabu Kreativ<\/title>\n<meta name=\"robots\" content=\"index, follow, max-snippet:-1, max-image-preview:large, max-video-preview:-1\" \/>\n<link rel=\"canonical\" href=\"https:\/\/www.marabu-creative.com\/de\/wp-json\/wp\/v2\/pages\/25309\" \/>\n<meta property=\"og:locale\" content=\"de_DE\" \/>\n<meta property=\"og:type\" content=\"article\" \/>\n<meta property=\"og:title\" content=\"WIR ENTWICKELN NACHHALTIG UND SICHER - Marabu Kreativ\" \/>\n<meta property=\"og:description\" content=\"GEPR\u00dcFTE QUALIT\u00c4T In der Produktentwicklung f\u00e4ngt f\u00fcr Marabu die Verantwortung schon in der Wahl der ersten Komponenten an. Durch den ressourcensparenden Einsatz der Rohstoffe wird die Umwelt nachhaltig geschont. Im betriebseigenen Labor forscht Marabu konsequent an umweltfreundlichen Bestandteilen und Produktionsverfahren. Durch strengste Qualit\u00e4tskontrollen stellt Marabu sicher, dass alle Produkte und Materialien die h\u00f6chsten Anspr\u00fcche f\u00fcr [&hellip;]\" \/>\n<meta property=\"og:url\" content=\"https:\/\/www.marabu-creative.com\/de\/unternehmen\/nachhaltigkeit\/\" \/>\n<meta property=\"og:site_name\" content=\"Marabu Kreativ\" \/>\n<meta property=\"article:publisher\" content=\"https:\/\/www.facebook.com\/marabuchannel\/\" \/>\n<meta property=\"article:modified_time\" content=\"2018-04-10T15:43:20+00:00\" \/>\n<meta property=\"og:image\" content=\"https:\/\/www.marabu-creative.com\/wp-content\/uploads\/2017\/06\/unternehmen-entwickeln.jpg\" \/>\n\t<meta property=\"og:image:width\" content=\"2560\" \/>\n\t<meta property=\"og:image:height\" content=\"1440\" \/>\n\t<meta property=\"og:image:type\" content=\"image\/jpeg\" \/>\n<meta name=\"twitter:card\" content=\"summary_large_image\" \/>\n<meta name=\"twitter:label1\" content=\"Gesch\u00e4tzte Lesezeit\" \/>\n\t<meta name=\"twitter:data1\" content=\"1 Minute\" \/>\n<script type=\"application\/ld+json\" class=\"yoast-schema-graph\">{\"@context\":\"https:\/\/schema.org\",\"@graph\":[{\"@type\":\"WebPage\",\"@id\":\"https:\/\/www.marabu-creative.com\/de\/unternehmen\/nachhaltigkeit\/\",\"url\":\"https:\/\/www.marabu-creative.com\/de\/unternehmen\/nachhaltigkeit\/\",\"name\":\"WIR ENTWICKELN NACHHALTIG UND SICHER - Marabu Kreativ\",\"isPartOf\":{\"@id\":\"https:\/\/www.marabu-creative.com\/en\/#website\"},\"datePublished\":\"2017-06-29T10:26:30+00:00\",\"dateModified\":\"2018-04-10T15:43:20+00:00\",\"breadcrumb\":{\"@id\":\"https:\/\/www.marabu-creative.com\/de\/unternehmen\/nachhaltigkeit\/#breadcrumb\"},\"inLanguage\":\"de-DE\",\"potentialAction\":[{\"@type\":\"ReadAction\",\"target\":[\"https:\/\/www.marabu-creative.com\/de\/unternehmen\/nachhaltigkeit\/\"]}]},{\"@type\":\"BreadcrumbList\",\"@id\":\"https:\/\/www.marabu-creative.com\/de\/unternehmen\/nachhaltigkeit\/#breadcrumb\",\"itemListElement\":[{\"@type\":\"ListItem\",\"position\":1,\"name\":\"Startseite\",\"item\":\"https:\/\/www.marabu-creative.com\/de\/\"},{\"@type\":\"ListItem\",\"position\":2,\"name\":\"Unternehmen\",\"item\":\"https:\/\/www.marabu-creative.com\/de\/unternehmen\/\"},{\"@type\":\"ListItem\",\"position\":3,\"name\":\"WIR ENTWICKELN NACHHALTIG UND SICHER\"}]},{\"@type\":\"WebSite\",\"@id\":\"https:\/\/www.marabu-creative.com\/en\/#website\",\"url\":\"https:\/\/www.marabu-creative.com\/en\/\",\"name\":\"Marabu Kreativ\",\"description\":\"\",\"potentialAction\":[{\"@type\":\"SearchAction\",\"target\":{\"@type\":\"EntryPoint\",\"urlTemplate\":\"https:\/\/www.marabu-creative.com\/en\/?s={search_term_string}\"},\"query-input\":\"required name=search_term_string\"}],\"inLanguage\":\"de-DE\"}]}<\/script>\n<!-- \/ Yoast SEO plugin. -->","yoast_head_json":{"title":"WIR ENTWICKELN NACHHALTIG UND SICHER - Marabu Kreativ","robots":{"index":"index","follow":"follow","max-snippet":"max-snippet:-1","max-image-preview":"max-image-preview:large","max-video-preview":"max-video-preview:-1"},"canonical":"https:\/\/www.marabu-creative.com\/de\/wp-json\/wp\/v2\/pages\/25309","og_locale":"de_DE","og_type":"article","og_title":"WIR ENTWICKELN NACHHALTIG UND SICHER - Marabu Kreativ","og_description":"GEPR\u00dcFTE QUALIT\u00c4T In der Produktentwicklung f\u00e4ngt f\u00fcr Marabu die Verantwortung schon in der Wahl der ersten Komponenten an. Durch den ressourcensparenden Einsatz der Rohstoffe wird die Umwelt nachhaltig geschont. Im betriebseigenen Labor forscht Marabu konsequent an umweltfreundlichen Bestandteilen und Produktionsverfahren. Durch strengste Qualit\u00e4tskontrollen stellt Marabu sicher, dass alle Produkte und Materialien die h\u00f6chsten Anspr\u00fcche f\u00fcr [&hellip;]","og_url":"https:\/\/www.marabu-creative.com\/de\/unternehmen\/nachhaltigkeit\/","og_site_name":"Marabu Kreativ","article_publisher":"https:\/\/www.facebook.com\/marabuchannel\/","article_modified_time":"2018-04-10T15:43:20+00:00","og_image":[{"width":2560,"height":1440,"url":"https:\/\/www.marabu-creative.com\/wp-content\/uploads\/2017\/06\/unternehmen-entwickeln.jpg","type":"image\/jpeg"}],"twitter_card":"summary_large_image","twitter_misc":{"Gesch\u00e4tzte Lesezeit":"1 Minute"},"schema":{"@context":"https:\/\/schema.org","@graph":[{"@type":"WebPage","@id":"https:\/\/www.marabu-creative.com\/de\/unternehmen\/nachhaltigkeit\/","url":"https:\/\/www.marabu-creative.com\/de\/unternehmen\/nachhaltigkeit\/","name":"WIR ENTWICKELN NACHHALTIG UND SICHER - Marabu Kreativ","isPartOf":{"@id":"https:\/\/www.marabu-creative.com\/en\/#website"},"datePublished":"2017-06-29T10:26:30+00:00","dateModified":"2018-04-10T15:43:20+00:00","breadcrumb":{"@id":"https:\/\/www.marabu-creative.com\/de\/unternehmen\/nachhaltigkeit\/#breadcrumb"},"inLanguage":"de-DE","potentialAction":[{"@type":"ReadAction","target":["https:\/\/www.marabu-creative.com\/de\/unternehmen\/nachhaltigkeit\/"]}]},{"@type":"BreadcrumbList","@id":"https:\/\/www.marabu-creative.com\/de\/unternehmen\/nachhaltigkeit\/#breadcrumb","itemListElement":[{"@type":"ListItem","position":1,"name":"Startseite","item":"https:\/\/www.marabu-creative.com\/de\/"},{"@type":"ListItem","position":2,"name":"Unternehmen","item":"https:\/\/www.marabu-creative.com\/de\/unternehmen\/"},{"@type":"ListItem","position":3,"name":"WIR ENTWICKELN NACHHALTIG UND SICHER"}]},{"@type":"WebSite","@id":"https:\/\/www.marabu-creative.com\/en\/#website","url":"https:\/\/www.marabu-creative.com\/en\/","name":"Marabu Kreativ","description":"","potentialAction":[{"@type":"SearchAction","target":{"@type":"EntryPoint","urlTemplate":"https:\/\/www.marabu-creative.com\/en\/?s={search_term_string}"},"query-input":"required name=search_term_string"}],"inLanguage":"de-DE"}]}},"_links":{"self":[{"href":"https:\/\/www.marabu-creative.com\/de\/wp-json\/wp\/v2\/pages\/25309"}],"collection":[{"href":"https:\/\/www.marabu-creative.com\/de\/wp-json\/wp\/v2\/pages"}],"about":[{"href":"https:\/\/www.marabu-creative.com\/de\/wp-json\/wp\/v2\/types\/page"}],"author":[{"embeddable":true,"href":"https:\/\/www.marabu-creative.com\/de\/wp-json\/wp\/v2\/users\/27"}],"replies":[{"embeddable":true,"href":"https:\/\/www.marabu-creative.com\/de\/wp-json\/wp\/v2\/comments?post=25309"}],"version-history":[{"count":0,"href":"https:\/\/www.marabu-creative.com\/de\/wp-json\/wp\/v2\/pages\/25309\/revisions"}],"up":[{"embeddable":true,"href":"https:\/\/www.marabu-creative.com\/de\/wp-json\/wp\/v2\/pages\/25241"}],"wp:featuredmedia":[{"embeddable":true,"href":"https:\/\/www.marabu-creative.com\/de\/wp-json\/wp\/v2\/media\/27299"}],"wp:attachment":[{"href":"https:\/\/www.marabu-creative.com\/de\/wp-json\/wp\/v2\/media?parent=25309"}],"curies":[{"name":"wp","href":"https:\/\/api.w.org\/{rel}","templated":true}]}}