{"id":25318,"date":"2017-06-29T12:34:07","date_gmt":"2017-06-29T10:34:07","guid":{"rendered":"https:\/\/www.marabu-creative.com\/?page_id=25318\/"},"modified":"2021-04-15T14:38:26","modified_gmt":"2021-04-15T12:38:26","slug":"vielfalt","status":"publish","type":"page","link":"https:\/\/www.marabu-creative.com\/de\/unternehmen\/vielfalt\/","title":{"rendered":"WIR BEGEISTERN MIT UNSERER VIELFALT"},"content":{"rendered":"<div class=\"page\" title=\"Page 15\">\n<div class=\"section\">\n<div class=\"layoutArea\">\n<div class=\"column\">\n<h2>DIE WAHL DER FARBEN<\/h2>\n<div class=\"page\" title=\"Page 15\">\n<div class=\"section\">\n<div class=\"layoutArea\">\n<div class=\"column\">\n<p>Kreativit\u00e4t ist unendlich. Daher bietet Marabu ein unvergleichliches Komplettsortiment an Farbt\u00f6nen, Werkzeugen und Ideen, mit denen Kreativit\u00e4t in allen Formen und Farben phantasievoll ausgelebt werden kann.<br \/>\nMarabu ist Mentor f\u00fcr Kreative mit praktischen Tipps, wertvollen Anregungen und einfach anwendbaren Produkten. Somit schafft Marabu eine Gelinggarantie f\u00fcr alle kreativen Vorhaben.<\/p>\n<p>Praktische Komplettsets f\u00fchren Hobbykreative bei neuen Projekten Schritt f\u00fcr Schritt durch alle Stationen der Kreation. Professionelle und hochwertige Einzelprodukte dienen dem anspruchsvollen schaffenden K\u00fcnstler als Inspiration und kostbare Gestaltungsmittel f\u00fcr seine Kunstwerke.<\/p>\n<p>&nbsp;<\/p>\n<h3>KUNST<\/h3>\n<p>&#8211; K\u00dcNSTLERFARBEN<br \/>\n&#8211; ZEICHNEN &amp; ILLUSTRIEREN<\/p>\n<h3>\u00a0<\/h3>\n<h3>KREATIV<\/h3>\n<p>&#8211; FASHION &amp; TEXTIL<br \/>\n&#8211; PORZELLAN &amp; GLAS<br \/>\n&#8211;\u00a0BASTELN &amp; DEKORIEREN\u00a0<br \/>\n&#8211; MEDIEN, LACKE UND KLEBER<br \/>\n&#8211; MALGR\u00dcNDE, WERKZEUGE UND ZUBEH\u00d6R<\/p>\n<h3>\u00a0<\/h3>\n<h3>KiDS<\/h3>\n<p><\/p>\n<p><img loading=\"lazy\" decoding=\"async\" class=\"wp-image-200776 size-large aligncenter\" src=\"https:\/\/www.marabu-creative.com\/wp-content\/uploads\/2020\/08\/Key-Visual-Kunst-2020-1300x676px-1024x532.jpg\" alt=\"\" width=\"1024\" height=\"532\" srcset=\"https:\/\/www.marabu-creative.com\/wp-content\/uploads\/2020\/08\/Key-Visual-Kunst-2020-1300x676px-1024x532.jpg 1024w, https:\/\/www.marabu-creative.com\/wp-content\/uploads\/2020\/08\/Key-Visual-Kunst-2020-1300x676px-300x156.jpg 300w, https:\/\/www.marabu-creative.com\/wp-content\/uploads\/2020\/08\/Key-Visual-Kunst-2020-1300x676px-768x399.jpg 768w, https:\/\/www.marabu-creative.com\/wp-content\/uploads\/2020\/08\/Key-Visual-Kunst-2020-1300x676px.jpg 1300w\" sizes=\"(max-width: 1024px) 100vw, 1024px\" \/><\/p>\n<p><img loading=\"lazy\" decoding=\"async\" class=\"wp-image-200775 size-large aligncenter\" src=\"https:\/\/www.marabu-creative.com\/wp-content\/uploads\/2020\/08\/Key-Visual-Kreativ-2020-1300x676px-1024x533.jpg\" alt=\"\" width=\"1024\" height=\"533\" srcset=\"https:\/\/www.marabu-creative.com\/wp-content\/uploads\/2020\/08\/Key-Visual-Kreativ-2020-1300x676px-1024x533.jpg 1024w, https:\/\/www.marabu-creative.com\/wp-content\/uploads\/2020\/08\/Key-Visual-Kreativ-2020-1300x676px-300x156.jpg 300w, https:\/\/www.marabu-creative.com\/wp-content\/uploads\/2020\/08\/Key-Visual-Kreativ-2020-1300x676px-768x400.jpg 768w, https:\/\/www.marabu-creative.com\/wp-content\/uploads\/2020\/08\/Key-Visual-Kreativ-2020-1300x676px.jpg 1300w\" sizes=\"(max-width: 1024px) 100vw, 1024px\" \/><\/p>\n<\/div>\n<\/div>\n<\/div>\n<\/div>\n<\/div>\n<\/div>\n<\/div>\n<\/div>\n","protected":false},"excerpt":{"rendered":"<p>DIE WAHL DER FARBEN Kreativit\u00e4t ist unendlich. Daher bietet Marabu ein unvergleichliches Komplettsortiment an Farbt\u00f6nen, Werkzeugen und Ideen, mit denen Kreativit\u00e4t in allen Formen und Farben phantasievoll ausgelebt werden kann. Marabu ist Mentor f\u00fcr Kreative mit praktischen Tipps, wertvollen Anregungen und einfach anwendbaren Produkten. Somit schafft Marabu eine Gelinggarantie f\u00fcr alle kreativen Vorhaben. Praktische Komplettsets [&hellip;]<\/p>\n","protected":false},"author":27,"featured_media":200776,"parent":25241,"menu_order":2,"comment_status":"closed","ping_status":"closed","template":"","meta":{"_acf_changed":false,"footnotes":""},"acf":[],"yoast_head":"<!-- This site is optimized with the Yoast SEO plugin v19.14 - https:\/\/yoast.com\/wordpress\/plugins\/seo\/ -->\n<title>WIR BEGEISTERN MIT UNSERER VIELFALT - Marabu Kreativ<\/title>\n<meta name=\"robots\" content=\"index, follow, max-snippet:-1, max-image-preview:large, max-video-preview:-1\" \/>\n<link rel=\"canonical\" href=\"https:\/\/www.marabu-creative.com\/de\/wp-json\/wp\/v2\/pages\/25318\" \/>\n<meta property=\"og:locale\" content=\"de_DE\" \/>\n<meta property=\"og:type\" content=\"article\" \/>\n<meta property=\"og:title\" content=\"WIR BEGEISTERN MIT UNSERER VIELFALT - Marabu Kreativ\" \/>\n<meta property=\"og:description\" content=\"DIE WAHL DER FARBEN Kreativit\u00e4t ist unendlich. Daher bietet Marabu ein unvergleichliches Komplettsortiment an Farbt\u00f6nen, Werkzeugen und Ideen, mit denen Kreativit\u00e4t in allen Formen und Farben phantasievoll ausgelebt werden kann. Marabu ist Mentor f\u00fcr Kreative mit praktischen Tipps, wertvollen Anregungen und einfach anwendbaren Produkten. Somit schafft Marabu eine Gelinggarantie f\u00fcr alle kreativen Vorhaben. Praktische Komplettsets [&hellip;]\" \/>\n<meta property=\"og:url\" content=\"https:\/\/www.marabu-creative.com\/de\/unternehmen\/vielfalt\/\" \/>\n<meta property=\"og:site_name\" content=\"Marabu Kreativ\" \/>\n<meta property=\"article:publisher\" content=\"https:\/\/www.facebook.com\/marabuchannel\/\" \/>\n<meta property=\"article:modified_time\" content=\"2021-04-15T12:38:26+00:00\" \/>\n<meta property=\"og:image\" content=\"https:\/\/www.marabu-creative.com\/wp-content\/uploads\/2020\/08\/Key-Visual-Kunst-2020-1300x676px.jpg\" \/>\n\t<meta property=\"og:image:width\" content=\"1300\" \/>\n\t<meta property=\"og:image:height\" content=\"676\" \/>\n\t<meta property=\"og:image:type\" content=\"image\/jpeg\" \/>\n<meta name=\"twitter:card\" content=\"summary_large_image\" \/>\n<meta name=\"twitter:label1\" content=\"Gesch\u00e4tzte Lesezeit\" \/>\n\t<meta name=\"twitter:data1\" content=\"1 Minute\" \/>\n<script type=\"application\/ld+json\" class=\"yoast-schema-graph\">{\"@context\":\"https:\/\/schema.org\",\"@graph\":[{\"@type\":\"WebPage\",\"@id\":\"https:\/\/www.marabu-creative.com\/de\/unternehmen\/vielfalt\/\",\"url\":\"https:\/\/www.marabu-creative.com\/de\/unternehmen\/vielfalt\/\",\"name\":\"WIR BEGEISTERN MIT UNSERER VIELFALT - Marabu Kreativ\",\"isPartOf\":{\"@id\":\"https:\/\/www.marabu-creative.com\/en\/#website\"},\"datePublished\":\"2017-06-29T10:34:07+00:00\",\"dateModified\":\"2021-04-15T12:38:26+00:00\",\"breadcrumb\":{\"@id\":\"https:\/\/www.marabu-creative.com\/de\/unternehmen\/vielfalt\/#breadcrumb\"},\"inLanguage\":\"de-DE\",\"potentialAction\":[{\"@type\":\"ReadAction\",\"target\":[\"https:\/\/www.marabu-creative.com\/de\/unternehmen\/vielfalt\/\"]}]},{\"@type\":\"BreadcrumbList\",\"@id\":\"https:\/\/www.marabu-creative.com\/de\/unternehmen\/vielfalt\/#breadcrumb\",\"itemListElement\":[{\"@type\":\"ListItem\",\"position\":1,\"name\":\"Startseite\",\"item\":\"https:\/\/www.marabu-creative.com\/de\/\"},{\"@type\":\"ListItem\",\"position\":2,\"name\":\"Unternehmen\",\"item\":\"https:\/\/www.marabu-creative.com\/de\/unternehmen\/\"},{\"@type\":\"ListItem\",\"position\":3,\"name\":\"WIR BEGEISTERN MIT UNSERER VIELFALT\"}]},{\"@type\":\"WebSite\",\"@id\":\"https:\/\/www.marabu-creative.com\/en\/#website\",\"url\":\"https:\/\/www.marabu-creative.com\/en\/\",\"name\":\"Marabu Kreativ\",\"description\":\"\",\"potentialAction\":[{\"@type\":\"SearchAction\",\"target\":{\"@type\":\"EntryPoint\",\"urlTemplate\":\"https:\/\/www.marabu-creative.com\/en\/?s={search_term_string}\"},\"query-input\":\"required name=search_term_string\"}],\"inLanguage\":\"de-DE\"}]}<\/script>\n<!-- \/ Yoast SEO plugin. -->","yoast_head_json":{"title":"WIR BEGEISTERN MIT UNSERER VIELFALT - Marabu Kreativ","robots":{"index":"index","follow":"follow","max-snippet":"max-snippet:-1","max-image-preview":"max-image-preview:large","max-video-preview":"max-video-preview:-1"},"canonical":"https:\/\/www.marabu-creative.com\/de\/wp-json\/wp\/v2\/pages\/25318","og_locale":"de_DE","og_type":"article","og_title":"WIR BEGEISTERN MIT UNSERER VIELFALT - Marabu Kreativ","og_description":"DIE WAHL DER FARBEN Kreativit\u00e4t ist unendlich. Daher bietet Marabu ein unvergleichliches Komplettsortiment an Farbt\u00f6nen, Werkzeugen und Ideen, mit denen Kreativit\u00e4t in allen Formen und Farben phantasievoll ausgelebt werden kann. Marabu ist Mentor f\u00fcr Kreative mit praktischen Tipps, wertvollen Anregungen und einfach anwendbaren Produkten. Somit schafft Marabu eine Gelinggarantie f\u00fcr alle kreativen Vorhaben. Praktische Komplettsets [&hellip;]","og_url":"https:\/\/www.marabu-creative.com\/de\/unternehmen\/vielfalt\/","og_site_name":"Marabu Kreativ","article_publisher":"https:\/\/www.facebook.com\/marabuchannel\/","article_modified_time":"2021-04-15T12:38:26+00:00","og_image":[{"width":1300,"height":676,"url":"https:\/\/www.marabu-creative.com\/wp-content\/uploads\/2020\/08\/Key-Visual-Kunst-2020-1300x676px.jpg","type":"image\/jpeg"}],"twitter_card":"summary_large_image","twitter_misc":{"Gesch\u00e4tzte Lesezeit":"1 Minute"},"schema":{"@context":"https:\/\/schema.org","@graph":[{"@type":"WebPage","@id":"https:\/\/www.marabu-creative.com\/de\/unternehmen\/vielfalt\/","url":"https:\/\/www.marabu-creative.com\/de\/unternehmen\/vielfalt\/","name":"WIR BEGEISTERN MIT UNSERER VIELFALT - Marabu Kreativ","isPartOf":{"@id":"https:\/\/www.marabu-creative.com\/en\/#website"},"datePublished":"2017-06-29T10:34:07+00:00","dateModified":"2021-04-15T12:38:26+00:00","breadcrumb":{"@id":"https:\/\/www.marabu-creative.com\/de\/unternehmen\/vielfalt\/#breadcrumb"},"inLanguage":"de-DE","potentialAction":[{"@type":"ReadAction","target":["https:\/\/www.marabu-creative.com\/de\/unternehmen\/vielfalt\/"]}]},{"@type":"BreadcrumbList","@id":"https:\/\/www.marabu-creative.com\/de\/unternehmen\/vielfalt\/#breadcrumb","itemListElement":[{"@type":"ListItem","position":1,"name":"Startseite","item":"https:\/\/www.marabu-creative.com\/de\/"},{"@type":"ListItem","position":2,"name":"Unternehmen","item":"https:\/\/www.marabu-creative.com\/de\/unternehmen\/"},{"@type":"ListItem","position":3,"name":"WIR BEGEISTERN MIT UNSERER VIELFALT"}]},{"@type":"WebSite","@id":"https:\/\/www.marabu-creative.com\/en\/#website","url":"https:\/\/www.marabu-creative.com\/en\/","name":"Marabu Kreativ","description":"","potentialAction":[{"@type":"SearchAction","target":{"@type":"EntryPoint","urlTemplate":"https:\/\/www.marabu-creative.com\/en\/?s={search_term_string}"},"query-input":"required name=search_term_string"}],"inLanguage":"de-DE"}]}},"_links":{"self":[{"href":"https:\/\/www.marabu-creative.com\/de\/wp-json\/wp\/v2\/pages\/25318"}],"collection":[{"href":"https:\/\/www.marabu-creative.com\/de\/wp-json\/wp\/v2\/pages"}],"about":[{"href":"https:\/\/www.marabu-creative.com\/de\/wp-json\/wp\/v2\/types\/page"}],"author":[{"embeddable":true,"href":"https:\/\/www.marabu-creative.com\/de\/wp-json\/wp\/v2\/users\/27"}],"replies":[{"embeddable":true,"href":"https:\/\/www.marabu-creative.com\/de\/wp-json\/wp\/v2\/comments?post=25318"}],"version-history":[{"count":0,"href":"https:\/\/www.marabu-creative.com\/de\/wp-json\/wp\/v2\/pages\/25318\/revisions"}],"up":[{"embeddable":true,"href":"https:\/\/www.marabu-creative.com\/de\/wp-json\/wp\/v2\/pages\/25241"}],"wp:featuredmedia":[{"embeddable":true,"href":"https:\/\/www.marabu-creative.com\/de\/wp-json\/wp\/v2\/media\/200776"}],"wp:attachment":[{"href":"https:\/\/www.marabu-creative.com\/de\/wp-json\/wp\/v2\/media?parent=25318"}],"curies":[{"name":"wp","href":"https:\/\/api.w.org\/{rel}","templated":true}]}}