{"id":25321,"date":"2017-06-29T12:39:52","date_gmt":"2017-06-29T10:39:52","guid":{"rendered":"https:\/\/www.marabu-creative.com\/?page_id=25321\/"},"modified":"2021-06-30T08:58:59","modified_gmt":"2021-06-30T06:58:59","slug":"kommunikation","status":"publish","type":"page","link":"https:\/\/www.marabu-creative.com\/de\/unternehmen\/kommunikation\/","title":{"rendered":"WIR KOMMUNIZIEREN MIT KONZEPT"},"content":{"rendered":"<div class=\"page\" title=\"Page 17\">\n<div class=\"section\">\n<div class=\"layoutArea\">\n<div class=\"column\">\n<h2>360\u00b0 KOMMUNIKATION<\/h2>\n<div class=\"page\" title=\"Page 17\">\n<div class=\"section\">\n<div class=\"layoutArea\">\n<div class=\"column\">\n<p>F\u00fcr Handelspartner bietet Marabu eine au\u00dferordentlich reiche Auswahl an Pr\u00e4sentationsm\u00f6glichkeiten. Passgenaue einzigartige Displays erm\u00f6glichen die optimale Platzierung am Point-of-Sale. Durch stets aktuelle, auf den Verbraucher zugeschnittene Informationsmaterialien sowie die starke Markenpr\u00e4sentation am Verkaufsregal k\u00f6nnen Kreative und K\u00fcnstler schnell in die beispiellose Produktvielfalt von Marabu eintauchen.<\/p>\n<p>Die weltweite Bekanntheit der Marke Marabu und die umfassende Marketingunterst\u00fctzung durch interaktive Onlinekommunikation und innovative Offlinekommunikation schaffen eine gro\u00dfartige und treue Marabu Community.<\/p>\n<p><img loading=\"lazy\" decoding=\"async\" class=\"aligncenter wp-image-118833 size-large\" src=\"https:\/\/www.marabu-creative.com\/wp-content\/uploads\/2018\/04\/marabu_header_display_decopainter-1024x576.png\" alt=\"\" width=\"1024\" height=\"576\" srcset=\"https:\/\/www.marabu-creative.com\/wp-content\/uploads\/2018\/04\/marabu_header_display_decopainter-1024x576.png 1024w, https:\/\/www.marabu-creative.com\/wp-content\/uploads\/2018\/04\/marabu_header_display_decopainter-300x169.png 300w, https:\/\/www.marabu-creative.com\/wp-content\/uploads\/2018\/04\/marabu_header_display_decopainter-768x432.png 768w\" sizes=\"(max-width: 1024px) 100vw, 1024px\" \/><\/p>\n<p><img loading=\"lazy\" decoding=\"async\" class=\"aligncenter wp-image-25167\" src=\"https:\/\/www.marabu-creative.com\/wp-content\/uploads\/2017\/06\/Marabu_121m-CMYK-682x1024.jpg\" alt=\"\" width=\"1024\" height=\"1538\" srcset=\"https:\/\/www.marabu-creative.com\/wp-content\/uploads\/2017\/06\/Marabu_121m-CMYK-682x1024.jpg 682w, https:\/\/www.marabu-creative.com\/wp-content\/uploads\/2017\/06\/Marabu_121m-CMYK-200x300.jpg 200w, https:\/\/www.marabu-creative.com\/wp-content\/uploads\/2017\/06\/Marabu_121m-CMYK-768x1154.jpg 768w\" sizes=\"(max-width: 1024px) 100vw, 1024px\" \/><\/p>\n<\/div>\n<\/div>\n<\/div>\n<\/div>\n<\/div>\n<\/div>\n<\/div>\n<\/div>\n","protected":false},"excerpt":{"rendered":"<p>360\u00b0 KOMMUNIKATION F\u00fcr Handelspartner bietet Marabu eine au\u00dferordentlich reiche Auswahl an Pr\u00e4sentationsm\u00f6glichkeiten. Passgenaue einzigartige Displays erm\u00f6glichen die optimale Platzierung am Point-of-Sale. Durch stets aktuelle, auf den Verbraucher zugeschnittene Informationsmaterialien sowie die starke Markenpr\u00e4sentation am Verkaufsregal k\u00f6nnen Kreative und K\u00fcnstler schnell in die beispiellose Produktvielfalt von Marabu eintauchen. Die weltweite Bekanntheit der Marke Marabu und die [&hellip;]<\/p>\n","protected":false},"author":27,"featured_media":118828,"parent":25241,"menu_order":6,"comment_status":"closed","ping_status":"closed","template":"","meta":{"_acf_changed":false,"footnotes":""},"acf":[],"yoast_head":"<!-- This site is optimized with the Yoast SEO plugin v19.14 - https:\/\/yoast.com\/wordpress\/plugins\/seo\/ -->\n<title>WIR KOMMUNIZIEREN MIT KONZEPT - Marabu Kreativ<\/title>\n<meta name=\"robots\" content=\"index, follow, max-snippet:-1, max-image-preview:large, max-video-preview:-1\" \/>\n<link rel=\"canonical\" href=\"https:\/\/www.marabu-creative.com\/de\/wp-json\/wp\/v2\/pages\/25321\" \/>\n<meta property=\"og:locale\" content=\"de_DE\" \/>\n<meta property=\"og:type\" content=\"article\" \/>\n<meta property=\"og:title\" content=\"WIR KOMMUNIZIEREN MIT KONZEPT - Marabu Kreativ\" \/>\n<meta property=\"og:description\" content=\"360\u00b0 KOMMUNIKATION F\u00fcr Handelspartner bietet Marabu eine au\u00dferordentlich reiche Auswahl an Pr\u00e4sentationsm\u00f6glichkeiten. Passgenaue einzigartige Displays erm\u00f6glichen die optimale Platzierung am Point-of-Sale. Durch stets aktuelle, auf den Verbraucher zugeschnittene Informationsmaterialien sowie die starke Markenpr\u00e4sentation am Verkaufsregal k\u00f6nnen Kreative und K\u00fcnstler schnell in die beispiellose Produktvielfalt von Marabu eintauchen. Die weltweite Bekanntheit der Marke Marabu und die [&hellip;]\" \/>\n<meta property=\"og:url\" content=\"https:\/\/www.marabu-creative.com\/de\/unternehmen\/kommunikation\/\" \/>\n<meta property=\"og:site_name\" content=\"Marabu Kreativ\" \/>\n<meta property=\"article:publisher\" content=\"https:\/\/www.facebook.com\/marabuchannel\/\" \/>\n<meta property=\"article:modified_time\" content=\"2021-06-30T06:58:59+00:00\" \/>\n<meta property=\"og:image\" content=\"https:\/\/www.marabu-creative.com\/wp-content\/uploads\/2018\/04\/marabu_header_graphix_kommunikation_unternehmen.png\" \/>\n\t<meta property=\"og:image:width\" content=\"2560\" \/>\n\t<meta property=\"og:image:height\" content=\"1440\" \/>\n\t<meta property=\"og:image:type\" content=\"image\/png\" \/>\n<meta name=\"twitter:card\" content=\"summary_large_image\" \/>\n<meta name=\"twitter:label1\" content=\"Gesch\u00e4tzte Lesezeit\" \/>\n\t<meta name=\"twitter:data1\" content=\"1 Minute\" \/>\n<script type=\"application\/ld+json\" class=\"yoast-schema-graph\">{\"@context\":\"https:\/\/schema.org\",\"@graph\":[{\"@type\":\"WebPage\",\"@id\":\"https:\/\/www.marabu-creative.com\/de\/unternehmen\/kommunikation\/\",\"url\":\"https:\/\/www.marabu-creative.com\/de\/unternehmen\/kommunikation\/\",\"name\":\"WIR KOMMUNIZIEREN MIT KONZEPT - Marabu Kreativ\",\"isPartOf\":{\"@id\":\"https:\/\/www.marabu-creative.com\/en\/#website\"},\"datePublished\":\"2017-06-29T10:39:52+00:00\",\"dateModified\":\"2021-06-30T06:58:59+00:00\",\"breadcrumb\":{\"@id\":\"https:\/\/www.marabu-creative.com\/de\/unternehmen\/kommunikation\/#breadcrumb\"},\"inLanguage\":\"de-DE\",\"potentialAction\":[{\"@type\":\"ReadAction\",\"target\":[\"https:\/\/www.marabu-creative.com\/de\/unternehmen\/kommunikation\/\"]}]},{\"@type\":\"BreadcrumbList\",\"@id\":\"https:\/\/www.marabu-creative.com\/de\/unternehmen\/kommunikation\/#breadcrumb\",\"itemListElement\":[{\"@type\":\"ListItem\",\"position\":1,\"name\":\"Startseite\",\"item\":\"https:\/\/www.marabu-creative.com\/de\/\"},{\"@type\":\"ListItem\",\"position\":2,\"name\":\"Unternehmen\",\"item\":\"https:\/\/www.marabu-creative.com\/de\/unternehmen\/\"},{\"@type\":\"ListItem\",\"position\":3,\"name\":\"WIR KOMMUNIZIEREN MIT KONZEPT\"}]},{\"@type\":\"WebSite\",\"@id\":\"https:\/\/www.marabu-creative.com\/en\/#website\",\"url\":\"https:\/\/www.marabu-creative.com\/en\/\",\"name\":\"Marabu Kreativ\",\"description\":\"\",\"potentialAction\":[{\"@type\":\"SearchAction\",\"target\":{\"@type\":\"EntryPoint\",\"urlTemplate\":\"https:\/\/www.marabu-creative.com\/en\/?s={search_term_string}\"},\"query-input\":\"required name=search_term_string\"}],\"inLanguage\":\"de-DE\"}]}<\/script>\n<!-- \/ Yoast SEO plugin. -->","yoast_head_json":{"title":"WIR KOMMUNIZIEREN MIT KONZEPT - Marabu Kreativ","robots":{"index":"index","follow":"follow","max-snippet":"max-snippet:-1","max-image-preview":"max-image-preview:large","max-video-preview":"max-video-preview:-1"},"canonical":"https:\/\/www.marabu-creative.com\/de\/wp-json\/wp\/v2\/pages\/25321","og_locale":"de_DE","og_type":"article","og_title":"WIR KOMMUNIZIEREN MIT KONZEPT - Marabu Kreativ","og_description":"360\u00b0 KOMMUNIKATION F\u00fcr Handelspartner bietet Marabu eine au\u00dferordentlich reiche Auswahl an Pr\u00e4sentationsm\u00f6glichkeiten. Passgenaue einzigartige Displays erm\u00f6glichen die optimale Platzierung am Point-of-Sale. Durch stets aktuelle, auf den Verbraucher zugeschnittene Informationsmaterialien sowie die starke Markenpr\u00e4sentation am Verkaufsregal k\u00f6nnen Kreative und K\u00fcnstler schnell in die beispiellose Produktvielfalt von Marabu eintauchen. Die weltweite Bekanntheit der Marke Marabu und die [&hellip;]","og_url":"https:\/\/www.marabu-creative.com\/de\/unternehmen\/kommunikation\/","og_site_name":"Marabu Kreativ","article_publisher":"https:\/\/www.facebook.com\/marabuchannel\/","article_modified_time":"2021-06-30T06:58:59+00:00","og_image":[{"width":2560,"height":1440,"url":"https:\/\/www.marabu-creative.com\/wp-content\/uploads\/2018\/04\/marabu_header_graphix_kommunikation_unternehmen.png","type":"image\/png"}],"twitter_card":"summary_large_image","twitter_misc":{"Gesch\u00e4tzte Lesezeit":"1 Minute"},"schema":{"@context":"https:\/\/schema.org","@graph":[{"@type":"WebPage","@id":"https:\/\/www.marabu-creative.com\/de\/unternehmen\/kommunikation\/","url":"https:\/\/www.marabu-creative.com\/de\/unternehmen\/kommunikation\/","name":"WIR KOMMUNIZIEREN MIT KONZEPT - Marabu Kreativ","isPartOf":{"@id":"https:\/\/www.marabu-creative.com\/en\/#website"},"datePublished":"2017-06-29T10:39:52+00:00","dateModified":"2021-06-30T06:58:59+00:00","breadcrumb":{"@id":"https:\/\/www.marabu-creative.com\/de\/unternehmen\/kommunikation\/#breadcrumb"},"inLanguage":"de-DE","potentialAction":[{"@type":"ReadAction","target":["https:\/\/www.marabu-creative.com\/de\/unternehmen\/kommunikation\/"]}]},{"@type":"BreadcrumbList","@id":"https:\/\/www.marabu-creative.com\/de\/unternehmen\/kommunikation\/#breadcrumb","itemListElement":[{"@type":"ListItem","position":1,"name":"Startseite","item":"https:\/\/www.marabu-creative.com\/de\/"},{"@type":"ListItem","position":2,"name":"Unternehmen","item":"https:\/\/www.marabu-creative.com\/de\/unternehmen\/"},{"@type":"ListItem","position":3,"name":"WIR KOMMUNIZIEREN MIT KONZEPT"}]},{"@type":"WebSite","@id":"https:\/\/www.marabu-creative.com\/en\/#website","url":"https:\/\/www.marabu-creative.com\/en\/","name":"Marabu Kreativ","description":"","potentialAction":[{"@type":"SearchAction","target":{"@type":"EntryPoint","urlTemplate":"https:\/\/www.marabu-creative.com\/en\/?s={search_term_string}"},"query-input":"required name=search_term_string"}],"inLanguage":"de-DE"}]}},"_links":{"self":[{"href":"https:\/\/www.marabu-creative.com\/de\/wp-json\/wp\/v2\/pages\/25321"}],"collection":[{"href":"https:\/\/www.marabu-creative.com\/de\/wp-json\/wp\/v2\/pages"}],"about":[{"href":"https:\/\/www.marabu-creative.com\/de\/wp-json\/wp\/v2\/types\/page"}],"author":[{"embeddable":true,"href":"https:\/\/www.marabu-creative.com\/de\/wp-json\/wp\/v2\/users\/27"}],"replies":[{"embeddable":true,"href":"https:\/\/www.marabu-creative.com\/de\/wp-json\/wp\/v2\/comments?post=25321"}],"version-history":[{"count":0,"href":"https:\/\/www.marabu-creative.com\/de\/wp-json\/wp\/v2\/pages\/25321\/revisions"}],"up":[{"embeddable":true,"href":"https:\/\/www.marabu-creative.com\/de\/wp-json\/wp\/v2\/pages\/25241"}],"wp:featuredmedia":[{"embeddable":true,"href":"https:\/\/www.marabu-creative.com\/de\/wp-json\/wp\/v2\/media\/118828"}],"wp:attachment":[{"href":"https:\/\/www.marabu-creative.com\/de\/wp-json\/wp\/v2\/media?parent=25321"}],"curies":[{"name":"wp","href":"https:\/\/api.w.org\/{rel}","templated":true}]}}