{"id":25330,"date":"2017-06-29T12:46:10","date_gmt":"2017-06-29T10:46:10","guid":{"rendered":"https:\/\/www.marabu-creative.com\/?page_id=25330\/"},"modified":"2018-04-18T15:20:37","modified_gmt":"2018-04-18T13:20:37","slug":"weltweit","status":"publish","type":"page","link":"https:\/\/www.marabu-creative.com\/de\/unternehmen\/weltweit\/","title":{"rendered":"WIR BEGEISTERN WELTWEIT"},"content":{"rendered":"<h2>DIE WELT DER FARBEN<\/h2>\n<div class=\"page\" title=\"Page 19\">\n<div class=\"layoutArea\">\n<div class=\"column\">\n<p>Gesteuert von den Niederlassungen in Deutschland, Frankreich und Nordamerika bietet Marabu Kreativfarben mit seinen Distributeuren in mehr als 50 L\u00e4ndern sein umfangreiches Sortiment an. Weltweit stehen allen Partnern h\u00f6chst engagierte und motivierte Vertriebs- und Marketingspezialisten zur Seite. Klare Guidelines f\u00fcr Marke und Kommunikation, exzellente Kommunikationstools, auf die internationalen Bed\u00fcrfnisse entwickelte Packagings sowie regelm\u00e4\u00dfiger internationaler Austausch und Schulungen vor Ort f\u00fchren gemeinsam zum Erfolg. Und zur Zufriedenheit der Kunden.<\/p>\n<p>&nbsp;<\/p>\n<p><a href=\"https:\/\/www.marabu-creative.com\/service\/marabu-worldwide\/\"><span style=\"text-decoration: underline;\">ZU DEN MARABU KREATIVFARBEN H\u00c4NDLERN WELTWEIT<\/span><\/a><\/p>\n<\/div>\n<div class=\"column\">\n<p>&nbsp;<\/p>\n<\/div>\n<\/div>\n<\/div>\n","protected":false},"excerpt":{"rendered":"<p>DIE WELT DER FARBEN Gesteuert von den Niederlassungen in Deutschland, Frankreich und Nordamerika bietet Marabu Kreativfarben mit seinen Distributeuren in mehr als 50 L\u00e4ndern sein umfangreiches Sortiment an. Weltweit stehen allen Partnern h\u00f6chst engagierte und motivierte Vertriebs- und Marketingspezialisten zur Seite. Klare Guidelines f\u00fcr Marke und Kommunikation, exzellente Kommunikationstools, auf die internationalen Bed\u00fcrfnisse entwickelte Packagings [&hellip;]<\/p>\n","protected":false},"author":27,"featured_media":29591,"parent":25241,"menu_order":3,"comment_status":"closed","ping_status":"closed","template":"","meta":{"_acf_changed":false,"footnotes":""},"acf":[],"yoast_head":"<!-- This site is optimized with the Yoast SEO plugin v19.14 - https:\/\/yoast.com\/wordpress\/plugins\/seo\/ -->\n<title>WIR BEGEISTERN WELTWEIT - Marabu Kreativ<\/title>\n<meta name=\"robots\" content=\"index, follow, max-snippet:-1, max-image-preview:large, max-video-preview:-1\" \/>\n<link rel=\"canonical\" href=\"https:\/\/www.marabu-creative.com\/de\/wp-json\/wp\/v2\/pages\/25330\" \/>\n<meta property=\"og:locale\" content=\"de_DE\" \/>\n<meta property=\"og:type\" content=\"article\" \/>\n<meta property=\"og:title\" content=\"WIR BEGEISTERN WELTWEIT - Marabu Kreativ\" \/>\n<meta property=\"og:description\" content=\"DIE WELT DER FARBEN Gesteuert von den Niederlassungen in Deutschland, Frankreich und Nordamerika bietet Marabu Kreativfarben mit seinen Distributeuren in mehr als 50 L\u00e4ndern sein umfangreiches Sortiment an. Weltweit stehen allen Partnern h\u00f6chst engagierte und motivierte Vertriebs- und Marketingspezialisten zur Seite. Klare Guidelines f\u00fcr Marke und Kommunikation, exzellente Kommunikationstools, auf die internationalen Bed\u00fcrfnisse entwickelte Packagings [&hellip;]\" \/>\n<meta property=\"og:url\" content=\"https:\/\/www.marabu-creative.com\/de\/unternehmen\/weltweit\/\" \/>\n<meta property=\"og:site_name\" content=\"Marabu Kreativ\" \/>\n<meta property=\"article:publisher\" content=\"https:\/\/www.facebook.com\/marabuchannel\/\" \/>\n<meta property=\"article:modified_time\" content=\"2018-04-18T13:20:37+00:00\" \/>\n<meta property=\"og:image\" content=\"https:\/\/www.marabu-creative.com\/wp-content\/uploads\/2017\/06\/marabu_weltkarte.jpg\" \/>\n\t<meta property=\"og:image:width\" content=\"2560\" \/>\n\t<meta property=\"og:image:height\" content=\"1280\" \/>\n\t<meta property=\"og:image:type\" content=\"image\/jpeg\" \/>\n<meta name=\"twitter:card\" content=\"summary_large_image\" \/>\n<script type=\"application\/ld+json\" class=\"yoast-schema-graph\">{\"@context\":\"https:\/\/schema.org\",\"@graph\":[{\"@type\":\"WebPage\",\"@id\":\"https:\/\/www.marabu-creative.com\/de\/unternehmen\/weltweit\/\",\"url\":\"https:\/\/www.marabu-creative.com\/de\/unternehmen\/weltweit\/\",\"name\":\"WIR BEGEISTERN WELTWEIT - Marabu Kreativ\",\"isPartOf\":{\"@id\":\"https:\/\/www.marabu-creative.com\/en\/#website\"},\"datePublished\":\"2017-06-29T10:46:10+00:00\",\"dateModified\":\"2018-04-18T13:20:37+00:00\",\"breadcrumb\":{\"@id\":\"https:\/\/www.marabu-creative.com\/de\/unternehmen\/weltweit\/#breadcrumb\"},\"inLanguage\":\"de-DE\",\"potentialAction\":[{\"@type\":\"ReadAction\",\"target\":[\"https:\/\/www.marabu-creative.com\/de\/unternehmen\/weltweit\/\"]}]},{\"@type\":\"BreadcrumbList\",\"@id\":\"https:\/\/www.marabu-creative.com\/de\/unternehmen\/weltweit\/#breadcrumb\",\"itemListElement\":[{\"@type\":\"ListItem\",\"position\":1,\"name\":\"Startseite\",\"item\":\"https:\/\/www.marabu-creative.com\/de\/\"},{\"@type\":\"ListItem\",\"position\":2,\"name\":\"Unternehmen\",\"item\":\"https:\/\/www.marabu-creative.com\/de\/unternehmen\/\"},{\"@type\":\"ListItem\",\"position\":3,\"name\":\"WIR BEGEISTERN WELTWEIT\"}]},{\"@type\":\"WebSite\",\"@id\":\"https:\/\/www.marabu-creative.com\/en\/#website\",\"url\":\"https:\/\/www.marabu-creative.com\/en\/\",\"name\":\"Marabu Kreativ\",\"description\":\"\",\"potentialAction\":[{\"@type\":\"SearchAction\",\"target\":{\"@type\":\"EntryPoint\",\"urlTemplate\":\"https:\/\/www.marabu-creative.com\/en\/?s={search_term_string}\"},\"query-input\":\"required name=search_term_string\"}],\"inLanguage\":\"de-DE\"}]}<\/script>\n<!-- \/ Yoast SEO plugin. -->","yoast_head_json":{"title":"WIR BEGEISTERN WELTWEIT - Marabu Kreativ","robots":{"index":"index","follow":"follow","max-snippet":"max-snippet:-1","max-image-preview":"max-image-preview:large","max-video-preview":"max-video-preview:-1"},"canonical":"https:\/\/www.marabu-creative.com\/de\/wp-json\/wp\/v2\/pages\/25330","og_locale":"de_DE","og_type":"article","og_title":"WIR BEGEISTERN WELTWEIT - Marabu Kreativ","og_description":"DIE WELT DER FARBEN Gesteuert von den Niederlassungen in Deutschland, Frankreich und Nordamerika bietet Marabu Kreativfarben mit seinen Distributeuren in mehr als 50 L\u00e4ndern sein umfangreiches Sortiment an. Weltweit stehen allen Partnern h\u00f6chst engagierte und motivierte Vertriebs- und Marketingspezialisten zur Seite. Klare Guidelines f\u00fcr Marke und Kommunikation, exzellente Kommunikationstools, auf die internationalen Bed\u00fcrfnisse entwickelte Packagings [&hellip;]","og_url":"https:\/\/www.marabu-creative.com\/de\/unternehmen\/weltweit\/","og_site_name":"Marabu Kreativ","article_publisher":"https:\/\/www.facebook.com\/marabuchannel\/","article_modified_time":"2018-04-18T13:20:37+00:00","og_image":[{"width":2560,"height":1280,"url":"https:\/\/www.marabu-creative.com\/wp-content\/uploads\/2017\/06\/marabu_weltkarte.jpg","type":"image\/jpeg"}],"twitter_card":"summary_large_image","schema":{"@context":"https:\/\/schema.org","@graph":[{"@type":"WebPage","@id":"https:\/\/www.marabu-creative.com\/de\/unternehmen\/weltweit\/","url":"https:\/\/www.marabu-creative.com\/de\/unternehmen\/weltweit\/","name":"WIR BEGEISTERN WELTWEIT - Marabu Kreativ","isPartOf":{"@id":"https:\/\/www.marabu-creative.com\/en\/#website"},"datePublished":"2017-06-29T10:46:10+00:00","dateModified":"2018-04-18T13:20:37+00:00","breadcrumb":{"@id":"https:\/\/www.marabu-creative.com\/de\/unternehmen\/weltweit\/#breadcrumb"},"inLanguage":"de-DE","potentialAction":[{"@type":"ReadAction","target":["https:\/\/www.marabu-creative.com\/de\/unternehmen\/weltweit\/"]}]},{"@type":"BreadcrumbList","@id":"https:\/\/www.marabu-creative.com\/de\/unternehmen\/weltweit\/#breadcrumb","itemListElement":[{"@type":"ListItem","position":1,"name":"Startseite","item":"https:\/\/www.marabu-creative.com\/de\/"},{"@type":"ListItem","position":2,"name":"Unternehmen","item":"https:\/\/www.marabu-creative.com\/de\/unternehmen\/"},{"@type":"ListItem","position":3,"name":"WIR BEGEISTERN WELTWEIT"}]},{"@type":"WebSite","@id":"https:\/\/www.marabu-creative.com\/en\/#website","url":"https:\/\/www.marabu-creative.com\/en\/","name":"Marabu Kreativ","description":"","potentialAction":[{"@type":"SearchAction","target":{"@type":"EntryPoint","urlTemplate":"https:\/\/www.marabu-creative.com\/en\/?s={search_term_string}"},"query-input":"required name=search_term_string"}],"inLanguage":"de-DE"}]}},"_links":{"self":[{"href":"https:\/\/www.marabu-creative.com\/de\/wp-json\/wp\/v2\/pages\/25330"}],"collection":[{"href":"https:\/\/www.marabu-creative.com\/de\/wp-json\/wp\/v2\/pages"}],"about":[{"href":"https:\/\/www.marabu-creative.com\/de\/wp-json\/wp\/v2\/types\/page"}],"author":[{"embeddable":true,"href":"https:\/\/www.marabu-creative.com\/de\/wp-json\/wp\/v2\/users\/27"}],"replies":[{"embeddable":true,"href":"https:\/\/www.marabu-creative.com\/de\/wp-json\/wp\/v2\/comments?post=25330"}],"version-history":[{"count":0,"href":"https:\/\/www.marabu-creative.com\/de\/wp-json\/wp\/v2\/pages\/25330\/revisions"}],"up":[{"embeddable":true,"href":"https:\/\/www.marabu-creative.com\/de\/wp-json\/wp\/v2\/pages\/25241"}],"wp:featuredmedia":[{"embeddable":true,"href":"https:\/\/www.marabu-creative.com\/de\/wp-json\/wp\/v2\/media\/29591"}],"wp:attachment":[{"href":"https:\/\/www.marabu-creative.com\/de\/wp-json\/wp\/v2\/media?parent=25330"}],"curies":[{"name":"wp","href":"https:\/\/api.w.org\/{rel}","templated":true}]}}