{"id":25348,"date":"2017-06-29T13:50:20","date_gmt":"2017-06-29T11:50:20","guid":{"rendered":"https:\/\/www.marabu-creative.com\/?page_id=25348\/"},"modified":"2020-02-06T11:44:36","modified_gmt":"2020-02-06T10:44:36","slug":"presse","status":"publish","type":"page","link":"https:\/\/www.marabu-creative.com\/de\/service\/presse\/","title":{"rendered":"Presse"},"content":{"rendered":"<p>Wir laden Sie herzlich ein, sich \u00fcber Aktuelles aus unserem Unternehmen sowie \u00fcber unsere Produktneuheiten zu informieren. Unsere Pressetexte und Bilder stellen wir Ihnen f\u00fcr die Publikation in Ihren Medien gerne zur Verf\u00fcgung. Dabei bitten wir Sie, unser Copyright zu beachten und die Bilder nur in Referenz zu Marabu Kreativfarben zu verwenden. Bei Ver\u00f6ffentlichung freuen wir uns \u00fcber eine Information bzw. \u00fcber ein Belegexemplar.<\/p>\n","protected":false},"excerpt":{"rendered":"<p>Wir laden Sie herzlich ein, sich \u00fcber Aktuelles aus unserem Unternehmen sowie \u00fcber unsere Produktneuheiten zu informieren. Unsere Pressetexte und Bilder stellen wir Ihnen f\u00fcr die Publikation in Ihren Medien gerne zur Verf\u00fcgung. Dabei bitten wir Sie, unser Copyright zu beachten und die Bilder nur in Referenz zu Marabu Kreativfarben zu verwenden. Bei Ver\u00f6ffentlichung freuen [&hellip;]<\/p>\n","protected":false},"author":27,"featured_media":27312,"parent":25338,"menu_order":16,"comment_status":"closed","ping_status":"closed","template":"templates\/press_and_media.php","meta":{"_acf_changed":false,"footnotes":""},"acf":[],"yoast_head":"<!-- This site is optimized with the Yoast SEO plugin v19.14 - https:\/\/yoast.com\/wordpress\/plugins\/seo\/ -->\n<title>Presse - Marabu Kreativ<\/title>\n<meta name=\"robots\" content=\"index, follow, max-snippet:-1, max-image-preview:large, max-video-preview:-1\" \/>\n<link rel=\"canonical\" href=\"https:\/\/www.marabu-creative.com\/de\/wp-json\/wp\/v2\/pages\/25348\" \/>\n<meta property=\"og:locale\" content=\"de_DE\" \/>\n<meta property=\"og:type\" content=\"article\" \/>\n<meta property=\"og:title\" content=\"Presse - Marabu Kreativ\" \/>\n<meta property=\"og:description\" content=\"Wir laden Sie herzlich ein, sich \u00fcber Aktuelles aus unserem Unternehmen sowie \u00fcber unsere Produktneuheiten zu informieren. Unsere Pressetexte und Bilder stellen wir Ihnen f\u00fcr die Publikation in Ihren Medien gerne zur Verf\u00fcgung. Dabei bitten wir Sie, unser Copyright zu beachten und die Bilder nur in Referenz zu Marabu Kreativfarben zu verwenden. Bei Ver\u00f6ffentlichung freuen [&hellip;]\" \/>\n<meta property=\"og:url\" content=\"https:\/\/www.marabu-creative.com\/de\/service\/presse\/\" \/>\n<meta property=\"og:site_name\" content=\"Marabu Kreativ\" \/>\n<meta property=\"article:publisher\" content=\"https:\/\/www.facebook.com\/marabuchannel\/\" \/>\n<meta property=\"article:modified_time\" content=\"2020-02-06T10:44:36+00:00\" \/>\n<meta property=\"og:image\" content=\"https:\/\/www.marabu-creative.com\/wp-content\/uploads\/2017\/06\/service-presse.jpg\" \/>\n\t<meta property=\"og:image:width\" content=\"2560\" \/>\n\t<meta property=\"og:image:height\" content=\"1440\" \/>\n\t<meta property=\"og:image:type\" content=\"image\/jpeg\" \/>\n<meta name=\"twitter:card\" content=\"summary_large_image\" \/>\n<script type=\"application\/ld+json\" class=\"yoast-schema-graph\">{\"@context\":\"https:\/\/schema.org\",\"@graph\":[{\"@type\":\"WebPage\",\"@id\":\"https:\/\/www.marabu-creative.com\/de\/service\/presse\/\",\"url\":\"https:\/\/www.marabu-creative.com\/de\/service\/presse\/\",\"name\":\"Presse - Marabu Kreativ\",\"isPartOf\":{\"@id\":\"https:\/\/www.marabu-creative.com\/en\/#website\"},\"datePublished\":\"2017-06-29T11:50:20+00:00\",\"dateModified\":\"2020-02-06T10:44:36+00:00\",\"breadcrumb\":{\"@id\":\"https:\/\/www.marabu-creative.com\/de\/service\/presse\/#breadcrumb\"},\"inLanguage\":\"de-DE\",\"potentialAction\":[{\"@type\":\"ReadAction\",\"target\":[\"https:\/\/www.marabu-creative.com\/de\/service\/presse\/\"]}]},{\"@type\":\"BreadcrumbList\",\"@id\":\"https:\/\/www.marabu-creative.com\/de\/service\/presse\/#breadcrumb\",\"itemListElement\":[{\"@type\":\"ListItem\",\"position\":1,\"name\":\"Startseite\",\"item\":\"https:\/\/www.marabu-creative.com\/de\/\"},{\"@type\":\"ListItem\",\"position\":2,\"name\":\"Service\",\"item\":\"https:\/\/www.marabu-creative.com\/de\/service\/\"},{\"@type\":\"ListItem\",\"position\":3,\"name\":\"Presse\"}]},{\"@type\":\"WebSite\",\"@id\":\"https:\/\/www.marabu-creative.com\/en\/#website\",\"url\":\"https:\/\/www.marabu-creative.com\/en\/\",\"name\":\"Marabu Kreativ\",\"description\":\"\",\"potentialAction\":[{\"@type\":\"SearchAction\",\"target\":{\"@type\":\"EntryPoint\",\"urlTemplate\":\"https:\/\/www.marabu-creative.com\/en\/?s={search_term_string}\"},\"query-input\":\"required name=search_term_string\"}],\"inLanguage\":\"de-DE\"}]}<\/script>\n<!-- \/ Yoast SEO plugin. -->","yoast_head_json":{"title":"Presse - Marabu Kreativ","robots":{"index":"index","follow":"follow","max-snippet":"max-snippet:-1","max-image-preview":"max-image-preview:large","max-video-preview":"max-video-preview:-1"},"canonical":"https:\/\/www.marabu-creative.com\/de\/wp-json\/wp\/v2\/pages\/25348","og_locale":"de_DE","og_type":"article","og_title":"Presse - Marabu Kreativ","og_description":"Wir laden Sie herzlich ein, sich \u00fcber Aktuelles aus unserem Unternehmen sowie \u00fcber unsere Produktneuheiten zu informieren. Unsere Pressetexte und Bilder stellen wir Ihnen f\u00fcr die Publikation in Ihren Medien gerne zur Verf\u00fcgung. Dabei bitten wir Sie, unser Copyright zu beachten und die Bilder nur in Referenz zu Marabu Kreativfarben zu verwenden. Bei Ver\u00f6ffentlichung freuen [&hellip;]","og_url":"https:\/\/www.marabu-creative.com\/de\/service\/presse\/","og_site_name":"Marabu Kreativ","article_publisher":"https:\/\/www.facebook.com\/marabuchannel\/","article_modified_time":"2020-02-06T10:44:36+00:00","og_image":[{"width":2560,"height":1440,"url":"https:\/\/www.marabu-creative.com\/wp-content\/uploads\/2017\/06\/service-presse.jpg","type":"image\/jpeg"}],"twitter_card":"summary_large_image","schema":{"@context":"https:\/\/schema.org","@graph":[{"@type":"WebPage","@id":"https:\/\/www.marabu-creative.com\/de\/service\/presse\/","url":"https:\/\/www.marabu-creative.com\/de\/service\/presse\/","name":"Presse - Marabu Kreativ","isPartOf":{"@id":"https:\/\/www.marabu-creative.com\/en\/#website"},"datePublished":"2017-06-29T11:50:20+00:00","dateModified":"2020-02-06T10:44:36+00:00","breadcrumb":{"@id":"https:\/\/www.marabu-creative.com\/de\/service\/presse\/#breadcrumb"},"inLanguage":"de-DE","potentialAction":[{"@type":"ReadAction","target":["https:\/\/www.marabu-creative.com\/de\/service\/presse\/"]}]},{"@type":"BreadcrumbList","@id":"https:\/\/www.marabu-creative.com\/de\/service\/presse\/#breadcrumb","itemListElement":[{"@type":"ListItem","position":1,"name":"Startseite","item":"https:\/\/www.marabu-creative.com\/de\/"},{"@type":"ListItem","position":2,"name":"Service","item":"https:\/\/www.marabu-creative.com\/de\/service\/"},{"@type":"ListItem","position":3,"name":"Presse"}]},{"@type":"WebSite","@id":"https:\/\/www.marabu-creative.com\/en\/#website","url":"https:\/\/www.marabu-creative.com\/en\/","name":"Marabu Kreativ","description":"","potentialAction":[{"@type":"SearchAction","target":{"@type":"EntryPoint","urlTemplate":"https:\/\/www.marabu-creative.com\/en\/?s={search_term_string}"},"query-input":"required name=search_term_string"}],"inLanguage":"de-DE"}]}},"_links":{"self":[{"href":"https:\/\/www.marabu-creative.com\/de\/wp-json\/wp\/v2\/pages\/25348"}],"collection":[{"href":"https:\/\/www.marabu-creative.com\/de\/wp-json\/wp\/v2\/pages"}],"about":[{"href":"https:\/\/www.marabu-creative.com\/de\/wp-json\/wp\/v2\/types\/page"}],"author":[{"embeddable":true,"href":"https:\/\/www.marabu-creative.com\/de\/wp-json\/wp\/v2\/users\/27"}],"replies":[{"embeddable":true,"href":"https:\/\/www.marabu-creative.com\/de\/wp-json\/wp\/v2\/comments?post=25348"}],"version-history":[{"count":0,"href":"https:\/\/www.marabu-creative.com\/de\/wp-json\/wp\/v2\/pages\/25348\/revisions"}],"up":[{"embeddable":true,"href":"https:\/\/www.marabu-creative.com\/de\/wp-json\/wp\/v2\/pages\/25338"}],"wp:featuredmedia":[{"embeddable":true,"href":"https:\/\/www.marabu-creative.com\/de\/wp-json\/wp\/v2\/media\/27312"}],"wp:attachment":[{"href":"https:\/\/www.marabu-creative.com\/de\/wp-json\/wp\/v2\/media?parent=25348"}],"curies":[{"name":"wp","href":"https:\/\/api.w.org\/{rel}","templated":true}]}}