{"id":25351,"date":"2017-06-29T14:06:35","date_gmt":"2017-06-29T12:06:35","guid":{"rendered":"https:\/\/www.marabu-creative.com\/?page_id=25351\/"},"modified":"2023-04-27T13:44:57","modified_gmt":"2023-04-27T11:44:57","slug":"impressum","status":"publish","type":"page","link":"https:\/\/www.marabu-creative.com\/de\/impressum\/","title":{"rendered":"Impressum"},"content":{"rendered":"<h3>1. Anbieterkennzeichnung<\/h3>\n<p>Marabu GmbH &amp; Co. KG<br \/>\nAsperger Stra\u00dfe 4<br \/>\n71732 Tamm<br \/>\nDeutschland<\/p>\n<p>Telefon: +49 7141 \/ 691-0<br \/>\nTelefax: +49 7141 \/ 691-147<br \/>\nE-Mail: info@marabu.com<\/p>\n<p>Amtsgericht Stuttgart, HRA 300662<br \/>\nGesch\u00e4ftsf\u00fchrer: York Boeder<br \/>\nMarabu Beteiligungsgesellschaft mbH<br \/>\nAmtsgericht Stuttgart, HRB 300316<br \/>\nUSt-IdNr. DE 146 146 563<\/p>\n<h3>\u00a0<\/h3>\n<h3>2.\u00a0Hinweise zur Haftung<\/h3>\n<p class=\"bodytext\">Anbieter sind f\u00fcr die eigenen Inhalte, die sie zur Nutzung bereithalten, nach den allgemeinen Gesetzen verantwortlich. Von diesen eigenen Inhalten sind Querverweise auf die von anderen Anbietern bereitgehaltenen Inhalte zu unterscheiden. Die Inhalte fremder Web-Seiten, auf die mittels eines Hyperlinks verwiesen wird, dienen lediglich der Information. Die Verantwortlichkeit f\u00fcr diese fremden Inhalte liegt alleine bei dem Anbieter, der die Inhalte bereith\u00e4lt.<\/p>\n<p class=\"bodytext\">Vor dem Einrichten des entsprechenden Verweises sind die Web-Seiten der anderen Anbieter mit gro\u00dfer Sorgfalt und nach bestem Wissen und Gewissen \u00fcberpr\u00fcft worden. Es kann jedoch keine Gew\u00e4hr f\u00fcr die Vollst\u00e4ndigkeit und Richtigkeit von Informationen \u00fcbernommen werden, die \u00fcber weiterf\u00fchrende Hyperlinks erreicht werden. Der Inhalt der anderen Web-Seiten kann jederzeit ohne Wissen der Marabu GmbH &amp; Co. KG ge\u00e4ndert werden. Falls diese Website auf Seiten verweisen sollte, deren Inhalt Anla\u00df zur Beanstandung gibt, bittet die Marabu GmbH &amp; Co. KG um Mitteilung.<\/p>\n<p class=\"bodytext\">Die Marabu GmbH &amp; Co. KG ist berechtigt, ohne vorherige Ank\u00fcndigung \u00c4nderungen oder Erg\u00e4nzungen der bereitgestellten Informationen vorzunehmen, gegebenenfalls auch Informationen zu entfernen.<\/p>\n<h3>\u00a0<\/h3>\n<h3>3.\u00a0Hinweise zu Urheber- und Kennzeichenrechten<\/h3>\n<p class=\"bodytext\">Die Inhalte der Marabu-Web-Seiten werden durch das Urheberrecht gesch\u00fctzt. Ohne vorherige Genehmigung durch die Marabu GmbH &amp; Co. KG und au\u00dferhalb der gesetzlich zul\u00e4ssigen Verwertungshandlungen sind sowohl die kommerzielle Vervielf\u00e4ltigung, Verbreitung, \u00f6ffentliche Wiedergabe und Bearbeitung der auf diesem Server liegenden Web-Seiten als auch die kommerzielle Nutzung unserer Datenbanken ausdr\u00fccklich untersagt. Soweit es im Einzelfall nicht anders geregelt ist und soweit nicht fremde Rechte betroffen sind, ist die Vervielf\u00e4ltigung, Verbreitung, \u00f6ffentliche Wiedergabe und Bearbeitung dieser Web-Site oder einzelner Elemente in elektronischer oder gedruckter Form nur unter der Bedingung gestattet, da\u00df die Quelle (\u201eMarabu GmbH &amp; Co. KG\u201c) und die URL (http:\/\/www.marabu.de\/kreativ) genannt werden.<\/p>\n<p class=\"bodytext\">Alle innerhalb des Internetangebotes genannten und durch Dritte gesch\u00fctzten Marken- und Warenzeichen unterliegen \u2013 auch ohne explizite Kennzeichnung \u2013 uneingeschr\u00e4nkt den Bestimmungen des jeweils g\u00fcltigen Kennzeichenrechts und den Besitzrechten der jeweiligen eingetragenen Eigent\u00fcmer. Allein aufgrund der blo\u00dfen Nennung ist nicht der Schluss zu ziehen, dass Markenzeichen nicht durch Rechte Dritter gesch\u00fctzt sind. Nicht angegebene Warenzeichen-Kennzeichnungen an Produkten sind ohne Absicht auf Unterlassung der Kennzeichnung eingetragen.<\/p>\n<h3>\u00a0<\/h3>\n<h3>4. Hinweis f\u00fcr Werbetreibende<\/h3>\n<p>Die Marabu GmbH &amp; Co. KG widerspricht hiermit ausdr\u00fccklich jedweder Verwendung der hier angegebenen Adressen, Fax- oder Telefonnummern und insbesondere der hier genannten E-Mailadressen zu Zwecken der Direktwerbung, sei es zur eigenen Verwendung oder zur Verwendung durch Dritte.<\/p>\n<h3>\u00a0<\/h3>\n<h3>5.\u00a0Datenschutzerkl\u00e4rung<\/h3>\n<p>Unsere Datenschutzerkl\u00e4rung finden Sie\u00a0<a href=\"https:\/\/www.marabu-creative.com\/de\/datenschutz\/\">hier<\/a>.<\/p>\n<h3>\u00a0<\/h3>\n<h3>6.\u00a0Pflichtinformation zur Online-Beilegung verbraucherrechtlicher Streitigkeiten nach Art. 14 Abs. 1 Verordnung (EU) Nr. 524\/2013<\/h3>\n<p class=\"bodytext\">Die Europ\u00e4ische Kommission stellt eine Plattform zur Online-Streitbeilegung (OS-Plattform) unter dem Link\u00a0<strong><a title=\"stellt\" href=\"https:\/\/webgate.ec.europa.eu\/odr\/main\/index.cfm?event=main.home.chooseLanguage\" target=\"Europ\u00e4ische\" rel=\"noopener noreferrer\">http:\/\/ec.europa.eu\/consumers\/odr\/index_en.htm<\/a><\/strong> bereit. Die Plattform dient der Beilegung von Streitigkeiten zwischen Verbrauchern und Unternehmern, die sich aus dem Online-Verkauf von Waren oder der Online-Erbringung von Dienstleistungen ergeben.<\/p>\n<p>&nbsp;<\/p>\n<p>&nbsp;<\/p>\n<p>&nbsp;<\/p>\n<h3><strong>Webdesign und WordPress-Realisierung<\/strong><\/h3>\n<p>VERDURE Medienteam GmbH<br \/>\nDie <a title=\"WordPress Agentur\" href=\"https:\/\/www.verdure.de\/wordpress\/\" target=\"_blank\" rel=\"noopener noreferrer\">WordPress-Agentur in Stuttgart<\/a> f\u00fcr anspruchsvolles Webdesign und zuverl\u00e4ssige Programmierung.<br \/>\n<a title=\"Internetagentur\" href=\"https:\/\/www.verdure.de\" target=\"_blank\" rel=\"noopener noreferrer\">www.verdure.de<\/a><\/p>\n","protected":false},"excerpt":{"rendered":"<p>1. Anbieterkennzeichnung Marabu GmbH &amp; Co. KG Asperger Stra\u00dfe 4 71732 Tamm Deutschland Telefon: +49 7141 \/ 691-0 Telefax: +49 7141 \/ 691-147 E-Mail: info@marabu.com Amtsgericht Stuttgart, HRA 300662 Gesch\u00e4ftsf\u00fchrer: York Boeder Marabu Beteiligungsgesellschaft mbH Amtsgericht Stuttgart, HRB 300316 USt-IdNr. DE 146 146 563 \u00a0 2.\u00a0Hinweise zur Haftung Anbieter sind f\u00fcr die eigenen Inhalte, die [&hellip;]<\/p>\n","protected":false},"author":27,"featured_media":136289,"parent":0,"menu_order":11,"comment_status":"closed","ping_status":"closed","template":"","meta":{"_acf_changed":false,"footnotes":""},"acf":[],"yoast_head":"<!-- This site is optimized with the Yoast SEO plugin v19.14 - https:\/\/yoast.com\/wordpress\/plugins\/seo\/ -->\n<title>Impressum - Marabu Kreativ<\/title>\n<meta name=\"robots\" content=\"index, follow, max-snippet:-1, max-image-preview:large, max-video-preview:-1\" \/>\n<link rel=\"canonical\" href=\"https:\/\/www.marabu-creative.com\/de\/wp-json\/wp\/v2\/pages\/25351\" \/>\n<meta property=\"og:locale\" content=\"de_DE\" \/>\n<meta property=\"og:type\" content=\"article\" \/>\n<meta property=\"og:title\" content=\"Impressum - Marabu Kreativ\" \/>\n<meta property=\"og:description\" content=\"1. Anbieterkennzeichnung Marabu GmbH &amp; Co. KG Asperger Stra\u00dfe 4 71732 Tamm Deutschland Telefon: +49 7141 \/ 691-0 Telefax: +49 7141 \/ 691-147 E-Mail: info@marabu.com Amtsgericht Stuttgart, HRA 300662 Gesch\u00e4ftsf\u00fchrer: York Boeder Marabu Beteiligungsgesellschaft mbH Amtsgericht Stuttgart, HRB 300316 USt-IdNr. DE 146 146 563 \u00a0 2.\u00a0Hinweise zur Haftung Anbieter sind f\u00fcr die eigenen Inhalte, die [&hellip;]\" \/>\n<meta property=\"og:url\" content=\"https:\/\/www.marabu-creative.com\/de\/impressum\/\" \/>\n<meta property=\"og:site_name\" content=\"Marabu Kreativ\" \/>\n<meta property=\"article:publisher\" content=\"https:\/\/www.facebook.com\/marabuchannel\/\" \/>\n<meta property=\"article:modified_time\" content=\"2023-04-27T11:44:57+00:00\" \/>\n<meta property=\"og:image\" content=\"https:\/\/www.marabu-creative.com\/wp-content\/uploads\/2018\/06\/marabu-header-keyvisual.jpg\" \/>\n\t<meta property=\"og:image:width\" content=\"2560\" \/>\n\t<meta property=\"og:image:height\" content=\"1440\" \/>\n\t<meta property=\"og:image:type\" content=\"image\/jpeg\" \/>\n<meta name=\"twitter:card\" content=\"summary_large_image\" \/>\n<meta name=\"twitter:label1\" content=\"Gesch\u00e4tzte Lesezeit\" \/>\n\t<meta name=\"twitter:data1\" content=\"3 Minuten\" \/>\n<script type=\"application\/ld+json\" class=\"yoast-schema-graph\">{\"@context\":\"https:\/\/schema.org\",\"@graph\":[{\"@type\":\"WebPage\",\"@id\":\"https:\/\/www.marabu-creative.com\/de\/impressum\/\",\"url\":\"https:\/\/www.marabu-creative.com\/de\/impressum\/\",\"name\":\"Impressum - Marabu Kreativ\",\"isPartOf\":{\"@id\":\"https:\/\/www.marabu-creative.com\/en\/#website\"},\"datePublished\":\"2017-06-29T12:06:35+00:00\",\"dateModified\":\"2023-04-27T11:44:57+00:00\",\"breadcrumb\":{\"@id\":\"https:\/\/www.marabu-creative.com\/de\/impressum\/#breadcrumb\"},\"inLanguage\":\"de-DE\",\"potentialAction\":[{\"@type\":\"ReadAction\",\"target\":[\"https:\/\/www.marabu-creative.com\/de\/impressum\/\"]}]},{\"@type\":\"BreadcrumbList\",\"@id\":\"https:\/\/www.marabu-creative.com\/de\/impressum\/#breadcrumb\",\"itemListElement\":[{\"@type\":\"ListItem\",\"position\":1,\"name\":\"Startseite\",\"item\":\"https:\/\/www.marabu-creative.com\/de\/\"},{\"@type\":\"ListItem\",\"position\":2,\"name\":\"Impressum\"}]},{\"@type\":\"WebSite\",\"@id\":\"https:\/\/www.marabu-creative.com\/en\/#website\",\"url\":\"https:\/\/www.marabu-creative.com\/en\/\",\"name\":\"Marabu Kreativ\",\"description\":\"\",\"potentialAction\":[{\"@type\":\"SearchAction\",\"target\":{\"@type\":\"EntryPoint\",\"urlTemplate\":\"https:\/\/www.marabu-creative.com\/en\/?s={search_term_string}\"},\"query-input\":\"required name=search_term_string\"}],\"inLanguage\":\"de-DE\"}]}<\/script>\n<!-- \/ Yoast SEO plugin. -->","yoast_head_json":{"title":"Impressum - Marabu Kreativ","robots":{"index":"index","follow":"follow","max-snippet":"max-snippet:-1","max-image-preview":"max-image-preview:large","max-video-preview":"max-video-preview:-1"},"canonical":"https:\/\/www.marabu-creative.com\/de\/wp-json\/wp\/v2\/pages\/25351","og_locale":"de_DE","og_type":"article","og_title":"Impressum - Marabu Kreativ","og_description":"1. Anbieterkennzeichnung Marabu GmbH &amp; Co. KG Asperger Stra\u00dfe 4 71732 Tamm Deutschland Telefon: +49 7141 \/ 691-0 Telefax: +49 7141 \/ 691-147 E-Mail: info@marabu.com Amtsgericht Stuttgart, HRA 300662 Gesch\u00e4ftsf\u00fchrer: York Boeder Marabu Beteiligungsgesellschaft mbH Amtsgericht Stuttgart, HRB 300316 USt-IdNr. DE 146 146 563 \u00a0 2.\u00a0Hinweise zur Haftung Anbieter sind f\u00fcr die eigenen Inhalte, die [&hellip;]","og_url":"https:\/\/www.marabu-creative.com\/de\/impressum\/","og_site_name":"Marabu Kreativ","article_publisher":"https:\/\/www.facebook.com\/marabuchannel\/","article_modified_time":"2023-04-27T11:44:57+00:00","og_image":[{"width":2560,"height":1440,"url":"https:\/\/www.marabu-creative.com\/wp-content\/uploads\/2018\/06\/marabu-header-keyvisual.jpg","type":"image\/jpeg"}],"twitter_card":"summary_large_image","twitter_misc":{"Gesch\u00e4tzte Lesezeit":"3 Minuten"},"schema":{"@context":"https:\/\/schema.org","@graph":[{"@type":"WebPage","@id":"https:\/\/www.marabu-creative.com\/de\/impressum\/","url":"https:\/\/www.marabu-creative.com\/de\/impressum\/","name":"Impressum - Marabu Kreativ","isPartOf":{"@id":"https:\/\/www.marabu-creative.com\/en\/#website"},"datePublished":"2017-06-29T12:06:35+00:00","dateModified":"2023-04-27T11:44:57+00:00","breadcrumb":{"@id":"https:\/\/www.marabu-creative.com\/de\/impressum\/#breadcrumb"},"inLanguage":"de-DE","potentialAction":[{"@type":"ReadAction","target":["https:\/\/www.marabu-creative.com\/de\/impressum\/"]}]},{"@type":"BreadcrumbList","@id":"https:\/\/www.marabu-creative.com\/de\/impressum\/#breadcrumb","itemListElement":[{"@type":"ListItem","position":1,"name":"Startseite","item":"https:\/\/www.marabu-creative.com\/de\/"},{"@type":"ListItem","position":2,"name":"Impressum"}]},{"@type":"WebSite","@id":"https:\/\/www.marabu-creative.com\/en\/#website","url":"https:\/\/www.marabu-creative.com\/en\/","name":"Marabu Kreativ","description":"","potentialAction":[{"@type":"SearchAction","target":{"@type":"EntryPoint","urlTemplate":"https:\/\/www.marabu-creative.com\/en\/?s={search_term_string}"},"query-input":"required name=search_term_string"}],"inLanguage":"de-DE"}]}},"_links":{"self":[{"href":"https:\/\/www.marabu-creative.com\/de\/wp-json\/wp\/v2\/pages\/25351"}],"collection":[{"href":"https:\/\/www.marabu-creative.com\/de\/wp-json\/wp\/v2\/pages"}],"about":[{"href":"https:\/\/www.marabu-creative.com\/de\/wp-json\/wp\/v2\/types\/page"}],"author":[{"embeddable":true,"href":"https:\/\/www.marabu-creative.com\/de\/wp-json\/wp\/v2\/users\/27"}],"replies":[{"embeddable":true,"href":"https:\/\/www.marabu-creative.com\/de\/wp-json\/wp\/v2\/comments?post=25351"}],"version-history":[{"count":0,"href":"https:\/\/www.marabu-creative.com\/de\/wp-json\/wp\/v2\/pages\/25351\/revisions"}],"wp:featuredmedia":[{"embeddable":true,"href":"https:\/\/www.marabu-creative.com\/de\/wp-json\/wp\/v2\/media\/136289"}],"wp:attachment":[{"href":"https:\/\/www.marabu-creative.com\/de\/wp-json\/wp\/v2\/media?parent=25351"}],"curies":[{"name":"wp","href":"https:\/\/api.w.org\/{rel}","templated":true}]}}