{"id":29068,"date":"2017-07-14T15:49:06","date_gmt":"2017-07-14T13:49:06","guid":{"rendered":"https:\/\/www.marabu-creative.com\/?page_id=29068\/"},"modified":"2024-06-12T14:12:18","modified_gmt":"2024-06-12T12:12:18","slug":"marabu-weltweit","status":"publish","type":"page","link":"https:\/\/www.marabu-creative.com\/de\/service\/marabu-weltweit\/","title":{"rendered":"Marabu Weltweit"},"content":{"rendered":"<p>Gesteuert von den Niederlassungen in Deutschland, Frankreich und Nordamerika bietet Marabu Kreativfarben mit seinen Distributoren in mehr als 50 L\u00e4ndern sein umfangreiches Sortiment an.<\/p>\n<p>&nbsp;<\/p>\n<p>Die interaktive Karte erm\u00f6glicht Ihnen, Ihren n\u00e4chstgelegenen Marabu H\u00e4ndler zu finden. <br \/>\nBitte haben Sie Verst\u00e4ndnis daf\u00fcr, dass wir keine vollst\u00e4ndigen Best\u00e4nde unseres gesamten Sortiments garantieren k\u00f6nnen. Unsere H\u00e4ndler helfen Ihnen gerne weiter.<br \/>\nFalls Sie in Ihrem Land keine Adresse finden, benutzen Sie bitte das Kontaktformular und schreiben Sie uns, wir helfen Ihnen gerne weiter!<\/p>\n<p>&nbsp;<\/p>\n","protected":false},"excerpt":{"rendered":"<p>Gesteuert von den Niederlassungen in Deutschland, Frankreich und Nordamerika bietet Marabu Kreativfarben mit seinen Distributoren in mehr als 50 L\u00e4ndern sein umfangreiches Sortiment an. &nbsp; Die interaktive Karte erm\u00f6glicht Ihnen, Ihren n\u00e4chstgelegenen Marabu H\u00e4ndler zu finden. Bitte haben Sie Verst\u00e4ndnis daf\u00fcr, dass wir keine vollst\u00e4ndigen Best\u00e4nde unseres gesamten Sortiments garantieren k\u00f6nnen. Unsere H\u00e4ndler helfen Ihnen [&hellip;]<\/p>\n","protected":false},"author":27,"featured_media":0,"parent":25338,"menu_order":3,"comment_status":"closed","ping_status":"closed","template":"templates\/map.php","meta":{"_acf_changed":false,"footnotes":""},"acf":[],"yoast_head":"<!-- This site is optimized with the Yoast SEO plugin v19.14 - https:\/\/yoast.com\/wordpress\/plugins\/seo\/ -->\n<title>Marabu Weltweit - Marabu Kreativ<\/title>\n<meta name=\"robots\" content=\"index, follow, max-snippet:-1, max-image-preview:large, max-video-preview:-1\" \/>\n<link rel=\"canonical\" href=\"https:\/\/www.marabu-creative.com\/de\/wp-json\/wp\/v2\/pages\/29068\" \/>\n<meta property=\"og:locale\" content=\"de_DE\" \/>\n<meta property=\"og:type\" content=\"article\" \/>\n<meta property=\"og:title\" content=\"Marabu Weltweit - Marabu Kreativ\" \/>\n<meta property=\"og:description\" content=\"Gesteuert von den Niederlassungen in Deutschland, Frankreich und Nordamerika bietet Marabu Kreativfarben mit seinen Distributoren in mehr als 50 L\u00e4ndern sein umfangreiches Sortiment an. &nbsp; Die interaktive Karte erm\u00f6glicht Ihnen, Ihren n\u00e4chstgelegenen Marabu H\u00e4ndler zu finden. Bitte haben Sie Verst\u00e4ndnis daf\u00fcr, dass wir keine vollst\u00e4ndigen Best\u00e4nde unseres gesamten Sortiments garantieren k\u00f6nnen. Unsere H\u00e4ndler helfen Ihnen [&hellip;]\" \/>\n<meta property=\"og:url\" content=\"https:\/\/www.marabu-creative.com\/de\/service\/marabu-weltweit\/\" \/>\n<meta property=\"og:site_name\" content=\"Marabu Kreativ\" \/>\n<meta property=\"article:publisher\" content=\"https:\/\/www.facebook.com\/marabuchannel\/\" \/>\n<meta property=\"article:modified_time\" content=\"2024-06-12T12:12:18+00:00\" \/>\n<meta name=\"twitter:card\" content=\"summary_large_image\" \/>\n<script type=\"application\/ld+json\" class=\"yoast-schema-graph\">{\"@context\":\"https:\/\/schema.org\",\"@graph\":[{\"@type\":\"WebPage\",\"@id\":\"https:\/\/www.marabu-creative.com\/de\/service\/marabu-weltweit\/\",\"url\":\"https:\/\/www.marabu-creative.com\/de\/service\/marabu-weltweit\/\",\"name\":\"Marabu Weltweit - Marabu Kreativ\",\"isPartOf\":{\"@id\":\"https:\/\/www.marabu-creative.com\/en\/#website\"},\"datePublished\":\"2017-07-14T13:49:06+00:00\",\"dateModified\":\"2024-06-12T12:12:18+00:00\",\"breadcrumb\":{\"@id\":\"https:\/\/www.marabu-creative.com\/de\/service\/marabu-weltweit\/#breadcrumb\"},\"inLanguage\":\"de-DE\",\"potentialAction\":[{\"@type\":\"ReadAction\",\"target\":[\"https:\/\/www.marabu-creative.com\/de\/service\/marabu-weltweit\/\"]}]},{\"@type\":\"BreadcrumbList\",\"@id\":\"https:\/\/www.marabu-creative.com\/de\/service\/marabu-weltweit\/#breadcrumb\",\"itemListElement\":[{\"@type\":\"ListItem\",\"position\":1,\"name\":\"Startseite\",\"item\":\"https:\/\/www.marabu-creative.com\/de\/\"},{\"@type\":\"ListItem\",\"position\":2,\"name\":\"Service\",\"item\":\"https:\/\/www.marabu-creative.com\/de\/service\/\"},{\"@type\":\"ListItem\",\"position\":3,\"name\":\"Marabu Weltweit\"}]},{\"@type\":\"WebSite\",\"@id\":\"https:\/\/www.marabu-creative.com\/en\/#website\",\"url\":\"https:\/\/www.marabu-creative.com\/en\/\",\"name\":\"Marabu Kreativ\",\"description\":\"\",\"potentialAction\":[{\"@type\":\"SearchAction\",\"target\":{\"@type\":\"EntryPoint\",\"urlTemplate\":\"https:\/\/www.marabu-creative.com\/en\/?s={search_term_string}\"},\"query-input\":\"required name=search_term_string\"}],\"inLanguage\":\"de-DE\"}]}<\/script>\n<!-- \/ Yoast SEO plugin. -->","yoast_head_json":{"title":"Marabu Weltweit - Marabu Kreativ","robots":{"index":"index","follow":"follow","max-snippet":"max-snippet:-1","max-image-preview":"max-image-preview:large","max-video-preview":"max-video-preview:-1"},"canonical":"https:\/\/www.marabu-creative.com\/de\/wp-json\/wp\/v2\/pages\/29068","og_locale":"de_DE","og_type":"article","og_title":"Marabu Weltweit - Marabu Kreativ","og_description":"Gesteuert von den Niederlassungen in Deutschland, Frankreich und Nordamerika bietet Marabu Kreativfarben mit seinen Distributoren in mehr als 50 L\u00e4ndern sein umfangreiches Sortiment an. &nbsp; Die interaktive Karte erm\u00f6glicht Ihnen, Ihren n\u00e4chstgelegenen Marabu H\u00e4ndler zu finden. Bitte haben Sie Verst\u00e4ndnis daf\u00fcr, dass wir keine vollst\u00e4ndigen Best\u00e4nde unseres gesamten Sortiments garantieren k\u00f6nnen. Unsere H\u00e4ndler helfen Ihnen [&hellip;]","og_url":"https:\/\/www.marabu-creative.com\/de\/service\/marabu-weltweit\/","og_site_name":"Marabu Kreativ","article_publisher":"https:\/\/www.facebook.com\/marabuchannel\/","article_modified_time":"2024-06-12T12:12:18+00:00","twitter_card":"summary_large_image","schema":{"@context":"https:\/\/schema.org","@graph":[{"@type":"WebPage","@id":"https:\/\/www.marabu-creative.com\/de\/service\/marabu-weltweit\/","url":"https:\/\/www.marabu-creative.com\/de\/service\/marabu-weltweit\/","name":"Marabu Weltweit - Marabu Kreativ","isPartOf":{"@id":"https:\/\/www.marabu-creative.com\/en\/#website"},"datePublished":"2017-07-14T13:49:06+00:00","dateModified":"2024-06-12T12:12:18+00:00","breadcrumb":{"@id":"https:\/\/www.marabu-creative.com\/de\/service\/marabu-weltweit\/#breadcrumb"},"inLanguage":"de-DE","potentialAction":[{"@type":"ReadAction","target":["https:\/\/www.marabu-creative.com\/de\/service\/marabu-weltweit\/"]}]},{"@type":"BreadcrumbList","@id":"https:\/\/www.marabu-creative.com\/de\/service\/marabu-weltweit\/#breadcrumb","itemListElement":[{"@type":"ListItem","position":1,"name":"Startseite","item":"https:\/\/www.marabu-creative.com\/de\/"},{"@type":"ListItem","position":2,"name":"Service","item":"https:\/\/www.marabu-creative.com\/de\/service\/"},{"@type":"ListItem","position":3,"name":"Marabu Weltweit"}]},{"@type":"WebSite","@id":"https:\/\/www.marabu-creative.com\/en\/#website","url":"https:\/\/www.marabu-creative.com\/en\/","name":"Marabu Kreativ","description":"","potentialAction":[{"@type":"SearchAction","target":{"@type":"EntryPoint","urlTemplate":"https:\/\/www.marabu-creative.com\/en\/?s={search_term_string}"},"query-input":"required name=search_term_string"}],"inLanguage":"de-DE"}]}},"_links":{"self":[{"href":"https:\/\/www.marabu-creative.com\/de\/wp-json\/wp\/v2\/pages\/29068"}],"collection":[{"href":"https:\/\/www.marabu-creative.com\/de\/wp-json\/wp\/v2\/pages"}],"about":[{"href":"https:\/\/www.marabu-creative.com\/de\/wp-json\/wp\/v2\/types\/page"}],"author":[{"embeddable":true,"href":"https:\/\/www.marabu-creative.com\/de\/wp-json\/wp\/v2\/users\/27"}],"replies":[{"embeddable":true,"href":"https:\/\/www.marabu-creative.com\/de\/wp-json\/wp\/v2\/comments?post=29068"}],"version-history":[{"count":0,"href":"https:\/\/www.marabu-creative.com\/de\/wp-json\/wp\/v2\/pages\/29068\/revisions"}],"up":[{"embeddable":true,"href":"https:\/\/www.marabu-creative.com\/de\/wp-json\/wp\/v2\/pages\/25338"}],"wp:attachment":[{"href":"https:\/\/www.marabu-creative.com\/de\/wp-json\/wp\/v2\/media?parent=29068"}],"curies":[{"name":"wp","href":"https:\/\/api.w.org\/{rel}","templated":true}]}}