{"id":308747,"date":"2025-08-27T14:24:13","date_gmt":"2025-08-27T12:24:13","guid":{"rendered":"https:\/\/www.marabu-creative.com\/?page_id=308747"},"modified":"2025-08-27T14:24:13","modified_gmt":"2025-08-27T12:24:13","slug":"informationen-kennzeichnungen","status":"publish","type":"page","link":"https:\/\/www.marabu-creative.com\/de\/service\/informationen-kennzeichnungen\/","title":{"rendered":"Informationen zu Kennzeichnungen"},"content":{"rendered":"<p><img loading=\"lazy\" decoding=\"async\" class=\"alignnone size-medium wp-image-308748\" src=\"https:\/\/www.marabu-creative.com\/wp-content\/uploads\/2025\/08\/Picto_Mikroplastik_Tiegel_s_w-300x290.jpg\" alt=\"\" width=\"300\" height=\"290\" srcset=\"https:\/\/www.marabu-creative.com\/wp-content\/uploads\/2025\/08\/Picto_Mikroplastik_Tiegel_s_w-300x290.jpg 300w, https:\/\/www.marabu-creative.com\/wp-content\/uploads\/2025\/08\/Picto_Mikroplastik_Tiegel_s_w-768x743.jpg 768w, https:\/\/www.marabu-creative.com\/wp-content\/uploads\/2025\/08\/Picto_Mikroplastik_Tiegel_s_w.jpg 827w\" sizes=\"(max-width: 300px) 100vw, 300px\" \/><\/p>\n<p>&nbsp;<\/p>\n<p>Dieses Symbol weist darauf hin, dass das Produkt Mikroplastik im Sinne des Anhangs XVII der Verordnung (EG) Nr. 1907\/2006 (REACH) beispielsweise in Form von Glitzer- oder Kunstharzpartikeln enth\u00e4lt.<\/p>\n<p>&nbsp;<\/p>\n<p>Alle Marabu Produkte, die dieses Symbol tragen, enthalten Mikroplastik. Beim Trocknungsprozess werden diese Partikel in einen festen Film eingebunden und sind damit unbedenklich, da sie dauerhaft auf dem bemalten Untergrund verbleiben. Es sollte jedoch vermieden werden, dass Mikroplastik in den Wasserkreislauf gelangt.<\/p>\n<p>&nbsp;<\/p>\n<p>Im Folgenden finden Sie einige Hinweise zur Reinigung von Malwerkzeugen und zum Umgang mit leeren Verpackungen, um die Freisetzung von Mikroplastik in die Umwelt zu verhindern.<\/p>\n<p>&nbsp;<\/p>\n<p><strong>Reinigung von Pinseln, Malmessern und Farbrollern:<\/strong><br \/>\nBenutzte Pinsel, Malmesser oder Farbroller sollten zun\u00e4chst gr\u00fcndlich mit einem Papierk\u00fcchentuch abgewischt werden. Das Tuch anschlie\u00dfend in den Restm\u00fcll geben. Um weitere Farbreste aus Pinselhaaren und Schwammrollern zu entfernen, f\u00fcllen Sie ein altes Beh\u00e4ltnis mit Wasser und waschen die vor gereinigten Malutensilien darin aus. Wischen Sie diese anschlie\u00dfend noch einmal mit einem sauberen Papiertuch ab. Lassen Sie das Reinigungswasser im Beh\u00e4lter trocknen und entsorgen Sie diesen anschlie\u00dfend. Alternativ k\u00f6nnen Sie den Beh\u00e4lter f\u00fcr die n\u00e4chste Pinselreinigung aufbewahren.<\/p>\n<p>&nbsp;<\/p>\n<p><strong>Besonderheit Marmorierfarbe Marabu easy marble:<\/strong><br \/>\nGetrocknete Farbreste an der Wasseroberfl\u00e4che mit einem St\u00fcck Papier abziehen und im Restm\u00fcll entsorgen. Anschlie\u00dfend kann das ges\u00e4uberte Marmorierwasser im Ausguss entsorgt werden.<\/p>\n<p>&nbsp;<\/p>\n<p><strong>Reinigung von Malpaletten:<\/strong><br \/>\nDiese mit einem Papiertuch abwischen und das Tuch im Restm\u00fcll entsorgen.<\/p>\n<p>&nbsp;<\/p>\n<p><strong>Entsorgung von leeren Verpackungen:<\/strong><br \/>\nBeh\u00e4ltnisse, die mit dem Piktogramm \u201eEnth\u00e4lt Mikroplastik\u201c gekennzeichnet sind, d\u00fcrfen nicht unter flie\u00dfendem Wasser ausgewaschen werden. Farbreste mit ge\u00f6ffnetem Deckel trocknen lassen und anschlie\u00dfend der jeweiligen Kreislaufwirtschaft zuf\u00fchren.<\/p>\n","protected":false},"excerpt":{"rendered":"<p>&nbsp; Dieses Symbol weist darauf hin, dass das Produkt Mikroplastik im Sinne des Anhangs XVII der Verordnung (EG) Nr. 1907\/2006 (REACH) beispielsweise in Form von Glitzer- oder Kunstharzpartikeln enth\u00e4lt. &nbsp; Alle Marabu Produkte, die dieses Symbol tragen, enthalten Mikroplastik. Beim Trocknungsprozess werden diese Partikel in einen festen Film eingebunden und sind damit unbedenklich, da sie [&hellip;]<\/p>\n","protected":false},"author":28,"featured_media":308749,"parent":25338,"menu_order":4,"comment_status":"closed","ping_status":"closed","template":"","meta":{"_acf_changed":false,"footnotes":""},"acf":[],"yoast_head":"<!-- This site is optimized with the Yoast SEO plugin v19.14 - https:\/\/yoast.com\/wordpress\/plugins\/seo\/ -->\n<title>Informationen zu Kennzeichnungen - Marabu Kreativ<\/title>\n<meta name=\"robots\" content=\"index, follow, max-snippet:-1, max-image-preview:large, max-video-preview:-1\" \/>\n<link rel=\"canonical\" href=\"https:\/\/www.marabu-creative.com\/de\/wp-json\/wp\/v2\/pages\/308747\" \/>\n<meta property=\"og:locale\" content=\"de_DE\" \/>\n<meta property=\"og:type\" content=\"article\" \/>\n<meta property=\"og:title\" content=\"Informationen zu Kennzeichnungen - Marabu Kreativ\" \/>\n<meta property=\"og:description\" content=\"&nbsp; Dieses Symbol weist darauf hin, dass das Produkt Mikroplastik im Sinne des Anhangs XVII der Verordnung (EG) Nr. 1907\/2006 (REACH) beispielsweise in Form von Glitzer- oder Kunstharzpartikeln enth\u00e4lt. &nbsp; Alle Marabu Produkte, die dieses Symbol tragen, enthalten Mikroplastik. Beim Trocknungsprozess werden diese Partikel in einen festen Film eingebunden und sind damit unbedenklich, da sie [&hellip;]\" \/>\n<meta property=\"og:url\" content=\"https:\/\/www.marabu-creative.com\/de\/service\/informationen-kennzeichnungen\/\" \/>\n<meta property=\"og:site_name\" content=\"Marabu Kreativ\" \/>\n<meta property=\"article:publisher\" content=\"https:\/\/www.facebook.com\/marabuchannel\/\" \/>\n<meta property=\"og:image\" content=\"https:\/\/www.marabu-creative.com\/wp-content\/uploads\/2025\/08\/marabu-service-mikroplastik.jpg\" \/>\n\t<meta property=\"og:image:width\" content=\"1300\" \/>\n\t<meta property=\"og:image:height\" content=\"731\" \/>\n\t<meta property=\"og:image:type\" content=\"image\/jpeg\" \/>\n<meta name=\"twitter:card\" content=\"summary_large_image\" \/>\n<meta name=\"twitter:label1\" content=\"Gesch\u00e4tzte Lesezeit\" \/>\n\t<meta name=\"twitter:data1\" content=\"9 Minuten\" \/>\n<script type=\"application\/ld+json\" class=\"yoast-schema-graph\">{\"@context\":\"https:\/\/schema.org\",\"@graph\":[{\"@type\":\"WebPage\",\"@id\":\"https:\/\/www.marabu-creative.com\/de\/service\/informationen-kennzeichnungen\/\",\"url\":\"https:\/\/www.marabu-creative.com\/de\/service\/informationen-kennzeichnungen\/\",\"name\":\"Informationen zu Kennzeichnungen - Marabu Kreativ\",\"isPartOf\":{\"@id\":\"https:\/\/www.marabu-creative.com\/en\/#website\"},\"datePublished\":\"2025-08-27T12:24:13+00:00\",\"dateModified\":\"2025-08-27T12:24:13+00:00\",\"breadcrumb\":{\"@id\":\"https:\/\/www.marabu-creative.com\/de\/service\/informationen-kennzeichnungen\/#breadcrumb\"},\"inLanguage\":\"de-DE\",\"potentialAction\":[{\"@type\":\"ReadAction\",\"target\":[\"https:\/\/www.marabu-creative.com\/de\/service\/informationen-kennzeichnungen\/\"]}]},{\"@type\":\"BreadcrumbList\",\"@id\":\"https:\/\/www.marabu-creative.com\/de\/service\/informationen-kennzeichnungen\/#breadcrumb\",\"itemListElement\":[{\"@type\":\"ListItem\",\"position\":1,\"name\":\"Startseite\",\"item\":\"https:\/\/www.marabu-creative.com\/de\/\"},{\"@type\":\"ListItem\",\"position\":2,\"name\":\"Service\",\"item\":\"https:\/\/www.marabu-creative.com\/de\/service\/\"},{\"@type\":\"ListItem\",\"position\":3,\"name\":\"Informationen zu Kennzeichnungen\"}]},{\"@type\":\"WebSite\",\"@id\":\"https:\/\/www.marabu-creative.com\/en\/#website\",\"url\":\"https:\/\/www.marabu-creative.com\/en\/\",\"name\":\"Marabu Kreativ\",\"description\":\"\",\"potentialAction\":[{\"@type\":\"SearchAction\",\"target\":{\"@type\":\"EntryPoint\",\"urlTemplate\":\"https:\/\/www.marabu-creative.com\/en\/?s={search_term_string}\"},\"query-input\":\"required name=search_term_string\"}],\"inLanguage\":\"de-DE\"}]}<\/script>\n<!-- \/ Yoast SEO plugin. -->","yoast_head_json":{"title":"Informationen zu Kennzeichnungen - Marabu Kreativ","robots":{"index":"index","follow":"follow","max-snippet":"max-snippet:-1","max-image-preview":"max-image-preview:large","max-video-preview":"max-video-preview:-1"},"canonical":"https:\/\/www.marabu-creative.com\/de\/wp-json\/wp\/v2\/pages\/308747","og_locale":"de_DE","og_type":"article","og_title":"Informationen zu Kennzeichnungen - Marabu Kreativ","og_description":"&nbsp; Dieses Symbol weist darauf hin, dass das Produkt Mikroplastik im Sinne des Anhangs XVII der Verordnung (EG) Nr. 1907\/2006 (REACH) beispielsweise in Form von Glitzer- oder Kunstharzpartikeln enth\u00e4lt. &nbsp; Alle Marabu Produkte, die dieses Symbol tragen, enthalten Mikroplastik. Beim Trocknungsprozess werden diese Partikel in einen festen Film eingebunden und sind damit unbedenklich, da sie [&hellip;]","og_url":"https:\/\/www.marabu-creative.com\/de\/service\/informationen-kennzeichnungen\/","og_site_name":"Marabu Kreativ","article_publisher":"https:\/\/www.facebook.com\/marabuchannel\/","og_image":[{"width":1300,"height":731,"url":"https:\/\/www.marabu-creative.com\/wp-content\/uploads\/2025\/08\/marabu-service-mikroplastik.jpg","type":"image\/jpeg"}],"twitter_card":"summary_large_image","twitter_misc":{"Gesch\u00e4tzte Lesezeit":"9 Minuten"},"schema":{"@context":"https:\/\/schema.org","@graph":[{"@type":"WebPage","@id":"https:\/\/www.marabu-creative.com\/de\/service\/informationen-kennzeichnungen\/","url":"https:\/\/www.marabu-creative.com\/de\/service\/informationen-kennzeichnungen\/","name":"Informationen zu Kennzeichnungen - Marabu Kreativ","isPartOf":{"@id":"https:\/\/www.marabu-creative.com\/en\/#website"},"datePublished":"2025-08-27T12:24:13+00:00","dateModified":"2025-08-27T12:24:13+00:00","breadcrumb":{"@id":"https:\/\/www.marabu-creative.com\/de\/service\/informationen-kennzeichnungen\/#breadcrumb"},"inLanguage":"de-DE","potentialAction":[{"@type":"ReadAction","target":["https:\/\/www.marabu-creative.com\/de\/service\/informationen-kennzeichnungen\/"]}]},{"@type":"BreadcrumbList","@id":"https:\/\/www.marabu-creative.com\/de\/service\/informationen-kennzeichnungen\/#breadcrumb","itemListElement":[{"@type":"ListItem","position":1,"name":"Startseite","item":"https:\/\/www.marabu-creative.com\/de\/"},{"@type":"ListItem","position":2,"name":"Service","item":"https:\/\/www.marabu-creative.com\/de\/service\/"},{"@type":"ListItem","position":3,"name":"Informationen zu Kennzeichnungen"}]},{"@type":"WebSite","@id":"https:\/\/www.marabu-creative.com\/en\/#website","url":"https:\/\/www.marabu-creative.com\/en\/","name":"Marabu Kreativ","description":"","potentialAction":[{"@type":"SearchAction","target":{"@type":"EntryPoint","urlTemplate":"https:\/\/www.marabu-creative.com\/en\/?s={search_term_string}"},"query-input":"required name=search_term_string"}],"inLanguage":"de-DE"}]}},"_links":{"self":[{"href":"https:\/\/www.marabu-creative.com\/de\/wp-json\/wp\/v2\/pages\/308747"}],"collection":[{"href":"https:\/\/www.marabu-creative.com\/de\/wp-json\/wp\/v2\/pages"}],"about":[{"href":"https:\/\/www.marabu-creative.com\/de\/wp-json\/wp\/v2\/types\/page"}],"author":[{"embeddable":true,"href":"https:\/\/www.marabu-creative.com\/de\/wp-json\/wp\/v2\/users\/28"}],"replies":[{"embeddable":true,"href":"https:\/\/www.marabu-creative.com\/de\/wp-json\/wp\/v2\/comments?post=308747"}],"version-history":[{"count":0,"href":"https:\/\/www.marabu-creative.com\/de\/wp-json\/wp\/v2\/pages\/308747\/revisions"}],"up":[{"embeddable":true,"href":"https:\/\/www.marabu-creative.com\/de\/wp-json\/wp\/v2\/pages\/25338"}],"wp:featuredmedia":[{"embeddable":true,"href":"https:\/\/www.marabu-creative.com\/de\/wp-json\/wp\/v2\/media\/308749"}],"wp:attachment":[{"href":"https:\/\/www.marabu-creative.com\/de\/wp-json\/wp\/v2\/media?parent=308747"}],"curies":[{"name":"wp","href":"https:\/\/api.w.org\/{rel}","templated":true}]}}