{"id":227244,"date":"2020-09-28T14:10:42","date_gmt":"2020-09-28T12:10:42","guid":{"rendered":"https:\/\/www.marabu-creative.com\/entreprise\/"},"modified":"2022-12-19T12:45:32","modified_gmt":"2022-12-19T11:45:32","slug":"entreprise","status":"publish","type":"page","link":"https:\/\/www.marabu-creative.com\/fr\/entreprise\/","title":{"rendered":"Entreprise"},"content":{"rendered":"<p><a href=\"https:\/\/www.marabu-creative.com\/fr\/entreprise\/create-care-enjoy\/\"><span style=\"text-decoration: underline;\">CR\u00c9ATIVIT\u00c9<\/span><\/a> &#8211; <a href=\"https:\/\/www.marabu-creative.com\/fr\/entreprise\/nous-donnons-de-la-couleur-a-la-creativite\/\"><span style=\"text-decoration: underline;\">COULEURS CR\u00c9ATIVES<\/span><\/a> &#8211; <a href=\"https:\/\/www.marabu-creative.com\/fr\/entreprise\/qualite-premium-venant-dallemagne\/\"><span style=\"text-decoration: underline;\">MADE IN GERMANY<\/span><\/a> &#8211; <a href=\"https:\/\/www.marabu-creative.com\/fr\/entreprise\/we-develop-sustainability-and-reliably\/\"><span style=\"text-decoration: underline;\">DURABILIT\u00c9<\/span><\/a> &#8211; <a href=\"https:\/\/www.marabu-creative.com\/fr\/entreprise\/we-capture-the-imagination-with-our-variety\/\"><span style=\"text-decoration: underline;\">DIVERSIT\u00c9<\/span><\/a> &#8211; <\/p>\n<p><a href=\"https:\/\/www.marabu-creative.com\/fr\/entreprise\/we-communicate-with-a-concept\/\"><span style=\"text-decoration: underline;\">COMMUNICATION<\/span><\/a> &#8211; <a href=\"https:\/\/www.marabu-creative.com\/fr\/services\/marabu-dans-le-monde-entier\/\"><span style=\"text-decoration: underline;\">PR\u00c9SENCE MONDIALE<\/span><\/a> &#8211;<\/p>\n","protected":false},"excerpt":{"rendered":"<p>CR\u00c9ATIVIT\u00c9 &#8211; COULEURS CR\u00c9ATIVES &#8211; MADE IN GERMANY &#8211; DURABILIT\u00c9 &#8211; DIVERSIT\u00c9 &#8211; COMMUNICATION &#8211; PR\u00c9SENCE MONDIALE &#8211;<\/p>\n","protected":false},"author":27,"featured_media":0,"parent":0,"menu_order":27,"comment_status":"closed","ping_status":"closed","template":"templates\/company.php","meta":{"_acf_changed":false,"footnotes":""},"acf":[],"yoast_head":"<!-- This site is optimized with the Yoast SEO plugin v19.14 - https:\/\/yoast.com\/wordpress\/plugins\/seo\/ -->\n<title>Entreprise - Marabu Kreativ<\/title>\n<meta name=\"robots\" content=\"index, follow, max-snippet:-1, max-image-preview:large, max-video-preview:-1\" \/>\n<link rel=\"canonical\" href=\"https:\/\/www.marabu-creative.com\/fr\/wp-json\/wp\/v2\/pages\/227244\" \/>\n<meta property=\"og:locale\" content=\"fr_FR\" \/>\n<meta property=\"og:type\" content=\"article\" \/>\n<meta property=\"og:title\" content=\"Entreprise - Marabu Kreativ\" \/>\n<meta property=\"og:description\" content=\"CR\u00c9ATIVIT\u00c9 &#8211; COULEURS CR\u00c9ATIVES &#8211; MADE IN GERMANY &#8211; DURABILIT\u00c9 &#8211; DIVERSIT\u00c9 &#8211; COMMUNICATION &#8211; PR\u00c9SENCE MONDIALE &#8211;\" \/>\n<meta property=\"og:url\" content=\"https:\/\/www.marabu-creative.com\/fr\/entreprise\/\" \/>\n<meta property=\"og:site_name\" content=\"Marabu Kreativ\" \/>\n<meta property=\"article:publisher\" content=\"https:\/\/www.facebook.com\/marabuchannel\/\" \/>\n<meta property=\"article:modified_time\" content=\"2022-12-19T11:45:32+00:00\" \/>\n<meta name=\"twitter:card\" content=\"summary_large_image\" \/>\n<meta name=\"twitter:label1\" content=\"Est. reading time\" \/>\n\t<meta name=\"twitter:data1\" content=\"1 minute\" \/>\n<script type=\"application\/ld+json\" class=\"yoast-schema-graph\">{\"@context\":\"https:\/\/schema.org\",\"@graph\":[{\"@type\":\"WebPage\",\"@id\":\"https:\/\/www.marabu-creative.com\/fr\/entreprise\/\",\"url\":\"https:\/\/www.marabu-creative.com\/fr\/entreprise\/\",\"name\":\"Entreprise - Marabu Kreativ\",\"isPartOf\":{\"@id\":\"https:\/\/www.marabu-creative.com\/en\/#website\"},\"datePublished\":\"2020-09-28T12:10:42+00:00\",\"dateModified\":\"2022-12-19T11:45:32+00:00\",\"breadcrumb\":{\"@id\":\"https:\/\/www.marabu-creative.com\/fr\/entreprise\/#breadcrumb\"},\"inLanguage\":\"fr-FR\",\"potentialAction\":[{\"@type\":\"ReadAction\",\"target\":[\"https:\/\/www.marabu-creative.com\/fr\/entreprise\/\"]}]},{\"@type\":\"BreadcrumbList\",\"@id\":\"https:\/\/www.marabu-creative.com\/fr\/entreprise\/#breadcrumb\",\"itemListElement\":[{\"@type\":\"ListItem\",\"position\":1,\"name\":\"Startseite\",\"item\":\"https:\/\/www.marabu-creative.com\/fr\/\"},{\"@type\":\"ListItem\",\"position\":2,\"name\":\"Entreprise\"}]},{\"@type\":\"WebSite\",\"@id\":\"https:\/\/www.marabu-creative.com\/en\/#website\",\"url\":\"https:\/\/www.marabu-creative.com\/en\/\",\"name\":\"Marabu Kreativ\",\"description\":\"\",\"potentialAction\":[{\"@type\":\"SearchAction\",\"target\":{\"@type\":\"EntryPoint\",\"urlTemplate\":\"https:\/\/www.marabu-creative.com\/en\/?s={search_term_string}\"},\"query-input\":\"required name=search_term_string\"}],\"inLanguage\":\"fr-FR\"}]}<\/script>\n<!-- \/ Yoast SEO plugin. -->","yoast_head_json":{"title":"Entreprise - Marabu Kreativ","robots":{"index":"index","follow":"follow","max-snippet":"max-snippet:-1","max-image-preview":"max-image-preview:large","max-video-preview":"max-video-preview:-1"},"canonical":"https:\/\/www.marabu-creative.com\/fr\/wp-json\/wp\/v2\/pages\/227244","og_locale":"fr_FR","og_type":"article","og_title":"Entreprise - Marabu Kreativ","og_description":"CR\u00c9ATIVIT\u00c9 &#8211; COULEURS CR\u00c9ATIVES &#8211; MADE IN GERMANY &#8211; DURABILIT\u00c9 &#8211; DIVERSIT\u00c9 &#8211; COMMUNICATION &#8211; PR\u00c9SENCE MONDIALE &#8211;","og_url":"https:\/\/www.marabu-creative.com\/fr\/entreprise\/","og_site_name":"Marabu Kreativ","article_publisher":"https:\/\/www.facebook.com\/marabuchannel\/","article_modified_time":"2022-12-19T11:45:32+00:00","twitter_card":"summary_large_image","twitter_misc":{"Est. reading time":"1 minute"},"schema":{"@context":"https:\/\/schema.org","@graph":[{"@type":"WebPage","@id":"https:\/\/www.marabu-creative.com\/fr\/entreprise\/","url":"https:\/\/www.marabu-creative.com\/fr\/entreprise\/","name":"Entreprise - Marabu Kreativ","isPartOf":{"@id":"https:\/\/www.marabu-creative.com\/en\/#website"},"datePublished":"2020-09-28T12:10:42+00:00","dateModified":"2022-12-19T11:45:32+00:00","breadcrumb":{"@id":"https:\/\/www.marabu-creative.com\/fr\/entreprise\/#breadcrumb"},"inLanguage":"fr-FR","potentialAction":[{"@type":"ReadAction","target":["https:\/\/www.marabu-creative.com\/fr\/entreprise\/"]}]},{"@type":"BreadcrumbList","@id":"https:\/\/www.marabu-creative.com\/fr\/entreprise\/#breadcrumb","itemListElement":[{"@type":"ListItem","position":1,"name":"Startseite","item":"https:\/\/www.marabu-creative.com\/fr\/"},{"@type":"ListItem","position":2,"name":"Entreprise"}]},{"@type":"WebSite","@id":"https:\/\/www.marabu-creative.com\/en\/#website","url":"https:\/\/www.marabu-creative.com\/en\/","name":"Marabu Kreativ","description":"","potentialAction":[{"@type":"SearchAction","target":{"@type":"EntryPoint","urlTemplate":"https:\/\/www.marabu-creative.com\/en\/?s={search_term_string}"},"query-input":"required name=search_term_string"}],"inLanguage":"fr-FR"}]}},"_links":{"self":[{"href":"https:\/\/www.marabu-creative.com\/fr\/wp-json\/wp\/v2\/pages\/227244"}],"collection":[{"href":"https:\/\/www.marabu-creative.com\/fr\/wp-json\/wp\/v2\/pages"}],"about":[{"href":"https:\/\/www.marabu-creative.com\/fr\/wp-json\/wp\/v2\/types\/page"}],"author":[{"embeddable":true,"href":"https:\/\/www.marabu-creative.com\/fr\/wp-json\/wp\/v2\/users\/27"}],"replies":[{"embeddable":true,"href":"https:\/\/www.marabu-creative.com\/fr\/wp-json\/wp\/v2\/comments?post=227244"}],"version-history":[{"count":0,"href":"https:\/\/www.marabu-creative.com\/fr\/wp-json\/wp\/v2\/pages\/227244\/revisions"}],"wp:attachment":[{"href":"https:\/\/www.marabu-creative.com\/fr\/wp-json\/wp\/v2\/media?parent=227244"}],"curies":[{"name":"wp","href":"https:\/\/api.w.org\/{rel}","templated":true}]}}