{"id":227252,"date":"2020-09-28T14:56:41","date_gmt":"2020-09-28T12:56:41","guid":{"rendered":"https:\/\/www.marabu-creative.com\/marabu-rapport-sur-lenvironnement\/"},"modified":"2021-04-15T14:28:06","modified_gmt":"2021-04-15T12:28:06","slug":"marabu-rapport-sur-lenvironnement","status":"publish","type":"page","link":"https:\/\/www.marabu-creative.com\/fr\/marabu-rapport-sur-lenvironnement\/","title":{"rendered":"Marabu rapport sur l&#8217;environnement"},"content":{"rendered":"<p><strong>Vers une plus grande durabilit\u00e9 \u00e0 l&#8217;\u00e9chelle mondiale<\/strong><\/p>\n<p>&nbsp;<\/p>\n<p>Marabu fabrique des encres de haute qualit\u00e9 en Allemagne depuis plus de 160 ans.<\/p>\n<p>Notre succ\u00e8s est ancr\u00e9 dans notre approche durable et \u00e0 long terme des affaires, et dans notre comp\u00e9titivit\u00e9 mondiale.<\/p>\n<p>&nbsp;<\/p>\n<div class=\"issuuembed\" style=\"width: 100%; height: 600px;\" data-configid=\"2719813\/51059319\">\u00a0<\/div>\n<p><script type=\"text\/javascript\" src=\"\/\/e.issuu.com\/embed.js\" async=\"true\"><\/script><\/p>\n<p>Click For More Info <a href=\"https:\/\/custom-writing.co.uk\/write_my_essay\">write my essay in 2 hours<\/a>.<\/p>\n","protected":false},"excerpt":{"rendered":"<p>Vers une plus grande durabilit\u00e9 \u00e0 l&#8217;\u00e9chelle mondiale &nbsp; Marabu fabrique des encres de haute qualit\u00e9 en Allemagne depuis plus de 160 ans. Notre succ\u00e8s est ancr\u00e9 dans notre approche durable et \u00e0 long terme des affaires, et dans notre comp\u00e9titivit\u00e9 mondiale. &nbsp; \u00a0 Click For More Info write my essay in 2 hours.<\/p>\n","protected":false},"author":27,"featured_media":0,"parent":0,"menu_order":0,"comment_status":"closed","ping_status":"closed","template":"","meta":{"_acf_changed":false,"footnotes":""},"acf":[],"yoast_head":"<!-- This site is optimized with the Yoast SEO plugin v19.14 - https:\/\/yoast.com\/wordpress\/plugins\/seo\/ -->\n<title>Marabu rapport sur l&#039;environnement - Marabu Kreativ<\/title>\n<meta name=\"robots\" content=\"index, follow, max-snippet:-1, max-image-preview:large, max-video-preview:-1\" \/>\n<link rel=\"canonical\" href=\"https:\/\/www.marabu-creative.com\/fr\/wp-json\/wp\/v2\/pages\/227252\" \/>\n<meta property=\"og:locale\" content=\"fr_FR\" \/>\n<meta property=\"og:type\" content=\"article\" \/>\n<meta property=\"og:title\" content=\"Marabu rapport sur l&#039;environnement - Marabu Kreativ\" \/>\n<meta property=\"og:description\" content=\"Vers une plus grande durabilit\u00e9 \u00e0 l&#8217;\u00e9chelle mondiale &nbsp; Marabu fabrique des encres de haute qualit\u00e9 en Allemagne depuis plus de 160 ans. Notre succ\u00e8s est ancr\u00e9 dans notre approche durable et \u00e0 long terme des affaires, et dans notre comp\u00e9titivit\u00e9 mondiale. &nbsp; \u00a0 Click For More Info write my essay in 2 hours.\" \/>\n<meta property=\"og:url\" content=\"https:\/\/www.marabu-creative.com\/fr\/marabu-rapport-sur-lenvironnement\/\" \/>\n<meta property=\"og:site_name\" content=\"Marabu Kreativ\" \/>\n<meta property=\"article:publisher\" content=\"https:\/\/www.facebook.com\/marabuchannel\/\" \/>\n<meta property=\"article:modified_time\" content=\"2021-04-15T12:28:06+00:00\" \/>\n<meta name=\"twitter:card\" content=\"summary_large_image\" \/>\n<meta name=\"twitter:label1\" content=\"Est. reading time\" \/>\n\t<meta name=\"twitter:data1\" content=\"1 minute\" \/>\n<script type=\"application\/ld+json\" class=\"yoast-schema-graph\">{\"@context\":\"https:\/\/schema.org\",\"@graph\":[{\"@type\":\"WebPage\",\"@id\":\"https:\/\/www.marabu-creative.com\/fr\/marabu-rapport-sur-lenvironnement\/\",\"url\":\"https:\/\/www.marabu-creative.com\/fr\/marabu-rapport-sur-lenvironnement\/\",\"name\":\"Marabu rapport sur l'environnement - Marabu Kreativ\",\"isPartOf\":{\"@id\":\"https:\/\/www.marabu-creative.com\/en\/#website\"},\"datePublished\":\"2020-09-28T12:56:41+00:00\",\"dateModified\":\"2021-04-15T12:28:06+00:00\",\"breadcrumb\":{\"@id\":\"https:\/\/www.marabu-creative.com\/fr\/marabu-rapport-sur-lenvironnement\/#breadcrumb\"},\"inLanguage\":\"fr-FR\",\"potentialAction\":[{\"@type\":\"ReadAction\",\"target\":[\"https:\/\/www.marabu-creative.com\/fr\/marabu-rapport-sur-lenvironnement\/\"]}]},{\"@type\":\"BreadcrumbList\",\"@id\":\"https:\/\/www.marabu-creative.com\/fr\/marabu-rapport-sur-lenvironnement\/#breadcrumb\",\"itemListElement\":[{\"@type\":\"ListItem\",\"position\":1,\"name\":\"Startseite\",\"item\":\"https:\/\/www.marabu-creative.com\/fr\/\"},{\"@type\":\"ListItem\",\"position\":2,\"name\":\"Marabu rapport sur l&#8217;environnement\"}]},{\"@type\":\"WebSite\",\"@id\":\"https:\/\/www.marabu-creative.com\/en\/#website\",\"url\":\"https:\/\/www.marabu-creative.com\/en\/\",\"name\":\"Marabu Kreativ\",\"description\":\"\",\"potentialAction\":[{\"@type\":\"SearchAction\",\"target\":{\"@type\":\"EntryPoint\",\"urlTemplate\":\"https:\/\/www.marabu-creative.com\/en\/?s={search_term_string}\"},\"query-input\":\"required name=search_term_string\"}],\"inLanguage\":\"fr-FR\"}]}<\/script>\n<!-- \/ Yoast SEO plugin. -->","yoast_head_json":{"title":"Marabu rapport sur l'environnement - Marabu Kreativ","robots":{"index":"index","follow":"follow","max-snippet":"max-snippet:-1","max-image-preview":"max-image-preview:large","max-video-preview":"max-video-preview:-1"},"canonical":"https:\/\/www.marabu-creative.com\/fr\/wp-json\/wp\/v2\/pages\/227252","og_locale":"fr_FR","og_type":"article","og_title":"Marabu rapport sur l'environnement - Marabu Kreativ","og_description":"Vers une plus grande durabilit\u00e9 \u00e0 l&#8217;\u00e9chelle mondiale &nbsp; Marabu fabrique des encres de haute qualit\u00e9 en Allemagne depuis plus de 160 ans. Notre succ\u00e8s est ancr\u00e9 dans notre approche durable et \u00e0 long terme des affaires, et dans notre comp\u00e9titivit\u00e9 mondiale. &nbsp; \u00a0 Click For More Info write my essay in 2 hours.","og_url":"https:\/\/www.marabu-creative.com\/fr\/marabu-rapport-sur-lenvironnement\/","og_site_name":"Marabu Kreativ","article_publisher":"https:\/\/www.facebook.com\/marabuchannel\/","article_modified_time":"2021-04-15T12:28:06+00:00","twitter_card":"summary_large_image","twitter_misc":{"Est. reading time":"1 minute"},"schema":{"@context":"https:\/\/schema.org","@graph":[{"@type":"WebPage","@id":"https:\/\/www.marabu-creative.com\/fr\/marabu-rapport-sur-lenvironnement\/","url":"https:\/\/www.marabu-creative.com\/fr\/marabu-rapport-sur-lenvironnement\/","name":"Marabu rapport sur l'environnement - Marabu Kreativ","isPartOf":{"@id":"https:\/\/www.marabu-creative.com\/en\/#website"},"datePublished":"2020-09-28T12:56:41+00:00","dateModified":"2021-04-15T12:28:06+00:00","breadcrumb":{"@id":"https:\/\/www.marabu-creative.com\/fr\/marabu-rapport-sur-lenvironnement\/#breadcrumb"},"inLanguage":"fr-FR","potentialAction":[{"@type":"ReadAction","target":["https:\/\/www.marabu-creative.com\/fr\/marabu-rapport-sur-lenvironnement\/"]}]},{"@type":"BreadcrumbList","@id":"https:\/\/www.marabu-creative.com\/fr\/marabu-rapport-sur-lenvironnement\/#breadcrumb","itemListElement":[{"@type":"ListItem","position":1,"name":"Startseite","item":"https:\/\/www.marabu-creative.com\/fr\/"},{"@type":"ListItem","position":2,"name":"Marabu rapport sur l&#8217;environnement"}]},{"@type":"WebSite","@id":"https:\/\/www.marabu-creative.com\/en\/#website","url":"https:\/\/www.marabu-creative.com\/en\/","name":"Marabu Kreativ","description":"","potentialAction":[{"@type":"SearchAction","target":{"@type":"EntryPoint","urlTemplate":"https:\/\/www.marabu-creative.com\/en\/?s={search_term_string}"},"query-input":"required name=search_term_string"}],"inLanguage":"fr-FR"}]}},"_links":{"self":[{"href":"https:\/\/www.marabu-creative.com\/fr\/wp-json\/wp\/v2\/pages\/227252"}],"collection":[{"href":"https:\/\/www.marabu-creative.com\/fr\/wp-json\/wp\/v2\/pages"}],"about":[{"href":"https:\/\/www.marabu-creative.com\/fr\/wp-json\/wp\/v2\/types\/page"}],"author":[{"embeddable":true,"href":"https:\/\/www.marabu-creative.com\/fr\/wp-json\/wp\/v2\/users\/27"}],"replies":[{"embeddable":true,"href":"https:\/\/www.marabu-creative.com\/fr\/wp-json\/wp\/v2\/comments?post=227252"}],"version-history":[{"count":0,"href":"https:\/\/www.marabu-creative.com\/fr\/wp-json\/wp\/v2\/pages\/227252\/revisions"}],"wp:attachment":[{"href":"https:\/\/www.marabu-creative.com\/fr\/wp-json\/wp\/v2\/media?parent=227252"}],"curies":[{"name":"wp","href":"https:\/\/api.w.org\/{rel}","templated":true}]}}