{"id":227255,"date":"2020-09-28T15:14:20","date_gmt":"2020-09-28T13:14:20","guid":{"rendered":"https:\/\/www.marabu-creative.com\/services\/marabu-dans-le-monde-entier\/"},"modified":"2020-09-28T15:14:20","modified_gmt":"2020-09-28T13:14:20","slug":"marabu-dans-le-monde-entier","status":"publish","type":"page","link":"https:\/\/www.marabu-creative.com\/fr\/services\/marabu-dans-le-monde-entier\/","title":{"rendered":"Marabu dans le monde entier"},"content":{"rendered":"<p>Pilot\u00e9e par des filiales en Allemagne, en France et en Am\u00e9rique du Nord, Marabu Couleurs cr\u00e9atives propose avec ses distributeurs son assortiment complet dans plus de 50 pays.<\/p>\n<p>&nbsp;<\/p>\n<p>La mappe interactive ci-dessous vous permet de localiser le distributeur Marabu Couleurs Cr\u00e9atives le plus proche. <br \/>\nVeuillez comprendre que nous ne pouvons pas garantir un stock local complet de notre gamme. Mais nos distributeurs seront heureux de vous aider.<br \/>\nAu cas o\u00f9 vous ne trouveriez pas d&#8217;adresse dans votre pays, veuillez utiliser le formulaire de contact et nous \u00e9crire, merci!<\/p>\n<p>&nbsp;<\/p>\n","protected":false},"excerpt":{"rendered":"<p>Pilot\u00e9e par des filiales en Allemagne, en France et en Am\u00e9rique du Nord, Marabu Couleurs cr\u00e9atives propose avec ses distributeurs son assortiment complet dans plus de 50 pays. &nbsp; La mappe interactive ci-dessous vous permet de localiser le distributeur Marabu Couleurs Cr\u00e9atives le plus proche. Veuillez comprendre que nous ne pouvons pas garantir un stock [&hellip;]<\/p>\n","protected":false},"author":27,"featured_media":0,"parent":227242,"menu_order":3,"comment_status":"closed","ping_status":"closed","template":"templates\/map.php","meta":{"_acf_changed":false,"footnotes":""},"acf":[],"yoast_head":"<!-- This site is optimized with the Yoast SEO plugin v19.14 - https:\/\/yoast.com\/wordpress\/plugins\/seo\/ -->\n<title>Marabu dans le monde entier - Marabu Kreativ<\/title>\n<meta name=\"robots\" content=\"index, follow, max-snippet:-1, max-image-preview:large, max-video-preview:-1\" \/>\n<link rel=\"canonical\" href=\"https:\/\/www.marabu-creative.com\/fr\/wp-json\/wp\/v2\/pages\/227255\" \/>\n<meta property=\"og:locale\" content=\"fr_FR\" \/>\n<meta property=\"og:type\" content=\"article\" \/>\n<meta property=\"og:title\" content=\"Marabu dans le monde entier - Marabu Kreativ\" \/>\n<meta property=\"og:description\" content=\"Pilot\u00e9e par des filiales en Allemagne, en France et en Am\u00e9rique du Nord, Marabu Couleurs cr\u00e9atives propose avec ses distributeurs son assortiment complet dans plus de 50 pays. &nbsp; La mappe interactive ci-dessous vous permet de localiser le distributeur Marabu Couleurs Cr\u00e9atives le plus proche. Veuillez comprendre que nous ne pouvons pas garantir un stock [&hellip;]\" \/>\n<meta property=\"og:url\" content=\"https:\/\/www.marabu-creative.com\/fr\/services\/marabu-dans-le-monde-entier\/\" \/>\n<meta property=\"og:site_name\" content=\"Marabu Kreativ\" \/>\n<meta property=\"article:publisher\" content=\"https:\/\/www.facebook.com\/marabuchannel\/\" \/>\n<meta name=\"twitter:card\" content=\"summary_large_image\" \/>\n<script type=\"application\/ld+json\" class=\"yoast-schema-graph\">{\"@context\":\"https:\/\/schema.org\",\"@graph\":[{\"@type\":\"WebPage\",\"@id\":\"https:\/\/www.marabu-creative.com\/fr\/services\/marabu-dans-le-monde-entier\/\",\"url\":\"https:\/\/www.marabu-creative.com\/fr\/services\/marabu-dans-le-monde-entier\/\",\"name\":\"Marabu dans le monde entier - Marabu Kreativ\",\"isPartOf\":{\"@id\":\"https:\/\/www.marabu-creative.com\/en\/#website\"},\"datePublished\":\"2020-09-28T13:14:20+00:00\",\"dateModified\":\"2020-09-28T13:14:20+00:00\",\"breadcrumb\":{\"@id\":\"https:\/\/www.marabu-creative.com\/fr\/services\/marabu-dans-le-monde-entier\/#breadcrumb\"},\"inLanguage\":\"fr-FR\",\"potentialAction\":[{\"@type\":\"ReadAction\",\"target\":[\"https:\/\/www.marabu-creative.com\/fr\/services\/marabu-dans-le-monde-entier\/\"]}]},{\"@type\":\"BreadcrumbList\",\"@id\":\"https:\/\/www.marabu-creative.com\/fr\/services\/marabu-dans-le-monde-entier\/#breadcrumb\",\"itemListElement\":[{\"@type\":\"ListItem\",\"position\":1,\"name\":\"Startseite\",\"item\":\"https:\/\/www.marabu-creative.com\/fr\/\"},{\"@type\":\"ListItem\",\"position\":2,\"name\":\"Services\",\"item\":\"https:\/\/www.marabu-creative.com\/fr\/services\/\"},{\"@type\":\"ListItem\",\"position\":3,\"name\":\"Marabu dans le monde entier\"}]},{\"@type\":\"WebSite\",\"@id\":\"https:\/\/www.marabu-creative.com\/en\/#website\",\"url\":\"https:\/\/www.marabu-creative.com\/en\/\",\"name\":\"Marabu Kreativ\",\"description\":\"\",\"potentialAction\":[{\"@type\":\"SearchAction\",\"target\":{\"@type\":\"EntryPoint\",\"urlTemplate\":\"https:\/\/www.marabu-creative.com\/en\/?s={search_term_string}\"},\"query-input\":\"required name=search_term_string\"}],\"inLanguage\":\"fr-FR\"}]}<\/script>\n<!-- \/ Yoast SEO plugin. -->","yoast_head_json":{"title":"Marabu dans le monde entier - Marabu Kreativ","robots":{"index":"index","follow":"follow","max-snippet":"max-snippet:-1","max-image-preview":"max-image-preview:large","max-video-preview":"max-video-preview:-1"},"canonical":"https:\/\/www.marabu-creative.com\/fr\/wp-json\/wp\/v2\/pages\/227255","og_locale":"fr_FR","og_type":"article","og_title":"Marabu dans le monde entier - Marabu Kreativ","og_description":"Pilot\u00e9e par des filiales en Allemagne, en France et en Am\u00e9rique du Nord, Marabu Couleurs cr\u00e9atives propose avec ses distributeurs son assortiment complet dans plus de 50 pays. &nbsp; La mappe interactive ci-dessous vous permet de localiser le distributeur Marabu Couleurs Cr\u00e9atives le plus proche. Veuillez comprendre que nous ne pouvons pas garantir un stock [&hellip;]","og_url":"https:\/\/www.marabu-creative.com\/fr\/services\/marabu-dans-le-monde-entier\/","og_site_name":"Marabu Kreativ","article_publisher":"https:\/\/www.facebook.com\/marabuchannel\/","twitter_card":"summary_large_image","schema":{"@context":"https:\/\/schema.org","@graph":[{"@type":"WebPage","@id":"https:\/\/www.marabu-creative.com\/fr\/services\/marabu-dans-le-monde-entier\/","url":"https:\/\/www.marabu-creative.com\/fr\/services\/marabu-dans-le-monde-entier\/","name":"Marabu dans le monde entier - Marabu Kreativ","isPartOf":{"@id":"https:\/\/www.marabu-creative.com\/en\/#website"},"datePublished":"2020-09-28T13:14:20+00:00","dateModified":"2020-09-28T13:14:20+00:00","breadcrumb":{"@id":"https:\/\/www.marabu-creative.com\/fr\/services\/marabu-dans-le-monde-entier\/#breadcrumb"},"inLanguage":"fr-FR","potentialAction":[{"@type":"ReadAction","target":["https:\/\/www.marabu-creative.com\/fr\/services\/marabu-dans-le-monde-entier\/"]}]},{"@type":"BreadcrumbList","@id":"https:\/\/www.marabu-creative.com\/fr\/services\/marabu-dans-le-monde-entier\/#breadcrumb","itemListElement":[{"@type":"ListItem","position":1,"name":"Startseite","item":"https:\/\/www.marabu-creative.com\/fr\/"},{"@type":"ListItem","position":2,"name":"Services","item":"https:\/\/www.marabu-creative.com\/fr\/services\/"},{"@type":"ListItem","position":3,"name":"Marabu dans le monde entier"}]},{"@type":"WebSite","@id":"https:\/\/www.marabu-creative.com\/en\/#website","url":"https:\/\/www.marabu-creative.com\/en\/","name":"Marabu Kreativ","description":"","potentialAction":[{"@type":"SearchAction","target":{"@type":"EntryPoint","urlTemplate":"https:\/\/www.marabu-creative.com\/en\/?s={search_term_string}"},"query-input":"required name=search_term_string"}],"inLanguage":"fr-FR"}]}},"_links":{"self":[{"href":"https:\/\/www.marabu-creative.com\/fr\/wp-json\/wp\/v2\/pages\/227255"}],"collection":[{"href":"https:\/\/www.marabu-creative.com\/fr\/wp-json\/wp\/v2\/pages"}],"about":[{"href":"https:\/\/www.marabu-creative.com\/fr\/wp-json\/wp\/v2\/types\/page"}],"author":[{"embeddable":true,"href":"https:\/\/www.marabu-creative.com\/fr\/wp-json\/wp\/v2\/users\/27"}],"replies":[{"embeddable":true,"href":"https:\/\/www.marabu-creative.com\/fr\/wp-json\/wp\/v2\/comments?post=227255"}],"version-history":[{"count":0,"href":"https:\/\/www.marabu-creative.com\/fr\/wp-json\/wp\/v2\/pages\/227255\/revisions"}],"up":[{"embeddable":true,"href":"https:\/\/www.marabu-creative.com\/fr\/wp-json\/wp\/v2\/pages\/227242"}],"wp:attachment":[{"href":"https:\/\/www.marabu-creative.com\/fr\/wp-json\/wp\/v2\/media?parent=227255"}],"curies":[{"name":"wp","href":"https:\/\/api.w.org\/{rel}","templated":true}]}}