{"id":227257,"date":"2020-09-28T15:21:08","date_gmt":"2020-09-28T13:21:08","guid":{"rendered":"https:\/\/www.marabu-creative.com\/services\/presse\/"},"modified":"2020-09-28T15:29:19","modified_gmt":"2020-09-28T13:29:19","slug":"presse","status":"publish","type":"page","link":"https:\/\/www.marabu-creative.com\/fr\/services\/presse\/","title":{"rendered":"Presse"},"content":{"rendered":"<p>Nous vous invitons \u00e0 lire l&#8217;actualit\u00e9 de notre entreprise et \u00e0 d\u00e9couvrir nos nouveaux produits. Nos communiqu\u00e9s de presse et nos images sont \u00e0 votre disposition pour \u00eatre publi\u00e9s dans vos m\u00e9dias. Nous vous demandons de bien vouloir respecter nos droits d&#8217;auteur et de n&#8217;utiliser les images que pour faire r\u00e9f\u00e9rence \u00e0 Marabu Couleurs Cr\u00e9atives. Nous serions heureux de recevoir des informations ou un exemple de ce que vous publiez.<\/p>\n","protected":false},"excerpt":{"rendered":"<p>Nous vous invitons \u00e0 lire l&#8217;actualit\u00e9 de notre entreprise et \u00e0 d\u00e9couvrir nos nouveaux produits. Nos communiqu\u00e9s de presse et nos images sont \u00e0 votre disposition pour \u00eatre publi\u00e9s dans vos m\u00e9dias. Nous vous demandons de bien vouloir respecter nos droits d&#8217;auteur et de n&#8217;utiliser les images que pour faire r\u00e9f\u00e9rence \u00e0 Marabu Couleurs Cr\u00e9atives. [&hellip;]<\/p>\n","protected":false},"author":27,"featured_media":27312,"parent":227242,"menu_order":16,"comment_status":"closed","ping_status":"closed","template":"templates\/press_and_media.php","meta":{"_acf_changed":false,"footnotes":""},"acf":[],"yoast_head":"<!-- This site is optimized with the Yoast SEO plugin v19.14 - https:\/\/yoast.com\/wordpress\/plugins\/seo\/ -->\n<title>Presse - Marabu Kreativ<\/title>\n<meta name=\"robots\" content=\"index, follow, max-snippet:-1, max-image-preview:large, max-video-preview:-1\" \/>\n<link rel=\"canonical\" href=\"https:\/\/www.marabu-creative.com\/fr\/wp-json\/wp\/v2\/pages\/227257\" \/>\n<meta property=\"og:locale\" content=\"fr_FR\" \/>\n<meta property=\"og:type\" content=\"article\" \/>\n<meta property=\"og:title\" content=\"Presse - Marabu Kreativ\" \/>\n<meta property=\"og:description\" content=\"Nous vous invitons \u00e0 lire l&#8217;actualit\u00e9 de notre entreprise et \u00e0 d\u00e9couvrir nos nouveaux produits. Nos communiqu\u00e9s de presse et nos images sont \u00e0 votre disposition pour \u00eatre publi\u00e9s dans vos m\u00e9dias. Nous vous demandons de bien vouloir respecter nos droits d&#8217;auteur et de n&#8217;utiliser les images que pour faire r\u00e9f\u00e9rence \u00e0 Marabu Couleurs Cr\u00e9atives. [&hellip;]\" \/>\n<meta property=\"og:url\" content=\"https:\/\/www.marabu-creative.com\/fr\/services\/presse\/\" \/>\n<meta property=\"og:site_name\" content=\"Marabu Kreativ\" \/>\n<meta property=\"article:publisher\" content=\"https:\/\/www.facebook.com\/marabuchannel\/\" \/>\n<meta property=\"article:modified_time\" content=\"2020-09-28T13:29:19+00:00\" \/>\n<meta property=\"og:image\" content=\"https:\/\/www.marabu-creative.com\/wp-content\/uploads\/2017\/06\/service-presse.jpg\" \/>\n\t<meta property=\"og:image:width\" content=\"2560\" \/>\n\t<meta property=\"og:image:height\" content=\"1440\" \/>\n\t<meta property=\"og:image:type\" content=\"image\/jpeg\" \/>\n<meta name=\"twitter:card\" content=\"summary_large_image\" \/>\n<script type=\"application\/ld+json\" class=\"yoast-schema-graph\">{\"@context\":\"https:\/\/schema.org\",\"@graph\":[{\"@type\":\"WebPage\",\"@id\":\"https:\/\/www.marabu-creative.com\/fr\/services\/presse\/\",\"url\":\"https:\/\/www.marabu-creative.com\/fr\/services\/presse\/\",\"name\":\"Presse - Marabu Kreativ\",\"isPartOf\":{\"@id\":\"https:\/\/www.marabu-creative.com\/en\/#website\"},\"datePublished\":\"2020-09-28T13:21:08+00:00\",\"dateModified\":\"2020-09-28T13:29:19+00:00\",\"breadcrumb\":{\"@id\":\"https:\/\/www.marabu-creative.com\/fr\/services\/presse\/#breadcrumb\"},\"inLanguage\":\"fr-FR\",\"potentialAction\":[{\"@type\":\"ReadAction\",\"target\":[\"https:\/\/www.marabu-creative.com\/fr\/services\/presse\/\"]}]},{\"@type\":\"BreadcrumbList\",\"@id\":\"https:\/\/www.marabu-creative.com\/fr\/services\/presse\/#breadcrumb\",\"itemListElement\":[{\"@type\":\"ListItem\",\"position\":1,\"name\":\"Startseite\",\"item\":\"https:\/\/www.marabu-creative.com\/fr\/\"},{\"@type\":\"ListItem\",\"position\":2,\"name\":\"Services\",\"item\":\"https:\/\/www.marabu-creative.com\/fr\/services\/\"},{\"@type\":\"ListItem\",\"position\":3,\"name\":\"Presse\"}]},{\"@type\":\"WebSite\",\"@id\":\"https:\/\/www.marabu-creative.com\/en\/#website\",\"url\":\"https:\/\/www.marabu-creative.com\/en\/\",\"name\":\"Marabu Kreativ\",\"description\":\"\",\"potentialAction\":[{\"@type\":\"SearchAction\",\"target\":{\"@type\":\"EntryPoint\",\"urlTemplate\":\"https:\/\/www.marabu-creative.com\/en\/?s={search_term_string}\"},\"query-input\":\"required name=search_term_string\"}],\"inLanguage\":\"fr-FR\"}]}<\/script>\n<!-- \/ Yoast SEO plugin. -->","yoast_head_json":{"title":"Presse - Marabu Kreativ","robots":{"index":"index","follow":"follow","max-snippet":"max-snippet:-1","max-image-preview":"max-image-preview:large","max-video-preview":"max-video-preview:-1"},"canonical":"https:\/\/www.marabu-creative.com\/fr\/wp-json\/wp\/v2\/pages\/227257","og_locale":"fr_FR","og_type":"article","og_title":"Presse - Marabu Kreativ","og_description":"Nous vous invitons \u00e0 lire l&#8217;actualit\u00e9 de notre entreprise et \u00e0 d\u00e9couvrir nos nouveaux produits. Nos communiqu\u00e9s de presse et nos images sont \u00e0 votre disposition pour \u00eatre publi\u00e9s dans vos m\u00e9dias. Nous vous demandons de bien vouloir respecter nos droits d&#8217;auteur et de n&#8217;utiliser les images que pour faire r\u00e9f\u00e9rence \u00e0 Marabu Couleurs Cr\u00e9atives. [&hellip;]","og_url":"https:\/\/www.marabu-creative.com\/fr\/services\/presse\/","og_site_name":"Marabu Kreativ","article_publisher":"https:\/\/www.facebook.com\/marabuchannel\/","article_modified_time":"2020-09-28T13:29:19+00:00","og_image":[{"width":2560,"height":1440,"url":"https:\/\/www.marabu-creative.com\/wp-content\/uploads\/2017\/06\/service-presse.jpg","type":"image\/jpeg"}],"twitter_card":"summary_large_image","schema":{"@context":"https:\/\/schema.org","@graph":[{"@type":"WebPage","@id":"https:\/\/www.marabu-creative.com\/fr\/services\/presse\/","url":"https:\/\/www.marabu-creative.com\/fr\/services\/presse\/","name":"Presse - Marabu Kreativ","isPartOf":{"@id":"https:\/\/www.marabu-creative.com\/en\/#website"},"datePublished":"2020-09-28T13:21:08+00:00","dateModified":"2020-09-28T13:29:19+00:00","breadcrumb":{"@id":"https:\/\/www.marabu-creative.com\/fr\/services\/presse\/#breadcrumb"},"inLanguage":"fr-FR","potentialAction":[{"@type":"ReadAction","target":["https:\/\/www.marabu-creative.com\/fr\/services\/presse\/"]}]},{"@type":"BreadcrumbList","@id":"https:\/\/www.marabu-creative.com\/fr\/services\/presse\/#breadcrumb","itemListElement":[{"@type":"ListItem","position":1,"name":"Startseite","item":"https:\/\/www.marabu-creative.com\/fr\/"},{"@type":"ListItem","position":2,"name":"Services","item":"https:\/\/www.marabu-creative.com\/fr\/services\/"},{"@type":"ListItem","position":3,"name":"Presse"}]},{"@type":"WebSite","@id":"https:\/\/www.marabu-creative.com\/en\/#website","url":"https:\/\/www.marabu-creative.com\/en\/","name":"Marabu Kreativ","description":"","potentialAction":[{"@type":"SearchAction","target":{"@type":"EntryPoint","urlTemplate":"https:\/\/www.marabu-creative.com\/en\/?s={search_term_string}"},"query-input":"required name=search_term_string"}],"inLanguage":"fr-FR"}]}},"_links":{"self":[{"href":"https:\/\/www.marabu-creative.com\/fr\/wp-json\/wp\/v2\/pages\/227257"}],"collection":[{"href":"https:\/\/www.marabu-creative.com\/fr\/wp-json\/wp\/v2\/pages"}],"about":[{"href":"https:\/\/www.marabu-creative.com\/fr\/wp-json\/wp\/v2\/types\/page"}],"author":[{"embeddable":true,"href":"https:\/\/www.marabu-creative.com\/fr\/wp-json\/wp\/v2\/users\/27"}],"replies":[{"embeddable":true,"href":"https:\/\/www.marabu-creative.com\/fr\/wp-json\/wp\/v2\/comments?post=227257"}],"version-history":[{"count":0,"href":"https:\/\/www.marabu-creative.com\/fr\/wp-json\/wp\/v2\/pages\/227257\/revisions"}],"up":[{"embeddable":true,"href":"https:\/\/www.marabu-creative.com\/fr\/wp-json\/wp\/v2\/pages\/227242"}],"wp:featuredmedia":[{"embeddable":true,"href":"https:\/\/www.marabu-creative.com\/fr\/wp-json\/wp\/v2\/media\/27312"}],"wp:attachment":[{"href":"https:\/\/www.marabu-creative.com\/fr\/wp-json\/wp\/v2\/media?parent=227257"}],"curies":[{"name":"wp","href":"https:\/\/api.w.org\/{rel}","templated":true}]}}