{"id":227262,"date":"2020-09-29T12:47:09","date_gmt":"2020-09-29T10:47:09","guid":{"rendered":"https:\/\/www.marabu-creative.com\/entreprise\/create-care-enjoy\/"},"modified":"2020-11-12T08:50:13","modified_gmt":"2020-11-12T07:50:13","slug":"create-care-enjoy","status":"publish","type":"page","link":"https:\/\/www.marabu-creative.com\/fr\/entreprise\/create-care-enjoy\/","title":{"rendered":"CREATE. CARE. ENJOY."},"content":{"rendered":"<div class=\"page\" title=\"Page 7\">\n<div class=\"section\">\n<div class=\"layoutArea\">\n<div class=\"page\" title=\"Page 7\">\n<div class=\"section\">\n<div class=\"layoutArea\">\n<div class=\"column\">\n<h3><img loading=\"lazy\" decoding=\"async\" class=\"aligncenter wp-image-25263 size-full\" src=\"https:\/\/www.marabu-creative.com\/wp-content\/uploads\/2017\/06\/zitatbild2.png\" alt=\"\" width=\"682\" height=\"357\" srcset=\"https:\/\/www.marabu-creative.com\/wp-content\/uploads\/2017\/06\/zitatbild2.png 682w, https:\/\/www.marabu-creative.com\/wp-content\/uploads\/2017\/06\/zitatbild2-300x157.png 300w\" sizes=\"(max-width: 682px) 100vw, 682px\" \/><\/h3>\n<h3 style=\"text-align: center;\">\u201eNous voulons inspirer les gens pour qu\u2019ils cr\u00e9ent des mod\u00e8les uniques. Avec des id\u00e9es, de la passion et le sens de beaux d\u00e9tails.\u201c<\/h3>\n<\/div>\n<\/div>\n<\/div>\n<\/div>\n<div class=\"column\">\n<p style=\"text-align: center;\">York Boeder, CEO Executive Commitee<\/p>\n<p>&nbsp;<\/p>\n<h2>CREATE. CARE. ENJOY.<\/h2>\n<p>Create! Marabu d\u00e9passe les exigences de qualit\u00e9 maximale avec ses peintures uniques et ses produits cr\u00e9atifs.<br \/>\nCare! Dans le groupe Marabu, des collaborateurs qualifi\u00e9s avec une responsabilit\u00e9 durable veillent \u00e0 un volume de production annuelle sup\u00e9rieure \u00e0 4 000 tonnes.<\/p>\n<p>Enjoy! Marabu enchante ses clients dans le monde entier avec un assortiment de plus de 20 000 articles et r\u00e9alise un chiffre d\u2019affaires annuel sup\u00e9rieur \u00e0 100 millions EUR.<\/p>\n<\/div>\n<\/div>\n<\/div>\n<\/div>\n<div class=\"page\" title=\"Page 7\">\n<div class=\"section\">\n<div class=\"layoutArea\">\n<div class=\"column\">\n<p>Depuis plus de 160 ans, Marabu est v\u00e9ritablement une pionni\u00e8re et un compagnon fiable dans les secteurs de la s\u00e9rigraphie,<br \/>\nde la tampographie, des rev\u00eatements industriels liquides, de l\u2019impression num\u00e9rique et des couleurs cr\u00e9atives.<\/p>\n<p>&nbsp;<\/p>\n<p><img loading=\"lazy\" decoding=\"async\" class=\"aligncenter wp-image-118681 size-large\" src=\"https:\/\/www.marabu-creative.com\/wp-content\/uploads\/2018\/04\/marabu_zubehoer_category-1-1024x533.png\" alt=\"\" width=\"1024\" height=\"533\" srcset=\"https:\/\/www.marabu-creative.com\/wp-content\/uploads\/2018\/04\/marabu_zubehoer_category-1-1024x533.png 1024w, https:\/\/www.marabu-creative.com\/wp-content\/uploads\/2018\/04\/marabu_zubehoer_category-1-300x156.png 300w, https:\/\/www.marabu-creative.com\/wp-content\/uploads\/2018\/04\/marabu_zubehoer_category-1-768x400.png 768w\" sizes=\"(max-width: 1024px) 100vw, 1024px\" \/><\/p>\n<h2><b class=\"b3\">Histoire<\/b> <b class=\"b4\">de<\/b> <b class=\"b5\">l&#8217;entreprise<\/b><\/h2>\n<p><strong><span style=\"color: #ff0000;\">1859<\/span><br \/>\n<\/strong>Albert Martz ouvre son commerce de peinture et de mat\u00e9riel \u00e0 Stuttgart.<\/p>\n<p>&nbsp;<\/p>\n<p><strong><span style=\"color: #ff0000;\">1870<\/span><br \/>\n<\/strong> Martz commence par fabriquer de l&#8217;aquarelle. Les premiers instruments g\u00e9om\u00e9triques constituent une premi\u00e8re \u00e9tape majeure dans la technique du dessin.<strong><br \/>\n<\/strong><\/p>\n<p>&nbsp;<\/p>\n<p><span style=\"color: #ff0000;\"><strong>1909<\/strong><\/span><br \/>\nMartz devient par la suite Marabu La marque de fabrication Marabu est d\u00e9pos\u00e9e au Kaiserlicher Patentamt (Office des brevets imp\u00e9rial).<\/p>\n<p>&nbsp;<\/p>\n<\/div>\n<\/div>\n<p><span style=\"color: #ff0000;\"><strong>1939<\/strong><\/span><br \/>\nMarabu produit la premi\u00e8re bo\u00eete de peinture couvrante. Marabu justifie ainsi son arriv\u00e9e sur le march\u00e9 des accessoires p\u00e9dagogiques scolaires.<\/p>\n<p>&nbsp;<\/p>\n<p><span style=\"color: #ff0000;\"><strong>1952<\/strong><\/span><br \/>\nMarabu pr\u00e9sente sa premi\u00e8re peinture de s\u00e9rigraphie Marapid qui a \u00e9t\u00e9 d\u00e9velopp\u00e9e dans son laboratoire interne.<\/p>\n<p>&nbsp;<\/p>\n<p><span style=\"color: #ff0000;\"><strong>1959<\/strong><\/span><br \/>\nPour le centenaire de son entreprise, Marabu a sorti sur le march\u00e9 la colle de montage \u00e9lastique Fixogum : une innovation qui est devenue un v\u00e9ritable classique de vente.<\/p>\n<p>&nbsp;<\/p>\n<p><span style=\"color: #ff0000;\"><strong>1971<\/strong><\/span><br \/>\nMarabu entre sur le segment Loisirs cr\u00e9atifs qui prendra \u00e0 long terme une grande importance pour l\u2019entreprise.<\/p>\n<p>&nbsp;<\/p>\n<p><span style=\"color: #ff0000;\"><strong>1995<\/strong><\/span><br \/>\nDepuis 1995, Marabu est certifi\u00e9e conforme \u00e0 ISO 9001 et depuis 2003 conforme \u00e0 ISO 14001. Marabu a rejoint<br \/>\nl\u2019initiative Responsible-Care\u00ae en 1998. En 2011, Marabu a re\u00e7u le prix du d\u00e9veloppement durable d\u00e9cern\u00e9 par la SGIA.<\/p>\n<p>&nbsp;<\/p>\n<p><span style=\"color: #ff0000;\"><strong>1999<\/strong><\/span><br \/>\nAnn\u00e9es fastes pour la peinture sur fen\u00eatre : Marabu-fun &amp; fancy Window Colour domine le march\u00e9 depuis plusieurs ann\u00e9es.<\/p>\n<p>&nbsp;<\/p>\n<p><span style=\"color: #ff0000;\"><strong>2004<\/strong><\/span><br \/>\nLa nouvelle usine de couleurs cr\u00e9atives ouvrira \u00e0 Bietigheim-Bissingen. Elle a \u00e9t\u00e9 con\u00e7ue suivant les derni\u00e8res normes \u00e9cologiques, techniques et favorables aux employ\u00e9s.<\/p>\n<p>&nbsp;<\/p>\n<p><span style=\"color: #ff0000;\"><strong>2009<\/strong><\/span><br \/>\nMarabu f\u00eate le 150\u00e8me anniversaire de sa fondation.<\/p>\n<p>&nbsp;<\/p>\n<p><span style=\"color: #ff0000;\"><strong>2015<\/strong><\/span><br \/>\nFashion-Spray est le produit connaissant la plus belle r\u00e9ussite depuis Window Colour.<\/p>\n<p>&nbsp;<\/p>\n<p><span style=\"color: #ff0000;\"><strong>2016<\/strong><\/span><\/p>\n<p>Couleurs cr\u00e9atives Marabu est lanc\u00e9 aux Etats-Unis.<\/p>\n<p>&nbsp;<\/p>\n<\/div>\n<p><span style=\"color: #ff0000;\"><strong>2019<\/strong><\/span><\/p>\n<p>Marabu lance la toute premi\u00e8re peinture de s\u00e9rigraphie destin\u00e9e aux amateurs de cr\u00e9ativit\u00e9.<\/p>\n<\/div>\n<p>&nbsp;<\/p>\n","protected":false},"excerpt":{"rendered":"<p>\u201eNous voulons inspirer les gens pour qu\u2019ils cr\u00e9ent des mod\u00e8les uniques. Avec des id\u00e9es, de la passion et le sens de beaux d\u00e9tails.\u201c York Boeder, CEO Executive Commitee &nbsp; CREATE. CARE. ENJOY. Create! Marabu d\u00e9passe les exigences de qualit\u00e9 maximale avec ses peintures uniques et ses produits cr\u00e9atifs. Care! Dans le groupe Marabu, des collaborateurs [&hellip;]<\/p>\n","protected":false},"author":27,"featured_media":78532,"parent":227244,"menu_order":1,"comment_status":"closed","ping_status":"closed","template":"","meta":{"_acf_changed":false,"footnotes":""},"acf":[],"yoast_head":"<!-- This site is optimized with the Yoast SEO plugin v19.14 - https:\/\/yoast.com\/wordpress\/plugins\/seo\/ -->\n<title>CREATE. CARE. ENJOY. - Marabu Kreativ<\/title>\n<meta name=\"robots\" content=\"index, follow, max-snippet:-1, max-image-preview:large, max-video-preview:-1\" \/>\n<link rel=\"canonical\" href=\"https:\/\/www.marabu-creative.com\/fr\/wp-json\/wp\/v2\/pages\/227262\" \/>\n<meta property=\"og:locale\" content=\"fr_FR\" \/>\n<meta property=\"og:type\" content=\"article\" \/>\n<meta property=\"og:title\" content=\"CREATE. CARE. ENJOY. - Marabu Kreativ\" \/>\n<meta property=\"og:description\" content=\"\u201eNous voulons inspirer les gens pour qu\u2019ils cr\u00e9ent des mod\u00e8les uniques. Avec des id\u00e9es, de la passion et le sens de beaux d\u00e9tails.\u201c York Boeder, CEO Executive Commitee &nbsp; CREATE. CARE. ENJOY. Create! Marabu d\u00e9passe les exigences de qualit\u00e9 maximale avec ses peintures uniques et ses produits cr\u00e9atifs. Care! Dans le groupe Marabu, des collaborateurs [&hellip;]\" \/>\n<meta property=\"og:url\" content=\"https:\/\/www.marabu-creative.com\/fr\/entreprise\/create-care-enjoy\/\" \/>\n<meta property=\"og:site_name\" content=\"Marabu Kreativ\" \/>\n<meta property=\"article:publisher\" content=\"https:\/\/www.facebook.com\/marabuchannel\/\" \/>\n<meta property=\"article:modified_time\" content=\"2020-11-12T07:50:13+00:00\" \/>\n<meta property=\"og:image\" content=\"https:\/\/www.marabu-creative.com\/wp-content\/uploads\/2018\/02\/Marabu_Unternehmen_Kreativitaet-1.png\" \/>\n\t<meta property=\"og:image:width\" content=\"1226\" \/>\n\t<meta property=\"og:image:height\" content=\"535\" \/>\n\t<meta property=\"og:image:type\" content=\"image\/png\" \/>\n<meta name=\"twitter:card\" content=\"summary_large_image\" \/>\n<meta name=\"twitter:label1\" content=\"Est. reading time\" \/>\n\t<meta name=\"twitter:data1\" content=\"2 minutes\" \/>\n<script type=\"application\/ld+json\" class=\"yoast-schema-graph\">{\"@context\":\"https:\/\/schema.org\",\"@graph\":[{\"@type\":\"WebPage\",\"@id\":\"https:\/\/www.marabu-creative.com\/fr\/entreprise\/create-care-enjoy\/\",\"url\":\"https:\/\/www.marabu-creative.com\/fr\/entreprise\/create-care-enjoy\/\",\"name\":\"CREATE. CARE. ENJOY. - Marabu Kreativ\",\"isPartOf\":{\"@id\":\"https:\/\/www.marabu-creative.com\/en\/#website\"},\"datePublished\":\"2020-09-29T10:47:09+00:00\",\"dateModified\":\"2020-11-12T07:50:13+00:00\",\"breadcrumb\":{\"@id\":\"https:\/\/www.marabu-creative.com\/fr\/entreprise\/create-care-enjoy\/#breadcrumb\"},\"inLanguage\":\"fr-FR\",\"potentialAction\":[{\"@type\":\"ReadAction\",\"target\":[\"https:\/\/www.marabu-creative.com\/fr\/entreprise\/create-care-enjoy\/\"]}]},{\"@type\":\"BreadcrumbList\",\"@id\":\"https:\/\/www.marabu-creative.com\/fr\/entreprise\/create-care-enjoy\/#breadcrumb\",\"itemListElement\":[{\"@type\":\"ListItem\",\"position\":1,\"name\":\"Startseite\",\"item\":\"https:\/\/www.marabu-creative.com\/fr\/\"},{\"@type\":\"ListItem\",\"position\":2,\"name\":\"Entreprise\",\"item\":\"https:\/\/www.marabu-creative.com\/fr\/entreprise\/\"},{\"@type\":\"ListItem\",\"position\":3,\"name\":\"CREATE. CARE. ENJOY.\"}]},{\"@type\":\"WebSite\",\"@id\":\"https:\/\/www.marabu-creative.com\/en\/#website\",\"url\":\"https:\/\/www.marabu-creative.com\/en\/\",\"name\":\"Marabu Kreativ\",\"description\":\"\",\"potentialAction\":[{\"@type\":\"SearchAction\",\"target\":{\"@type\":\"EntryPoint\",\"urlTemplate\":\"https:\/\/www.marabu-creative.com\/en\/?s={search_term_string}\"},\"query-input\":\"required name=search_term_string\"}],\"inLanguage\":\"fr-FR\"}]}<\/script>\n<!-- \/ Yoast SEO plugin. -->","yoast_head_json":{"title":"CREATE. CARE. ENJOY. - Marabu Kreativ","robots":{"index":"index","follow":"follow","max-snippet":"max-snippet:-1","max-image-preview":"max-image-preview:large","max-video-preview":"max-video-preview:-1"},"canonical":"https:\/\/www.marabu-creative.com\/fr\/wp-json\/wp\/v2\/pages\/227262","og_locale":"fr_FR","og_type":"article","og_title":"CREATE. CARE. ENJOY. - Marabu Kreativ","og_description":"\u201eNous voulons inspirer les gens pour qu\u2019ils cr\u00e9ent des mod\u00e8les uniques. Avec des id\u00e9es, de la passion et le sens de beaux d\u00e9tails.\u201c York Boeder, CEO Executive Commitee &nbsp; CREATE. CARE. ENJOY. Create! Marabu d\u00e9passe les exigences de qualit\u00e9 maximale avec ses peintures uniques et ses produits cr\u00e9atifs. Care! Dans le groupe Marabu, des collaborateurs [&hellip;]","og_url":"https:\/\/www.marabu-creative.com\/fr\/entreprise\/create-care-enjoy\/","og_site_name":"Marabu Kreativ","article_publisher":"https:\/\/www.facebook.com\/marabuchannel\/","article_modified_time":"2020-11-12T07:50:13+00:00","og_image":[{"width":1226,"height":535,"url":"https:\/\/www.marabu-creative.com\/wp-content\/uploads\/2018\/02\/Marabu_Unternehmen_Kreativitaet-1.png","type":"image\/png"}],"twitter_card":"summary_large_image","twitter_misc":{"Est. reading time":"2 minutes"},"schema":{"@context":"https:\/\/schema.org","@graph":[{"@type":"WebPage","@id":"https:\/\/www.marabu-creative.com\/fr\/entreprise\/create-care-enjoy\/","url":"https:\/\/www.marabu-creative.com\/fr\/entreprise\/create-care-enjoy\/","name":"CREATE. CARE. ENJOY. - Marabu Kreativ","isPartOf":{"@id":"https:\/\/www.marabu-creative.com\/en\/#website"},"datePublished":"2020-09-29T10:47:09+00:00","dateModified":"2020-11-12T07:50:13+00:00","breadcrumb":{"@id":"https:\/\/www.marabu-creative.com\/fr\/entreprise\/create-care-enjoy\/#breadcrumb"},"inLanguage":"fr-FR","potentialAction":[{"@type":"ReadAction","target":["https:\/\/www.marabu-creative.com\/fr\/entreprise\/create-care-enjoy\/"]}]},{"@type":"BreadcrumbList","@id":"https:\/\/www.marabu-creative.com\/fr\/entreprise\/create-care-enjoy\/#breadcrumb","itemListElement":[{"@type":"ListItem","position":1,"name":"Startseite","item":"https:\/\/www.marabu-creative.com\/fr\/"},{"@type":"ListItem","position":2,"name":"Entreprise","item":"https:\/\/www.marabu-creative.com\/fr\/entreprise\/"},{"@type":"ListItem","position":3,"name":"CREATE. CARE. ENJOY."}]},{"@type":"WebSite","@id":"https:\/\/www.marabu-creative.com\/en\/#website","url":"https:\/\/www.marabu-creative.com\/en\/","name":"Marabu Kreativ","description":"","potentialAction":[{"@type":"SearchAction","target":{"@type":"EntryPoint","urlTemplate":"https:\/\/www.marabu-creative.com\/en\/?s={search_term_string}"},"query-input":"required name=search_term_string"}],"inLanguage":"fr-FR"}]}},"_links":{"self":[{"href":"https:\/\/www.marabu-creative.com\/fr\/wp-json\/wp\/v2\/pages\/227262"}],"collection":[{"href":"https:\/\/www.marabu-creative.com\/fr\/wp-json\/wp\/v2\/pages"}],"about":[{"href":"https:\/\/www.marabu-creative.com\/fr\/wp-json\/wp\/v2\/types\/page"}],"author":[{"embeddable":true,"href":"https:\/\/www.marabu-creative.com\/fr\/wp-json\/wp\/v2\/users\/27"}],"replies":[{"embeddable":true,"href":"https:\/\/www.marabu-creative.com\/fr\/wp-json\/wp\/v2\/comments?post=227262"}],"version-history":[{"count":0,"href":"https:\/\/www.marabu-creative.com\/fr\/wp-json\/wp\/v2\/pages\/227262\/revisions"}],"up":[{"embeddable":true,"href":"https:\/\/www.marabu-creative.com\/fr\/wp-json\/wp\/v2\/pages\/227244"}],"wp:featuredmedia":[{"embeddable":true,"href":"https:\/\/www.marabu-creative.com\/fr\/wp-json\/wp\/v2\/media\/78532"}],"wp:attachment":[{"href":"https:\/\/www.marabu-creative.com\/fr\/wp-json\/wp\/v2\/media?parent=227262"}],"curies":[{"name":"wp","href":"https:\/\/api.w.org\/{rel}","templated":true}]}}