{"id":227263,"date":"2020-09-29T12:55:47","date_gmt":"2020-09-29T10:55:47","guid":{"rendered":"https:\/\/www.marabu-creative.com\/entreprise\/nous-donnons-de-la-couleur-a-la-creativite\/"},"modified":"2020-10-06T16:54:26","modified_gmt":"2020-10-06T14:54:26","slug":"nous-donnons-de-la-couleur-a-la-creativite","status":"publish","type":"page","link":"https:\/\/www.marabu-creative.com\/fr\/entreprise\/nous-donnons-de-la-couleur-a-la-creativite\/","title":{"rendered":"NOUS DONNONS DE LA COULEUR \u00c0 LA CR\u00c9ATIVIT\u00c9"},"content":{"rendered":"<p>&nbsp;<\/p>\n<p><img loading=\"lazy\" decoding=\"async\" class=\"aligncenter size-full wp-image-25290\" src=\"https:\/\/www.marabu-creative.com\/wp-content\/uploads\/2017\/06\/zitatbild-kreativfarben.png\" alt=\"\" width=\"683\" height=\"357\" srcset=\"https:\/\/www.marabu-creative.com\/wp-content\/uploads\/2017\/06\/zitatbild-kreativfarben.png 683w, https:\/\/www.marabu-creative.com\/wp-content\/uploads\/2017\/06\/zitatbild-kreativfarben-300x157.png 300w\" sizes=\"(max-width: 683px) 100vw, 683px\" \/><\/p>\n<div class=\"page\" title=\"Page 9\">\n<div class=\"section\">\n<div class=\"layoutArea\">\n<div class=\"column\">\n<h3 style=\"text-align: center;\">\u00ab Nous sommes un partenaire fort et fiable pour nos clients. <br \/>\nNous d\u00e9veloppons dans le monde entier des solutions de produit et des concepts de commercialisation <br \/>\nde premier ordre pour et avec nos clients. \u00bb<\/h3>\n<div class=\"page\" title=\"Page 9\">\n<div class=\"section\">\n<div class=\"layoutArea\">\n<div class=\"column\">\n<p style=\"text-align: center;\">Hendrik Matischak, Executive Vice President Business Unit Creative Colours<\/p>\n<h2 style=\"text-align: left;\">COULEURS CR\u00c9ATIVES MARABU<\/h2>\n<div class=\"page\" title=\"Page 9\">\n<div class=\"section\">\n<div class=\"layoutArea\">\n<div class=\"column\">\n<p>Marabu est au coeur des tendances du moment. Des produits in, des couleurs tendance et un vaste assortiment satisfont aux<br \/>\nd\u00e9sirs des cr\u00e9atifs et des artistes. De Marabu Artist Acryl \u00e0 Chalky-Chic<br \/>\nen passant par Fashion- Spray, Marabu enchante ses clients avec des produits de marque exceptionnels.<\/p>\n<p>Dans tous les canaux de distribution, Marabu am\u00e8ne ses partenaires sur la route de la r\u00e9ussite avec des concepts<br \/>\nmarketing taill\u00e9s sur mesure pour diff\u00e9rents groupes cibles. Qu\u2019il s\u2019agisse de commerce sp\u00e9cialis\u00e9, de bricolage ou de commerce \u00e9lectronique : les clients et les consommateurs font confiance<br \/>\n\u00e0 la marque Marabu. Une communication exceptionnelle de la marque dans les m\u00e9dias et les points de vente conf\u00e8rent fascination<br \/>\net plaisir aux produits Marabu. Des formations et des ateliers pour les commer\u00e7ants et les consommateurs<br \/>\nfinaux donnent des informations sur la qualit\u00e9 test\u00e9e des produits et les inspirent pour des id\u00e9es cr\u00e9atives.<\/p>\n<h3>\u00a0<\/h3>\n<h3>MARABU<\/h3>\n<ul>\n<li>QUALIT\u00c9 PREMIUM MADE IN GERMANY<\/li>\n<li>D\u00c9VELOPPEMENT DANS SON PROPRE LABORATOIRE<\/li>\n<li>GESTION COH\u00c9RENTE DE LA QUALIT\u00c9<\/li>\n<li>CONTR\u00d4LES QUALIT\u00c9 TR\u00c8S STRICTS<\/li>\n<li>RENOMM\u00c9E MONDIALE DE LA MARQUE<\/li>\n<li>MARKETING FORT EN LIGNE ET HORS LIGNE<\/li>\n<li>ASSISTANCE COMMERCIALE COMPL\u00c8TE<\/li>\n<\/ul>\n<p><img loading=\"lazy\" decoding=\"async\" class=\"aligncenter wp-image-25176 size-large\" src=\"https:\/\/www.marabu-creative.com\/wp-content\/uploads\/2017\/06\/WerkBietigheim-2-1024x699.jpg\" alt=\"\" width=\"1024\" height=\"699\" srcset=\"https:\/\/www.marabu-creative.com\/wp-content\/uploads\/2017\/06\/WerkBietigheim-2-1024x699.jpg 1024w, https:\/\/www.marabu-creative.com\/wp-content\/uploads\/2017\/06\/WerkBietigheim-2-300x205.jpg 300w, https:\/\/www.marabu-creative.com\/wp-content\/uploads\/2017\/06\/WerkBietigheim-2-768x524.jpg 768w\" sizes=\"(max-width: 1024px) 100vw, 1024px\" \/><\/p>\n<p><img loading=\"lazy\" decoding=\"async\" class=\"aligncenter wp-image-25191 size-large\" src=\"https:\/\/www.marabu-creative.com\/wp-content\/uploads\/2017\/06\/20160906_Marabu_Kapiteltrenner_Hobby_quer_RZ-1024x724.jpg\" alt=\"\" width=\"1024\" height=\"724\" srcset=\"https:\/\/www.marabu-creative.com\/wp-content\/uploads\/2017\/06\/20160906_Marabu_Kapiteltrenner_Hobby_quer_RZ-1024x724.jpg 1024w, https:\/\/www.marabu-creative.com\/wp-content\/uploads\/2017\/06\/20160906_Marabu_Kapiteltrenner_Hobby_quer_RZ-300x212.jpg 300w, https:\/\/www.marabu-creative.com\/wp-content\/uploads\/2017\/06\/20160906_Marabu_Kapiteltrenner_Hobby_quer_RZ-768x543.jpg 768w\" sizes=\"(max-width: 1024px) 100vw, 1024px\" \/><\/p>\n<\/div>\n<\/div>\n<\/div>\n<\/div>\n<\/div>\n<\/div>\n<\/div>\n<\/div>\n<\/div>\n<\/div>\n<\/div>\n<\/div>\n","protected":false},"excerpt":{"rendered":"<p>&nbsp; \u00ab Nous sommes un partenaire fort et fiable pour nos clients. Nous d\u00e9veloppons dans le monde entier des solutions de produit et des concepts de commercialisation de premier ordre pour et avec nos clients. \u00bb Hendrik Matischak, Executive Vice President Business Unit Creative Colours COULEURS CR\u00c9ATIVES MARABU Marabu est au coeur des tendances du [&hellip;]<\/p>\n","protected":false},"author":27,"featured_media":27301,"parent":227244,"menu_order":5,"comment_status":"closed","ping_status":"closed","template":"","meta":{"_acf_changed":false,"footnotes":""},"acf":[],"yoast_head":"<!-- This site is optimized with the Yoast SEO plugin v19.14 - https:\/\/yoast.com\/wordpress\/plugins\/seo\/ -->\n<title>NOUS DONNONS DE LA COULEUR \u00c0 LA CR\u00c9ATIVIT\u00c9 - Marabu Kreativ<\/title>\n<meta name=\"robots\" content=\"index, follow, max-snippet:-1, max-image-preview:large, max-video-preview:-1\" \/>\n<link rel=\"canonical\" href=\"https:\/\/www.marabu-creative.com\/fr\/wp-json\/wp\/v2\/pages\/227263\" \/>\n<meta property=\"og:locale\" content=\"fr_FR\" \/>\n<meta property=\"og:type\" content=\"article\" \/>\n<meta property=\"og:title\" content=\"NOUS DONNONS DE LA COULEUR \u00c0 LA CR\u00c9ATIVIT\u00c9 - Marabu Kreativ\" \/>\n<meta property=\"og:description\" content=\"&nbsp; \u00ab Nous sommes un partenaire fort et fiable pour nos clients. Nous d\u00e9veloppons dans le monde entier des solutions de produit et des concepts de commercialisation de premier ordre pour et avec nos clients. \u00bb Hendrik Matischak, Executive Vice President Business Unit Creative Colours COULEURS CR\u00c9ATIVES MARABU Marabu est au coeur des tendances du [&hellip;]\" \/>\n<meta property=\"og:url\" content=\"https:\/\/www.marabu-creative.com\/fr\/entreprise\/nous-donnons-de-la-couleur-a-la-creativite\/\" \/>\n<meta property=\"og:site_name\" content=\"Marabu Kreativ\" \/>\n<meta property=\"article:publisher\" content=\"https:\/\/www.facebook.com\/marabuchannel\/\" \/>\n<meta property=\"article:modified_time\" content=\"2020-10-06T14:54:26+00:00\" \/>\n<meta property=\"og:image\" content=\"https:\/\/www.marabu-creative.com\/wp-content\/uploads\/2017\/06\/unternehmen-geben.jpg\" \/>\n\t<meta property=\"og:image:width\" content=\"2560\" \/>\n\t<meta property=\"og:image:height\" content=\"1440\" \/>\n\t<meta property=\"og:image:type\" content=\"image\/jpeg\" \/>\n<meta name=\"twitter:card\" content=\"summary_large_image\" \/>\n<meta name=\"twitter:label1\" content=\"Est. reading time\" \/>\n\t<meta name=\"twitter:data1\" content=\"1 minute\" \/>\n<script type=\"application\/ld+json\" class=\"yoast-schema-graph\">{\"@context\":\"https:\/\/schema.org\",\"@graph\":[{\"@type\":\"WebPage\",\"@id\":\"https:\/\/www.marabu-creative.com\/fr\/entreprise\/nous-donnons-de-la-couleur-a-la-creativite\/\",\"url\":\"https:\/\/www.marabu-creative.com\/fr\/entreprise\/nous-donnons-de-la-couleur-a-la-creativite\/\",\"name\":\"NOUS DONNONS DE LA COULEUR \u00c0 LA CR\u00c9ATIVIT\u00c9 - Marabu Kreativ\",\"isPartOf\":{\"@id\":\"https:\/\/www.marabu-creative.com\/en\/#website\"},\"datePublished\":\"2020-09-29T10:55:47+00:00\",\"dateModified\":\"2020-10-06T14:54:26+00:00\",\"breadcrumb\":{\"@id\":\"https:\/\/www.marabu-creative.com\/fr\/entreprise\/nous-donnons-de-la-couleur-a-la-creativite\/#breadcrumb\"},\"inLanguage\":\"fr-FR\",\"potentialAction\":[{\"@type\":\"ReadAction\",\"target\":[\"https:\/\/www.marabu-creative.com\/fr\/entreprise\/nous-donnons-de-la-couleur-a-la-creativite\/\"]}]},{\"@type\":\"BreadcrumbList\",\"@id\":\"https:\/\/www.marabu-creative.com\/fr\/entreprise\/nous-donnons-de-la-couleur-a-la-creativite\/#breadcrumb\",\"itemListElement\":[{\"@type\":\"ListItem\",\"position\":1,\"name\":\"Startseite\",\"item\":\"https:\/\/www.marabu-creative.com\/fr\/\"},{\"@type\":\"ListItem\",\"position\":2,\"name\":\"Entreprise\",\"item\":\"https:\/\/www.marabu-creative.com\/fr\/entreprise\/\"},{\"@type\":\"ListItem\",\"position\":3,\"name\":\"NOUS DONNONS DE LA COULEUR \u00c0 LA CR\u00c9ATIVIT\u00c9\"}]},{\"@type\":\"WebSite\",\"@id\":\"https:\/\/www.marabu-creative.com\/en\/#website\",\"url\":\"https:\/\/www.marabu-creative.com\/en\/\",\"name\":\"Marabu Kreativ\",\"description\":\"\",\"potentialAction\":[{\"@type\":\"SearchAction\",\"target\":{\"@type\":\"EntryPoint\",\"urlTemplate\":\"https:\/\/www.marabu-creative.com\/en\/?s={search_term_string}\"},\"query-input\":\"required name=search_term_string\"}],\"inLanguage\":\"fr-FR\"}]}<\/script>\n<!-- \/ Yoast SEO plugin. -->","yoast_head_json":{"title":"NOUS DONNONS DE LA COULEUR \u00c0 LA CR\u00c9ATIVIT\u00c9 - Marabu Kreativ","robots":{"index":"index","follow":"follow","max-snippet":"max-snippet:-1","max-image-preview":"max-image-preview:large","max-video-preview":"max-video-preview:-1"},"canonical":"https:\/\/www.marabu-creative.com\/fr\/wp-json\/wp\/v2\/pages\/227263","og_locale":"fr_FR","og_type":"article","og_title":"NOUS DONNONS DE LA COULEUR \u00c0 LA CR\u00c9ATIVIT\u00c9 - Marabu Kreativ","og_description":"&nbsp; \u00ab Nous sommes un partenaire fort et fiable pour nos clients. Nous d\u00e9veloppons dans le monde entier des solutions de produit et des concepts de commercialisation de premier ordre pour et avec nos clients. \u00bb Hendrik Matischak, Executive Vice President Business Unit Creative Colours COULEURS CR\u00c9ATIVES MARABU Marabu est au coeur des tendances du [&hellip;]","og_url":"https:\/\/www.marabu-creative.com\/fr\/entreprise\/nous-donnons-de-la-couleur-a-la-creativite\/","og_site_name":"Marabu Kreativ","article_publisher":"https:\/\/www.facebook.com\/marabuchannel\/","article_modified_time":"2020-10-06T14:54:26+00:00","og_image":[{"width":2560,"height":1440,"url":"https:\/\/www.marabu-creative.com\/wp-content\/uploads\/2017\/06\/unternehmen-geben.jpg","type":"image\/jpeg"}],"twitter_card":"summary_large_image","twitter_misc":{"Est. reading time":"1 minute"},"schema":{"@context":"https:\/\/schema.org","@graph":[{"@type":"WebPage","@id":"https:\/\/www.marabu-creative.com\/fr\/entreprise\/nous-donnons-de-la-couleur-a-la-creativite\/","url":"https:\/\/www.marabu-creative.com\/fr\/entreprise\/nous-donnons-de-la-couleur-a-la-creativite\/","name":"NOUS DONNONS DE LA COULEUR \u00c0 LA CR\u00c9ATIVIT\u00c9 - Marabu Kreativ","isPartOf":{"@id":"https:\/\/www.marabu-creative.com\/en\/#website"},"datePublished":"2020-09-29T10:55:47+00:00","dateModified":"2020-10-06T14:54:26+00:00","breadcrumb":{"@id":"https:\/\/www.marabu-creative.com\/fr\/entreprise\/nous-donnons-de-la-couleur-a-la-creativite\/#breadcrumb"},"inLanguage":"fr-FR","potentialAction":[{"@type":"ReadAction","target":["https:\/\/www.marabu-creative.com\/fr\/entreprise\/nous-donnons-de-la-couleur-a-la-creativite\/"]}]},{"@type":"BreadcrumbList","@id":"https:\/\/www.marabu-creative.com\/fr\/entreprise\/nous-donnons-de-la-couleur-a-la-creativite\/#breadcrumb","itemListElement":[{"@type":"ListItem","position":1,"name":"Startseite","item":"https:\/\/www.marabu-creative.com\/fr\/"},{"@type":"ListItem","position":2,"name":"Entreprise","item":"https:\/\/www.marabu-creative.com\/fr\/entreprise\/"},{"@type":"ListItem","position":3,"name":"NOUS DONNONS DE LA COULEUR \u00c0 LA CR\u00c9ATIVIT\u00c9"}]},{"@type":"WebSite","@id":"https:\/\/www.marabu-creative.com\/en\/#website","url":"https:\/\/www.marabu-creative.com\/en\/","name":"Marabu Kreativ","description":"","potentialAction":[{"@type":"SearchAction","target":{"@type":"EntryPoint","urlTemplate":"https:\/\/www.marabu-creative.com\/en\/?s={search_term_string}"},"query-input":"required name=search_term_string"}],"inLanguage":"fr-FR"}]}},"_links":{"self":[{"href":"https:\/\/www.marabu-creative.com\/fr\/wp-json\/wp\/v2\/pages\/227263"}],"collection":[{"href":"https:\/\/www.marabu-creative.com\/fr\/wp-json\/wp\/v2\/pages"}],"about":[{"href":"https:\/\/www.marabu-creative.com\/fr\/wp-json\/wp\/v2\/types\/page"}],"author":[{"embeddable":true,"href":"https:\/\/www.marabu-creative.com\/fr\/wp-json\/wp\/v2\/users\/27"}],"replies":[{"embeddable":true,"href":"https:\/\/www.marabu-creative.com\/fr\/wp-json\/wp\/v2\/comments?post=227263"}],"version-history":[{"count":0,"href":"https:\/\/www.marabu-creative.com\/fr\/wp-json\/wp\/v2\/pages\/227263\/revisions"}],"up":[{"embeddable":true,"href":"https:\/\/www.marabu-creative.com\/fr\/wp-json\/wp\/v2\/pages\/227244"}],"wp:featuredmedia":[{"embeddable":true,"href":"https:\/\/www.marabu-creative.com\/fr\/wp-json\/wp\/v2\/media\/27301"}],"wp:attachment":[{"href":"https:\/\/www.marabu-creative.com\/fr\/wp-json\/wp\/v2\/media?parent=227263"}],"curies":[{"name":"wp","href":"https:\/\/api.w.org\/{rel}","templated":true}]}}