{"id":227264,"date":"2020-09-29T13:00:07","date_gmt":"2020-09-29T11:00:07","guid":{"rendered":"https:\/\/www.marabu-creative.com\/entreprise\/qualite-premium-venant-dallemagne\/"},"modified":"2020-09-29T13:32:09","modified_gmt":"2020-09-29T11:32:09","slug":"qualite-premium-venant-dallemagne","status":"publish","type":"page","link":"https:\/\/www.marabu-creative.com\/fr\/entreprise\/qualite-premium-venant-dallemagne\/","title":{"rendered":"QUALIT\u00c9 PREMIUM VENANT D\u2019ALLEMAGNE"},"content":{"rendered":"<div class=\"page\" title=\"Page 11\">\n<div class=\"section\">\n<div class=\"layoutArea\">\n<div class=\"column\">\n<h2>PREMIUM QUALITY FROM GERMANY AS A LOCATION<\/h2>\n<div class=\"page\" title=\"Page 11\">\n<div class=\"section\">\n<div class=\"layoutArea\">\n<div class=\"column\">\n<p>En tant qu\u2019entreprise traditionnelle avec de nombreuses ann\u00e9es d\u2019exp\u00e9rience dans la production, Marabu attache \u00e9norm\u00e9ment d\u2019importance \u00e0<br \/>\navoir une vue d\u2019ensemble \u00e0 100 % des diff\u00e9rentes \u00e9tapes de fabrication. Cette exigence n\u2019est satisfaite<br \/>\npour les pr\u00e8s de 20 000 produits dans l\u2019assortiment Marabu que parce que la production r\u00e9pond aux exigences<br \/>\nles plus modernes du march\u00e9.<\/p>\n<p>\nMarabu produit ses peintures sp\u00e9ciales de grande qualit\u00e9 avec le label de qualit\u00e9 \u00ab Made in Germany \u00bb. Que les couleurs<br \/>\nsoient destin\u00e9es \u00e0 des loisirs cr\u00e9atifs ou encore \u00e0 des oeuvres d\u2019art exigeantes, les produits de Marabu sont leaders dans tous les domaines en satisfaisant aux<br \/>\nnormes qualit\u00e9 internationales.<br \/>\nLes produits sont stock\u00e9s dans le centre de logistique moderne sous \u00e9troite surveillance et peuvent<br \/>\n\u00eatre distribu\u00e9s efficacement dans le monde entier.<\/p>\n<p><img loading=\"lazy\" decoding=\"async\" class=\"aligncenter size-large wp-image-25165\" src=\"https:\/\/www.marabu-creative.com\/wp-content\/uploads\/2017\/06\/Marabu_048m-CMYK-1024x682.jpg\" alt=\"\" width=\"1024\" height=\"682\" srcset=\"https:\/\/www.marabu-creative.com\/wp-content\/uploads\/2017\/06\/Marabu_048m-CMYK-1024x682.jpg 1024w, https:\/\/www.marabu-creative.com\/wp-content\/uploads\/2017\/06\/Marabu_048m-CMYK-300x200.jpg 300w, https:\/\/www.marabu-creative.com\/wp-content\/uploads\/2017\/06\/Marabu_048m-CMYK-768x511.jpg 768w\" sizes=\"(max-width: 1024px) 100vw, 1024px\" \/><\/p>\n<p>&nbsp;<\/p>\n<\/div>\n<\/div>\n<\/div>\n<\/div>\n<\/div>\n<\/div>\n<\/div>\n<\/div>\n","protected":false},"excerpt":{"rendered":"<p>PREMIUM QUALITY FROM GERMANY AS A LOCATION En tant qu\u2019entreprise traditionnelle avec de nombreuses ann\u00e9es d\u2019exp\u00e9rience dans la production, Marabu attache \u00e9norm\u00e9ment d\u2019importance \u00e0 avoir une vue d\u2019ensemble \u00e0 100 % des diff\u00e9rentes \u00e9tapes de fabrication. Cette exigence n\u2019est satisfaite pour les pr\u00e8s de 20 000 produits dans l\u2019assortiment Marabu que parce que la production [&hellip;]<\/p>\n","protected":false},"author":27,"featured_media":27300,"parent":227244,"menu_order":7,"comment_status":"closed","ping_status":"closed","template":"","meta":{"_acf_changed":false,"footnotes":""},"acf":[],"yoast_head":"<!-- This site is optimized with the Yoast SEO plugin v19.14 - https:\/\/yoast.com\/wordpress\/plugins\/seo\/ -->\n<title>QUALIT\u00c9 PREMIUM VENANT D\u2019ALLEMAGNE - Marabu Kreativ<\/title>\n<meta name=\"robots\" content=\"index, follow, max-snippet:-1, max-image-preview:large, max-video-preview:-1\" \/>\n<link rel=\"canonical\" href=\"https:\/\/www.marabu-creative.com\/fr\/wp-json\/wp\/v2\/pages\/227264\" \/>\n<meta property=\"og:locale\" content=\"fr_FR\" \/>\n<meta property=\"og:type\" content=\"article\" \/>\n<meta property=\"og:title\" content=\"QUALIT\u00c9 PREMIUM VENANT D\u2019ALLEMAGNE - Marabu Kreativ\" \/>\n<meta property=\"og:description\" content=\"PREMIUM QUALITY FROM GERMANY AS A LOCATION En tant qu\u2019entreprise traditionnelle avec de nombreuses ann\u00e9es d\u2019exp\u00e9rience dans la production, Marabu attache \u00e9norm\u00e9ment d\u2019importance \u00e0 avoir une vue d\u2019ensemble \u00e0 100 % des diff\u00e9rentes \u00e9tapes de fabrication. Cette exigence n\u2019est satisfaite pour les pr\u00e8s de 20 000 produits dans l\u2019assortiment Marabu que parce que la production [&hellip;]\" \/>\n<meta property=\"og:url\" content=\"https:\/\/www.marabu-creative.com\/fr\/entreprise\/qualite-premium-venant-dallemagne\/\" \/>\n<meta property=\"og:site_name\" content=\"Marabu Kreativ\" \/>\n<meta property=\"article:publisher\" content=\"https:\/\/www.facebook.com\/marabuchannel\/\" \/>\n<meta property=\"article:modified_time\" content=\"2020-09-29T11:32:09+00:00\" \/>\n<meta property=\"og:image\" content=\"https:\/\/www.marabu-creative.com\/wp-content\/uploads\/2017\/06\/unternehmen-produzieren.jpg\" \/>\n\t<meta property=\"og:image:width\" content=\"2560\" \/>\n\t<meta property=\"og:image:height\" content=\"1440\" \/>\n\t<meta property=\"og:image:type\" content=\"image\/jpeg\" \/>\n<meta name=\"twitter:card\" content=\"summary_large_image\" \/>\n<meta name=\"twitter:label1\" content=\"Est. reading time\" \/>\n\t<meta name=\"twitter:data1\" content=\"1 minute\" \/>\n<script type=\"application\/ld+json\" class=\"yoast-schema-graph\">{\"@context\":\"https:\/\/schema.org\",\"@graph\":[{\"@type\":\"WebPage\",\"@id\":\"https:\/\/www.marabu-creative.com\/fr\/entreprise\/qualite-premium-venant-dallemagne\/\",\"url\":\"https:\/\/www.marabu-creative.com\/fr\/entreprise\/qualite-premium-venant-dallemagne\/\",\"name\":\"QUALIT\u00c9 PREMIUM VENANT D\u2019ALLEMAGNE - Marabu Kreativ\",\"isPartOf\":{\"@id\":\"https:\/\/www.marabu-creative.com\/en\/#website\"},\"datePublished\":\"2020-09-29T11:00:07+00:00\",\"dateModified\":\"2020-09-29T11:32:09+00:00\",\"breadcrumb\":{\"@id\":\"https:\/\/www.marabu-creative.com\/fr\/entreprise\/qualite-premium-venant-dallemagne\/#breadcrumb\"},\"inLanguage\":\"fr-FR\",\"potentialAction\":[{\"@type\":\"ReadAction\",\"target\":[\"https:\/\/www.marabu-creative.com\/fr\/entreprise\/qualite-premium-venant-dallemagne\/\"]}]},{\"@type\":\"BreadcrumbList\",\"@id\":\"https:\/\/www.marabu-creative.com\/fr\/entreprise\/qualite-premium-venant-dallemagne\/#breadcrumb\",\"itemListElement\":[{\"@type\":\"ListItem\",\"position\":1,\"name\":\"Startseite\",\"item\":\"https:\/\/www.marabu-creative.com\/fr\/\"},{\"@type\":\"ListItem\",\"position\":2,\"name\":\"Entreprise\",\"item\":\"https:\/\/www.marabu-creative.com\/fr\/entreprise\/\"},{\"@type\":\"ListItem\",\"position\":3,\"name\":\"QUALIT\u00c9 PREMIUM VENANT D\u2019ALLEMAGNE\"}]},{\"@type\":\"WebSite\",\"@id\":\"https:\/\/www.marabu-creative.com\/en\/#website\",\"url\":\"https:\/\/www.marabu-creative.com\/en\/\",\"name\":\"Marabu Kreativ\",\"description\":\"\",\"potentialAction\":[{\"@type\":\"SearchAction\",\"target\":{\"@type\":\"EntryPoint\",\"urlTemplate\":\"https:\/\/www.marabu-creative.com\/en\/?s={search_term_string}\"},\"query-input\":\"required name=search_term_string\"}],\"inLanguage\":\"fr-FR\"}]}<\/script>\n<!-- \/ Yoast SEO plugin. -->","yoast_head_json":{"title":"QUALIT\u00c9 PREMIUM VENANT D\u2019ALLEMAGNE - Marabu Kreativ","robots":{"index":"index","follow":"follow","max-snippet":"max-snippet:-1","max-image-preview":"max-image-preview:large","max-video-preview":"max-video-preview:-1"},"canonical":"https:\/\/www.marabu-creative.com\/fr\/wp-json\/wp\/v2\/pages\/227264","og_locale":"fr_FR","og_type":"article","og_title":"QUALIT\u00c9 PREMIUM VENANT D\u2019ALLEMAGNE - Marabu Kreativ","og_description":"PREMIUM QUALITY FROM GERMANY AS A LOCATION En tant qu\u2019entreprise traditionnelle avec de nombreuses ann\u00e9es d\u2019exp\u00e9rience dans la production, Marabu attache \u00e9norm\u00e9ment d\u2019importance \u00e0 avoir une vue d\u2019ensemble \u00e0 100 % des diff\u00e9rentes \u00e9tapes de fabrication. Cette exigence n\u2019est satisfaite pour les pr\u00e8s de 20 000 produits dans l\u2019assortiment Marabu que parce que la production [&hellip;]","og_url":"https:\/\/www.marabu-creative.com\/fr\/entreprise\/qualite-premium-venant-dallemagne\/","og_site_name":"Marabu Kreativ","article_publisher":"https:\/\/www.facebook.com\/marabuchannel\/","article_modified_time":"2020-09-29T11:32:09+00:00","og_image":[{"width":2560,"height":1440,"url":"https:\/\/www.marabu-creative.com\/wp-content\/uploads\/2017\/06\/unternehmen-produzieren.jpg","type":"image\/jpeg"}],"twitter_card":"summary_large_image","twitter_misc":{"Est. reading time":"1 minute"},"schema":{"@context":"https:\/\/schema.org","@graph":[{"@type":"WebPage","@id":"https:\/\/www.marabu-creative.com\/fr\/entreprise\/qualite-premium-venant-dallemagne\/","url":"https:\/\/www.marabu-creative.com\/fr\/entreprise\/qualite-premium-venant-dallemagne\/","name":"QUALIT\u00c9 PREMIUM VENANT D\u2019ALLEMAGNE - Marabu Kreativ","isPartOf":{"@id":"https:\/\/www.marabu-creative.com\/en\/#website"},"datePublished":"2020-09-29T11:00:07+00:00","dateModified":"2020-09-29T11:32:09+00:00","breadcrumb":{"@id":"https:\/\/www.marabu-creative.com\/fr\/entreprise\/qualite-premium-venant-dallemagne\/#breadcrumb"},"inLanguage":"fr-FR","potentialAction":[{"@type":"ReadAction","target":["https:\/\/www.marabu-creative.com\/fr\/entreprise\/qualite-premium-venant-dallemagne\/"]}]},{"@type":"BreadcrumbList","@id":"https:\/\/www.marabu-creative.com\/fr\/entreprise\/qualite-premium-venant-dallemagne\/#breadcrumb","itemListElement":[{"@type":"ListItem","position":1,"name":"Startseite","item":"https:\/\/www.marabu-creative.com\/fr\/"},{"@type":"ListItem","position":2,"name":"Entreprise","item":"https:\/\/www.marabu-creative.com\/fr\/entreprise\/"},{"@type":"ListItem","position":3,"name":"QUALIT\u00c9 PREMIUM VENANT D\u2019ALLEMAGNE"}]},{"@type":"WebSite","@id":"https:\/\/www.marabu-creative.com\/en\/#website","url":"https:\/\/www.marabu-creative.com\/en\/","name":"Marabu Kreativ","description":"","potentialAction":[{"@type":"SearchAction","target":{"@type":"EntryPoint","urlTemplate":"https:\/\/www.marabu-creative.com\/en\/?s={search_term_string}"},"query-input":"required name=search_term_string"}],"inLanguage":"fr-FR"}]}},"_links":{"self":[{"href":"https:\/\/www.marabu-creative.com\/fr\/wp-json\/wp\/v2\/pages\/227264"}],"collection":[{"href":"https:\/\/www.marabu-creative.com\/fr\/wp-json\/wp\/v2\/pages"}],"about":[{"href":"https:\/\/www.marabu-creative.com\/fr\/wp-json\/wp\/v2\/types\/page"}],"author":[{"embeddable":true,"href":"https:\/\/www.marabu-creative.com\/fr\/wp-json\/wp\/v2\/users\/27"}],"replies":[{"embeddable":true,"href":"https:\/\/www.marabu-creative.com\/fr\/wp-json\/wp\/v2\/comments?post=227264"}],"version-history":[{"count":0,"href":"https:\/\/www.marabu-creative.com\/fr\/wp-json\/wp\/v2\/pages\/227264\/revisions"}],"up":[{"embeddable":true,"href":"https:\/\/www.marabu-creative.com\/fr\/wp-json\/wp\/v2\/pages\/227244"}],"wp:featuredmedia":[{"embeddable":true,"href":"https:\/\/www.marabu-creative.com\/fr\/wp-json\/wp\/v2\/media\/27300"}],"wp:attachment":[{"href":"https:\/\/www.marabu-creative.com\/fr\/wp-json\/wp\/v2\/media?parent=227264"}],"curies":[{"name":"wp","href":"https:\/\/api.w.org\/{rel}","templated":true}]}}