{"id":227265,"date":"2020-09-29T13:02:17","date_gmt":"2020-09-29T11:02:17","guid":{"rendered":"https:\/\/www.marabu-creative.com\/entreprise\/we-develop-sustainability-and-reliably\/"},"modified":"2020-09-29T13:29:15","modified_gmt":"2020-09-29T11:29:15","slug":"we-develop-sustainability-and-reliably","status":"publish","type":"page","link":"https:\/\/www.marabu-creative.com\/fr\/entreprise\/we-develop-sustainability-and-reliably\/","title":{"rendered":"NOUS AVONS ADOPT\u00c9 UN D\u00c9VELOPPEMENT DURABLE ET S\u00dbR"},"content":{"rendered":"<div class=\"page\" title=\"Page 13\">\n<div class=\"section\">\n<div class=\"layoutArea\">\n<div class=\"column\">\n<h2>QUALIT\u00c9 TEST\u00c9E<\/h2>\n<div class=\"page\" title=\"Page 13\">\n<div class=\"section\">\n<div class=\"layoutArea\">\n<div class=\"column\">\n<p>Dans le d\u00e9veloppement des produits, Marabu assume ses responsabilit\u00e9 d\u00e8s le choix des premiers<br \/>\ncomposants. L\u2019utilisation de mati\u00e8res premi\u00e8res \u00e9conomes en ressources permet de prot\u00e9ger durablement<br \/>\nl\u2019environnement.<br \/>\nDans son propre laboratoire interne, Marabu recherche syst\u00e9matiquement des composants et des proc\u00e9d\u00e9s<br \/>\nde production \u00e9cologiques. Gr\u00e2ce \u00e0 des contr\u00f4les qualit\u00e9 tr\u00e8s stricts, Marabu veille \u00e0 ce que tous les produits<br \/>\net mat\u00e9riaux satisfassent aux exigences les plus \u00e9lev\u00e9es pour une production propre.<\/p>\n<p>&nbsp;<\/p>\n<p>Les directives de politique environnementale sont fortement ancr\u00e9es dans le processus d\u2019approvisionnement<br \/>\net de production. Marabu veille par ailleurs \u00e0 un traitement durable des ressources et veille \u00e0 ce que les<br \/>\npeintures ne pr\u00e9sentent aucun danger.<br \/>\nDes tests r\u00e9guliers dans des organismes de contr\u00f4le et des laboratoires ind\u00e9pendants confirment l\u2019engagement<br \/>\nde Marabu pour des produits responsables. Les articles de Marabu sont fiers de porter le label de contr\u00f4le<br \/>\ndes autorit\u00e9s et des associations nationales et internationales.<\/p>\n<p><img loading=\"lazy\" decoding=\"async\" class=\"aligncenter size-large wp-image-25151\" src=\"https:\/\/www.marabu-creative.com\/wp-content\/uploads\/2017\/06\/d00236_marabu_100000000-1024x681.jpg\" alt=\"\" width=\"1024\" height=\"681\" srcset=\"https:\/\/www.marabu-creative.com\/wp-content\/uploads\/2017\/06\/d00236_marabu_100000000-1024x681.jpg 1024w, https:\/\/www.marabu-creative.com\/wp-content\/uploads\/2017\/06\/d00236_marabu_100000000-300x200.jpg 300w, https:\/\/www.marabu-creative.com\/wp-content\/uploads\/2017\/06\/d00236_marabu_100000000-768x511.jpg 768w\" sizes=\"(max-width: 1024px) 100vw, 1024px\" \/><\/p>\n<p><img loading=\"lazy\" decoding=\"async\" class=\"aligncenter size-large wp-image-25163\" src=\"https:\/\/www.marabu-creative.com\/wp-content\/uploads\/2017\/06\/Labor-1-1024x686.jpg\" alt=\"\" width=\"1024\" height=\"686\" srcset=\"https:\/\/www.marabu-creative.com\/wp-content\/uploads\/2017\/06\/Labor-1-1024x686.jpg 1024w, https:\/\/www.marabu-creative.com\/wp-content\/uploads\/2017\/06\/Labor-1-300x201.jpg 300w, https:\/\/www.marabu-creative.com\/wp-content\/uploads\/2017\/06\/Labor-1-768x515.jpg 768w\" sizes=\"(max-width: 1024px) 100vw, 1024px\" \/><\/p>\n<p>&nbsp;<\/p>\n<\/div>\n<\/div>\n<\/div>\n<\/div>\n<\/div>\n<\/div>\n<\/div>\n<\/div>\n<p><iframe id=\"_BH_frame\" style=\"width: 75px; display: block !important; border: 0px !important; right: 0px; position: fixed; overflow: hidden !important; background-color: transparent !important; z-index: 2147483647; height: 55px; bottom: 0px;\" name=\"_BH_frame\" width=\"300\" height=\"150\" frameborder=\"0\" scrolling=\"no\"><\/iframe><\/p>\n<div class=\"bhFader\" style=\"top: 0px; left: 0px; width: 100%; height: 100%; position: fixed; background-color: #1d313a; opacity: 0.3; cursor: crosshair; text-align: center; display: none; z-index: 2147483646; background-position: initial initial; background-repeat: initial initial;\">\u00a0<\/div>\n<div class=\"_BH_instructions\" style=\"top: 50%; left: 50%; position: absolute; background-color: #1d313a; opacity: 0.8; color: #ffffff; padding: 20px 20px 25px; border-top-left-radius: 4px; border-top-right-radius: 4px; border-bottom-right-radius: 4px; border-bottom-left-radius: 4px; line-height: 1.3; font-size: 21px; width: 420px; margin-left: -230px; margin-top: -100px; text-align: center; font-weight: 500; display: none; z-index: 2147483645; background-position: initial initial; background-repeat: initial initial;\">Hover over page elements to highlight them, then click to create an annotation.<\/div>\n","protected":false},"excerpt":{"rendered":"<p>QUALIT\u00c9 TEST\u00c9E Dans le d\u00e9veloppement des produits, Marabu assume ses responsabilit\u00e9 d\u00e8s le choix des premiers composants. L\u2019utilisation de mati\u00e8res premi\u00e8res \u00e9conomes en ressources permet de prot\u00e9ger durablement l\u2019environnement. Dans son propre laboratoire interne, Marabu recherche syst\u00e9matiquement des composants et des proc\u00e9d\u00e9s de production \u00e9cologiques. Gr\u00e2ce \u00e0 des contr\u00f4les qualit\u00e9 tr\u00e8s stricts, Marabu veille \u00e0 [&hellip;]<\/p>\n","protected":false},"author":27,"featured_media":27299,"parent":227244,"menu_order":4,"comment_status":"closed","ping_status":"closed","template":"","meta":{"_acf_changed":false,"footnotes":""},"acf":[],"yoast_head":"<!-- This site is optimized with the Yoast SEO plugin v19.14 - https:\/\/yoast.com\/wordpress\/plugins\/seo\/ -->\n<title>NOUS AVONS ADOPT\u00c9 UN D\u00c9VELOPPEMENT DURABLE ET S\u00dbR - Marabu Kreativ<\/title>\n<meta name=\"robots\" content=\"index, follow, max-snippet:-1, max-image-preview:large, max-video-preview:-1\" \/>\n<link rel=\"canonical\" href=\"https:\/\/www.marabu-creative.com\/fr\/wp-json\/wp\/v2\/pages\/227265\" \/>\n<meta property=\"og:locale\" content=\"fr_FR\" \/>\n<meta property=\"og:type\" content=\"article\" \/>\n<meta property=\"og:title\" content=\"NOUS AVONS ADOPT\u00c9 UN D\u00c9VELOPPEMENT DURABLE ET S\u00dbR - Marabu Kreativ\" \/>\n<meta property=\"og:description\" content=\"QUALIT\u00c9 TEST\u00c9E Dans le d\u00e9veloppement des produits, Marabu assume ses responsabilit\u00e9 d\u00e8s le choix des premiers composants. L\u2019utilisation de mati\u00e8res premi\u00e8res \u00e9conomes en ressources permet de prot\u00e9ger durablement l\u2019environnement. Dans son propre laboratoire interne, Marabu recherche syst\u00e9matiquement des composants et des proc\u00e9d\u00e9s de production \u00e9cologiques. Gr\u00e2ce \u00e0 des contr\u00f4les qualit\u00e9 tr\u00e8s stricts, Marabu veille \u00e0 [&hellip;]\" \/>\n<meta property=\"og:url\" content=\"https:\/\/www.marabu-creative.com\/fr\/entreprise\/we-develop-sustainability-and-reliably\/\" \/>\n<meta property=\"og:site_name\" content=\"Marabu Kreativ\" \/>\n<meta property=\"article:publisher\" content=\"https:\/\/www.facebook.com\/marabuchannel\/\" \/>\n<meta property=\"article:modified_time\" content=\"2020-09-29T11:29:15+00:00\" \/>\n<meta property=\"og:image\" content=\"https:\/\/www.marabu-creative.com\/wp-content\/uploads\/2017\/06\/unternehmen-entwickeln.jpg\" \/>\n\t<meta property=\"og:image:width\" content=\"2560\" \/>\n\t<meta property=\"og:image:height\" content=\"1440\" \/>\n\t<meta property=\"og:image:type\" content=\"image\/jpeg\" \/>\n<meta name=\"twitter:card\" content=\"summary_large_image\" \/>\n<meta name=\"twitter:label1\" content=\"Est. reading time\" \/>\n\t<meta name=\"twitter:data1\" content=\"1 minute\" \/>\n<script type=\"application\/ld+json\" class=\"yoast-schema-graph\">{\"@context\":\"https:\/\/schema.org\",\"@graph\":[{\"@type\":\"WebPage\",\"@id\":\"https:\/\/www.marabu-creative.com\/fr\/entreprise\/we-develop-sustainability-and-reliably\/\",\"url\":\"https:\/\/www.marabu-creative.com\/fr\/entreprise\/we-develop-sustainability-and-reliably\/\",\"name\":\"NOUS AVONS ADOPT\u00c9 UN D\u00c9VELOPPEMENT DURABLE ET S\u00dbR - Marabu Kreativ\",\"isPartOf\":{\"@id\":\"https:\/\/www.marabu-creative.com\/en\/#website\"},\"datePublished\":\"2020-09-29T11:02:17+00:00\",\"dateModified\":\"2020-09-29T11:29:15+00:00\",\"breadcrumb\":{\"@id\":\"https:\/\/www.marabu-creative.com\/fr\/entreprise\/we-develop-sustainability-and-reliably\/#breadcrumb\"},\"inLanguage\":\"fr-FR\",\"potentialAction\":[{\"@type\":\"ReadAction\",\"target\":[\"https:\/\/www.marabu-creative.com\/fr\/entreprise\/we-develop-sustainability-and-reliably\/\"]}]},{\"@type\":\"BreadcrumbList\",\"@id\":\"https:\/\/www.marabu-creative.com\/fr\/entreprise\/we-develop-sustainability-and-reliably\/#breadcrumb\",\"itemListElement\":[{\"@type\":\"ListItem\",\"position\":1,\"name\":\"Startseite\",\"item\":\"https:\/\/www.marabu-creative.com\/fr\/\"},{\"@type\":\"ListItem\",\"position\":2,\"name\":\"Entreprise\",\"item\":\"https:\/\/www.marabu-creative.com\/fr\/entreprise\/\"},{\"@type\":\"ListItem\",\"position\":3,\"name\":\"NOUS AVONS ADOPT\u00c9 UN D\u00c9VELOPPEMENT DURABLE ET S\u00dbR\"}]},{\"@type\":\"WebSite\",\"@id\":\"https:\/\/www.marabu-creative.com\/en\/#website\",\"url\":\"https:\/\/www.marabu-creative.com\/en\/\",\"name\":\"Marabu Kreativ\",\"description\":\"\",\"potentialAction\":[{\"@type\":\"SearchAction\",\"target\":{\"@type\":\"EntryPoint\",\"urlTemplate\":\"https:\/\/www.marabu-creative.com\/en\/?s={search_term_string}\"},\"query-input\":\"required name=search_term_string\"}],\"inLanguage\":\"fr-FR\"}]}<\/script>\n<!-- \/ Yoast SEO plugin. -->","yoast_head_json":{"title":"NOUS AVONS ADOPT\u00c9 UN D\u00c9VELOPPEMENT DURABLE ET S\u00dbR - Marabu Kreativ","robots":{"index":"index","follow":"follow","max-snippet":"max-snippet:-1","max-image-preview":"max-image-preview:large","max-video-preview":"max-video-preview:-1"},"canonical":"https:\/\/www.marabu-creative.com\/fr\/wp-json\/wp\/v2\/pages\/227265","og_locale":"fr_FR","og_type":"article","og_title":"NOUS AVONS ADOPT\u00c9 UN D\u00c9VELOPPEMENT DURABLE ET S\u00dbR - Marabu Kreativ","og_description":"QUALIT\u00c9 TEST\u00c9E Dans le d\u00e9veloppement des produits, Marabu assume ses responsabilit\u00e9 d\u00e8s le choix des premiers composants. L\u2019utilisation de mati\u00e8res premi\u00e8res \u00e9conomes en ressources permet de prot\u00e9ger durablement l\u2019environnement. Dans son propre laboratoire interne, Marabu recherche syst\u00e9matiquement des composants et des proc\u00e9d\u00e9s de production \u00e9cologiques. Gr\u00e2ce \u00e0 des contr\u00f4les qualit\u00e9 tr\u00e8s stricts, Marabu veille \u00e0 [&hellip;]","og_url":"https:\/\/www.marabu-creative.com\/fr\/entreprise\/we-develop-sustainability-and-reliably\/","og_site_name":"Marabu Kreativ","article_publisher":"https:\/\/www.facebook.com\/marabuchannel\/","article_modified_time":"2020-09-29T11:29:15+00:00","og_image":[{"width":2560,"height":1440,"url":"https:\/\/www.marabu-creative.com\/wp-content\/uploads\/2017\/06\/unternehmen-entwickeln.jpg","type":"image\/jpeg"}],"twitter_card":"summary_large_image","twitter_misc":{"Est. reading time":"1 minute"},"schema":{"@context":"https:\/\/schema.org","@graph":[{"@type":"WebPage","@id":"https:\/\/www.marabu-creative.com\/fr\/entreprise\/we-develop-sustainability-and-reliably\/","url":"https:\/\/www.marabu-creative.com\/fr\/entreprise\/we-develop-sustainability-and-reliably\/","name":"NOUS AVONS ADOPT\u00c9 UN D\u00c9VELOPPEMENT DURABLE ET S\u00dbR - Marabu Kreativ","isPartOf":{"@id":"https:\/\/www.marabu-creative.com\/en\/#website"},"datePublished":"2020-09-29T11:02:17+00:00","dateModified":"2020-09-29T11:29:15+00:00","breadcrumb":{"@id":"https:\/\/www.marabu-creative.com\/fr\/entreprise\/we-develop-sustainability-and-reliably\/#breadcrumb"},"inLanguage":"fr-FR","potentialAction":[{"@type":"ReadAction","target":["https:\/\/www.marabu-creative.com\/fr\/entreprise\/we-develop-sustainability-and-reliably\/"]}]},{"@type":"BreadcrumbList","@id":"https:\/\/www.marabu-creative.com\/fr\/entreprise\/we-develop-sustainability-and-reliably\/#breadcrumb","itemListElement":[{"@type":"ListItem","position":1,"name":"Startseite","item":"https:\/\/www.marabu-creative.com\/fr\/"},{"@type":"ListItem","position":2,"name":"Entreprise","item":"https:\/\/www.marabu-creative.com\/fr\/entreprise\/"},{"@type":"ListItem","position":3,"name":"NOUS AVONS ADOPT\u00c9 UN D\u00c9VELOPPEMENT DURABLE ET S\u00dbR"}]},{"@type":"WebSite","@id":"https:\/\/www.marabu-creative.com\/en\/#website","url":"https:\/\/www.marabu-creative.com\/en\/","name":"Marabu Kreativ","description":"","potentialAction":[{"@type":"SearchAction","target":{"@type":"EntryPoint","urlTemplate":"https:\/\/www.marabu-creative.com\/en\/?s={search_term_string}"},"query-input":"required name=search_term_string"}],"inLanguage":"fr-FR"}]}},"_links":{"self":[{"href":"https:\/\/www.marabu-creative.com\/fr\/wp-json\/wp\/v2\/pages\/227265"}],"collection":[{"href":"https:\/\/www.marabu-creative.com\/fr\/wp-json\/wp\/v2\/pages"}],"about":[{"href":"https:\/\/www.marabu-creative.com\/fr\/wp-json\/wp\/v2\/types\/page"}],"author":[{"embeddable":true,"href":"https:\/\/www.marabu-creative.com\/fr\/wp-json\/wp\/v2\/users\/27"}],"replies":[{"embeddable":true,"href":"https:\/\/www.marabu-creative.com\/fr\/wp-json\/wp\/v2\/comments?post=227265"}],"version-history":[{"count":0,"href":"https:\/\/www.marabu-creative.com\/fr\/wp-json\/wp\/v2\/pages\/227265\/revisions"}],"up":[{"embeddable":true,"href":"https:\/\/www.marabu-creative.com\/fr\/wp-json\/wp\/v2\/pages\/227244"}],"wp:featuredmedia":[{"embeddable":true,"href":"https:\/\/www.marabu-creative.com\/fr\/wp-json\/wp\/v2\/media\/27299"}],"wp:attachment":[{"href":"https:\/\/www.marabu-creative.com\/fr\/wp-json\/wp\/v2\/media?parent=227265"}],"curies":[{"name":"wp","href":"https:\/\/api.w.org\/{rel}","templated":true}]}}