{"id":227267,"date":"2020-09-29T13:12:50","date_gmt":"2020-09-29T11:12:50","guid":{"rendered":"https:\/\/www.marabu-creative.com\/entreprise\/we-capture-the-imagination-with-our-variety\/"},"modified":"2021-04-15T14:40:22","modified_gmt":"2021-04-15T12:40:22","slug":"we-capture-the-imagination-with-our-variety","status":"publish","type":"page","link":"https:\/\/www.marabu-creative.com\/fr\/entreprise\/we-capture-the-imagination-with-our-variety\/","title":{"rendered":"NOTRE DIVERSIT\u00c9 ENCHANTE NOS CLIENTS"},"content":{"rendered":"<div class=\"page\" title=\"Page 15\">\n<div class=\"section\">\n<div class=\"layoutArea\">\n<div class=\"column\">\n<h2>LE CHOIX DES COULEURS<\/h2>\n<div class=\"page\" title=\"Page 15\">\n<div class=\"section\">\n<div class=\"layoutArea\">\n<div class=\"column\">\n<p>La cr\u00e9ativit\u00e9 n\u2019a pas de limite. C\u2019est la raison pour laquelle Marabu propose un assortiment complet<br \/>\nincomparable de teintes, d\u2019outils et d\u2019id\u00e9es permettant de donner vie \u00e0 la cr\u00e9ativit\u00e9 en donnant libre cours<br \/>\n\u00e0 son imagination sous toutes ses formes et couleurs.<br \/>\nMarabu est un v\u00e9ritable mentor pour les cr\u00e9atifs gr\u00e2ce \u00e0 ses conseils pratiques, ses pr\u00e9cieuses suggestions<br \/>\net ses produits faciles \u00e0 utiliser. Avec Marabu, la r\u00e9ussite est assur\u00e9e pour tous les projets artistiques.<\/p>\n<p>Des kits complets pratiques accompagnent pas \u00e0 pas les cr\u00e9atifs du dimanche dans toutes les \u00e9tapes de<br \/>\nla cr\u00e9ation \u00e0 l\u2019occasion de nouveaux projets. L\u2019artiste exigeant en pleine cr\u00e9ation s\u2019inspire pour ses oeuvres<br \/>\nd\u2019art de produits individuels professionnels et haut de gamme qui l\u2019aident \u00e9norm\u00e9ment dans son processus<br \/>\nde cr\u00e9ation.<\/p>\n<p>&nbsp;<\/p>\n<h3>ART<\/h3>\n<p>&#8211; PEINTURES POUR ARTISTES<br \/>\n&#8211; DESSIN &amp; ILLUSTRATIONS<\/p>\n<p>&nbsp;<\/p>\n<h3>CREATIVE<\/h3>\n<p>&#8211; FASHION ET TEXTIL<br \/>\n&#8211; PORCELAINE ET VERRE<br \/>\n&#8211; ACTIVITES MANUELLES &amp; DECORATION<br \/>\n&#8211; AUXILIAIRES, VERNIS, USTENSILES ET COLLES<\/p>\n<h3>\nMARBU KiDS<\/h3>\n<p><\/p>\n<p><img loading=\"lazy\" decoding=\"async\" class=\"wp-image-200776 size-large aligncenter\" src=\"https:\/\/www.marabu-creative.com\/wp-content\/uploads\/2020\/08\/Key-Visual-Kunst-2020-1300x676px-1024x532.jpg\" alt=\"\" width=\"1024\" height=\"532\" srcset=\"https:\/\/www.marabu-creative.com\/wp-content\/uploads\/2020\/08\/Key-Visual-Kunst-2020-1300x676px-1024x532.jpg 1024w, https:\/\/www.marabu-creative.com\/wp-content\/uploads\/2020\/08\/Key-Visual-Kunst-2020-1300x676px-300x156.jpg 300w, https:\/\/www.marabu-creative.com\/wp-content\/uploads\/2020\/08\/Key-Visual-Kunst-2020-1300x676px-768x399.jpg 768w, https:\/\/www.marabu-creative.com\/wp-content\/uploads\/2020\/08\/Key-Visual-Kunst-2020-1300x676px.jpg 1300w\" sizes=\"(max-width: 1024px) 100vw, 1024px\" \/><\/p>\n<p><img loading=\"lazy\" decoding=\"async\" class=\"wp-image-200775 size-large aligncenter\" src=\"https:\/\/www.marabu-creative.com\/wp-content\/uploads\/2020\/08\/Key-Visual-Kreativ-2020-1300x676px-1024x533.jpg\" alt=\"\" width=\"1024\" height=\"533\" srcset=\"https:\/\/www.marabu-creative.com\/wp-content\/uploads\/2020\/08\/Key-Visual-Kreativ-2020-1300x676px-1024x533.jpg 1024w, https:\/\/www.marabu-creative.com\/wp-content\/uploads\/2020\/08\/Key-Visual-Kreativ-2020-1300x676px-300x156.jpg 300w, https:\/\/www.marabu-creative.com\/wp-content\/uploads\/2020\/08\/Key-Visual-Kreativ-2020-1300x676px-768x400.jpg 768w, https:\/\/www.marabu-creative.com\/wp-content\/uploads\/2020\/08\/Key-Visual-Kreativ-2020-1300x676px.jpg 1300w\" sizes=\"(max-width: 1024px) 100vw, 1024px\" \/><\/p>\n<\/div>\n<\/div>\n<\/div>\n<\/div>\n<\/div>\n<\/div>\n<\/div>\n<\/div>\n","protected":false},"excerpt":{"rendered":"<p>LE CHOIX DES COULEURS La cr\u00e9ativit\u00e9 n\u2019a pas de limite. C\u2019est la raison pour laquelle Marabu propose un assortiment complet incomparable de teintes, d\u2019outils et d\u2019id\u00e9es permettant de donner vie \u00e0 la cr\u00e9ativit\u00e9 en donnant libre cours \u00e0 son imagination sous toutes ses formes et couleurs. Marabu est un v\u00e9ritable mentor pour les cr\u00e9atifs gr\u00e2ce [&hellip;]<\/p>\n","protected":false},"author":27,"featured_media":200776,"parent":227244,"menu_order":2,"comment_status":"closed","ping_status":"closed","template":"","meta":{"_acf_changed":false,"footnotes":""},"acf":[],"yoast_head":"<!-- This site is optimized with the Yoast SEO plugin v19.14 - https:\/\/yoast.com\/wordpress\/plugins\/seo\/ -->\n<title>NOTRE DIVERSIT\u00c9 ENCHANTE NOS CLIENTS - Marabu Kreativ<\/title>\n<meta name=\"robots\" content=\"index, follow, max-snippet:-1, max-image-preview:large, max-video-preview:-1\" \/>\n<link rel=\"canonical\" href=\"https:\/\/www.marabu-creative.com\/fr\/wp-json\/wp\/v2\/pages\/227267\" \/>\n<meta property=\"og:locale\" content=\"fr_FR\" \/>\n<meta property=\"og:type\" content=\"article\" \/>\n<meta property=\"og:title\" content=\"NOTRE DIVERSIT\u00c9 ENCHANTE NOS CLIENTS - Marabu Kreativ\" \/>\n<meta property=\"og:description\" content=\"LE CHOIX DES COULEURS La cr\u00e9ativit\u00e9 n\u2019a pas de limite. C\u2019est la raison pour laquelle Marabu propose un assortiment complet incomparable de teintes, d\u2019outils et d\u2019id\u00e9es permettant de donner vie \u00e0 la cr\u00e9ativit\u00e9 en donnant libre cours \u00e0 son imagination sous toutes ses formes et couleurs. Marabu est un v\u00e9ritable mentor pour les cr\u00e9atifs gr\u00e2ce [&hellip;]\" \/>\n<meta property=\"og:url\" content=\"https:\/\/www.marabu-creative.com\/fr\/entreprise\/we-capture-the-imagination-with-our-variety\/\" \/>\n<meta property=\"og:site_name\" content=\"Marabu Kreativ\" \/>\n<meta property=\"article:publisher\" content=\"https:\/\/www.facebook.com\/marabuchannel\/\" \/>\n<meta property=\"article:modified_time\" content=\"2021-04-15T12:40:22+00:00\" \/>\n<meta property=\"og:image\" content=\"https:\/\/www.marabu-creative.com\/wp-content\/uploads\/2020\/08\/Key-Visual-Kunst-2020-1300x676px.jpg\" \/>\n\t<meta property=\"og:image:width\" content=\"1300\" \/>\n\t<meta property=\"og:image:height\" content=\"676\" \/>\n\t<meta property=\"og:image:type\" content=\"image\/jpeg\" \/>\n<meta name=\"twitter:card\" content=\"summary_large_image\" \/>\n<meta name=\"twitter:label1\" content=\"Est. reading time\" \/>\n\t<meta name=\"twitter:data1\" content=\"2 minutes\" \/>\n<script type=\"application\/ld+json\" class=\"yoast-schema-graph\">{\"@context\":\"https:\/\/schema.org\",\"@graph\":[{\"@type\":\"WebPage\",\"@id\":\"https:\/\/www.marabu-creative.com\/fr\/entreprise\/we-capture-the-imagination-with-our-variety\/\",\"url\":\"https:\/\/www.marabu-creative.com\/fr\/entreprise\/we-capture-the-imagination-with-our-variety\/\",\"name\":\"NOTRE DIVERSIT\u00c9 ENCHANTE NOS CLIENTS - Marabu Kreativ\",\"isPartOf\":{\"@id\":\"https:\/\/www.marabu-creative.com\/en\/#website\"},\"datePublished\":\"2020-09-29T11:12:50+00:00\",\"dateModified\":\"2021-04-15T12:40:22+00:00\",\"breadcrumb\":{\"@id\":\"https:\/\/www.marabu-creative.com\/fr\/entreprise\/we-capture-the-imagination-with-our-variety\/#breadcrumb\"},\"inLanguage\":\"fr-FR\",\"potentialAction\":[{\"@type\":\"ReadAction\",\"target\":[\"https:\/\/www.marabu-creative.com\/fr\/entreprise\/we-capture-the-imagination-with-our-variety\/\"]}]},{\"@type\":\"BreadcrumbList\",\"@id\":\"https:\/\/www.marabu-creative.com\/fr\/entreprise\/we-capture-the-imagination-with-our-variety\/#breadcrumb\",\"itemListElement\":[{\"@type\":\"ListItem\",\"position\":1,\"name\":\"Startseite\",\"item\":\"https:\/\/www.marabu-creative.com\/fr\/\"},{\"@type\":\"ListItem\",\"position\":2,\"name\":\"Entreprise\",\"item\":\"https:\/\/www.marabu-creative.com\/fr\/entreprise\/\"},{\"@type\":\"ListItem\",\"position\":3,\"name\":\"NOTRE DIVERSIT\u00c9 ENCHANTE NOS CLIENTS\"}]},{\"@type\":\"WebSite\",\"@id\":\"https:\/\/www.marabu-creative.com\/en\/#website\",\"url\":\"https:\/\/www.marabu-creative.com\/en\/\",\"name\":\"Marabu Kreativ\",\"description\":\"\",\"potentialAction\":[{\"@type\":\"SearchAction\",\"target\":{\"@type\":\"EntryPoint\",\"urlTemplate\":\"https:\/\/www.marabu-creative.com\/en\/?s={search_term_string}\"},\"query-input\":\"required name=search_term_string\"}],\"inLanguage\":\"fr-FR\"}]}<\/script>\n<!-- \/ Yoast SEO plugin. -->","yoast_head_json":{"title":"NOTRE DIVERSIT\u00c9 ENCHANTE NOS CLIENTS - Marabu Kreativ","robots":{"index":"index","follow":"follow","max-snippet":"max-snippet:-1","max-image-preview":"max-image-preview:large","max-video-preview":"max-video-preview:-1"},"canonical":"https:\/\/www.marabu-creative.com\/fr\/wp-json\/wp\/v2\/pages\/227267","og_locale":"fr_FR","og_type":"article","og_title":"NOTRE DIVERSIT\u00c9 ENCHANTE NOS CLIENTS - Marabu Kreativ","og_description":"LE CHOIX DES COULEURS La cr\u00e9ativit\u00e9 n\u2019a pas de limite. C\u2019est la raison pour laquelle Marabu propose un assortiment complet incomparable de teintes, d\u2019outils et d\u2019id\u00e9es permettant de donner vie \u00e0 la cr\u00e9ativit\u00e9 en donnant libre cours \u00e0 son imagination sous toutes ses formes et couleurs. Marabu est un v\u00e9ritable mentor pour les cr\u00e9atifs gr\u00e2ce [&hellip;]","og_url":"https:\/\/www.marabu-creative.com\/fr\/entreprise\/we-capture-the-imagination-with-our-variety\/","og_site_name":"Marabu Kreativ","article_publisher":"https:\/\/www.facebook.com\/marabuchannel\/","article_modified_time":"2021-04-15T12:40:22+00:00","og_image":[{"width":1300,"height":676,"url":"https:\/\/www.marabu-creative.com\/wp-content\/uploads\/2020\/08\/Key-Visual-Kunst-2020-1300x676px.jpg","type":"image\/jpeg"}],"twitter_card":"summary_large_image","twitter_misc":{"Est. reading time":"2 minutes"},"schema":{"@context":"https:\/\/schema.org","@graph":[{"@type":"WebPage","@id":"https:\/\/www.marabu-creative.com\/fr\/entreprise\/we-capture-the-imagination-with-our-variety\/","url":"https:\/\/www.marabu-creative.com\/fr\/entreprise\/we-capture-the-imagination-with-our-variety\/","name":"NOTRE DIVERSIT\u00c9 ENCHANTE NOS CLIENTS - Marabu Kreativ","isPartOf":{"@id":"https:\/\/www.marabu-creative.com\/en\/#website"},"datePublished":"2020-09-29T11:12:50+00:00","dateModified":"2021-04-15T12:40:22+00:00","breadcrumb":{"@id":"https:\/\/www.marabu-creative.com\/fr\/entreprise\/we-capture-the-imagination-with-our-variety\/#breadcrumb"},"inLanguage":"fr-FR","potentialAction":[{"@type":"ReadAction","target":["https:\/\/www.marabu-creative.com\/fr\/entreprise\/we-capture-the-imagination-with-our-variety\/"]}]},{"@type":"BreadcrumbList","@id":"https:\/\/www.marabu-creative.com\/fr\/entreprise\/we-capture-the-imagination-with-our-variety\/#breadcrumb","itemListElement":[{"@type":"ListItem","position":1,"name":"Startseite","item":"https:\/\/www.marabu-creative.com\/fr\/"},{"@type":"ListItem","position":2,"name":"Entreprise","item":"https:\/\/www.marabu-creative.com\/fr\/entreprise\/"},{"@type":"ListItem","position":3,"name":"NOTRE DIVERSIT\u00c9 ENCHANTE NOS CLIENTS"}]},{"@type":"WebSite","@id":"https:\/\/www.marabu-creative.com\/en\/#website","url":"https:\/\/www.marabu-creative.com\/en\/","name":"Marabu Kreativ","description":"","potentialAction":[{"@type":"SearchAction","target":{"@type":"EntryPoint","urlTemplate":"https:\/\/www.marabu-creative.com\/en\/?s={search_term_string}"},"query-input":"required name=search_term_string"}],"inLanguage":"fr-FR"}]}},"_links":{"self":[{"href":"https:\/\/www.marabu-creative.com\/fr\/wp-json\/wp\/v2\/pages\/227267"}],"collection":[{"href":"https:\/\/www.marabu-creative.com\/fr\/wp-json\/wp\/v2\/pages"}],"about":[{"href":"https:\/\/www.marabu-creative.com\/fr\/wp-json\/wp\/v2\/types\/page"}],"author":[{"embeddable":true,"href":"https:\/\/www.marabu-creative.com\/fr\/wp-json\/wp\/v2\/users\/27"}],"replies":[{"embeddable":true,"href":"https:\/\/www.marabu-creative.com\/fr\/wp-json\/wp\/v2\/comments?post=227267"}],"version-history":[{"count":0,"href":"https:\/\/www.marabu-creative.com\/fr\/wp-json\/wp\/v2\/pages\/227267\/revisions"}],"up":[{"embeddable":true,"href":"https:\/\/www.marabu-creative.com\/fr\/wp-json\/wp\/v2\/pages\/227244"}],"wp:featuredmedia":[{"embeddable":true,"href":"https:\/\/www.marabu-creative.com\/fr\/wp-json\/wp\/v2\/media\/200776"}],"wp:attachment":[{"href":"https:\/\/www.marabu-creative.com\/fr\/wp-json\/wp\/v2\/media?parent=227267"}],"curies":[{"name":"wp","href":"https:\/\/api.w.org\/{rel}","templated":true}]}}