{"id":227269,"date":"2020-09-29T13:20:10","date_gmt":"2020-09-29T11:20:10","guid":{"rendered":"https:\/\/www.marabu-creative.com\/entreprise\/we-communicate-with-a-concept\/"},"modified":"2020-09-29T13:22:14","modified_gmt":"2020-09-29T11:22:14","slug":"we-communicate-with-a-concept","status":"publish","type":"page","link":"https:\/\/www.marabu-creative.com\/fr\/entreprise\/we-communicate-with-a-concept\/","title":{"rendered":"NOUS COMMUNIQUONS AVEC UN CONCEPT"},"content":{"rendered":"<div class=\"page\" title=\"Page 17\">\n<div class=\"section\">\n<div class=\"layoutArea\">\n<div class=\"column\">\n<h2>COMMUNICATION \u00c0 360\u00b0<\/h2>\n<div class=\"page\" title=\"Page 17\">\n<div class=\"section\">\n<div class=\"layoutArea\">\n<div class=\"column\">\n<p>Marabu propose aux partenaires commerciaux un choix exceptionnellement riche en possibilit\u00e9s de pr\u00e9sentation.<br \/>\nDes pr\u00e9sentoirs uniques parfaitement adapt\u00e9s permettent de placer id\u00e9alement les produits sur les points de<br \/>\nvente. Du mat\u00e9riel d\u2019information taill\u00e9 sur mesure pour le consommateur et r\u00e9actualis\u00e9 en permanence ainsi<br \/>\nque la forte pr\u00e9sentation de la marque dans les rayons des magasins permettent aux cr\u00e9atifs et aux artistes de<br \/>\nplonger rapidement dans la diversit\u00e9 in\u00e9gal\u00e9e de produits de Marabu.<\/p>\n<p>\nLa renomm\u00e9e mondiale de la marque Marabu et le support marketing complet gr\u00e2ce \u00e0 une communication<br \/>\ninteractive en ligne et \u00e0 une communication hors ligne innovante fid\u00e9lisent une extraordinaire \u00ab Marabu Community \u00bb.<\/p>\n<p><img loading=\"lazy\" decoding=\"async\" class=\"aligncenter wp-image-118833 size-large\" src=\"https:\/\/www.marabu-creative.com\/wp-content\/uploads\/2018\/04\/marabu_header_display_decopainter-1024x576.png\" alt=\"\" width=\"1024\" height=\"576\" srcset=\"https:\/\/www.marabu-creative.com\/wp-content\/uploads\/2018\/04\/marabu_header_display_decopainter-1024x576.png 1024w, https:\/\/www.marabu-creative.com\/wp-content\/uploads\/2018\/04\/marabu_header_display_decopainter-300x169.png 300w, https:\/\/www.marabu-creative.com\/wp-content\/uploads\/2018\/04\/marabu_header_display_decopainter-768x432.png 768w\" sizes=\"(max-width: 1024px) 100vw, 1024px\" \/><\/p>\n<p><img loading=\"lazy\" decoding=\"async\" class=\"aligncenter wp-image-25167\" src=\"https:\/\/www.marabu-creative.com\/wp-content\/uploads\/2017\/06\/Marabu_121m-CMYK-682x1024.jpg\" alt=\"\" width=\"1024\" height=\"1538\" srcset=\"https:\/\/www.marabu-creative.com\/wp-content\/uploads\/2017\/06\/Marabu_121m-CMYK-682x1024.jpg 682w, https:\/\/www.marabu-creative.com\/wp-content\/uploads\/2017\/06\/Marabu_121m-CMYK-200x300.jpg 200w, https:\/\/www.marabu-creative.com\/wp-content\/uploads\/2017\/06\/Marabu_121m-CMYK-768x1154.jpg 768w\" sizes=\"(max-width: 1024px) 100vw, 1024px\" \/><\/p>\n<\/div>\n<\/div>\n<\/div>\n<\/div>\n<\/div>\n<\/div>\n<\/div>\n<\/div>\n","protected":false},"excerpt":{"rendered":"<p>COMMUNICATION \u00c0 360\u00b0 Marabu propose aux partenaires commerciaux un choix exceptionnellement riche en possibilit\u00e9s de pr\u00e9sentation. Des pr\u00e9sentoirs uniques parfaitement adapt\u00e9s permettent de placer id\u00e9alement les produits sur les points de vente. Du mat\u00e9riel d\u2019information taill\u00e9 sur mesure pour le consommateur et r\u00e9actualis\u00e9 en permanence ainsi que la forte pr\u00e9sentation de la marque dans les [&hellip;]<\/p>\n","protected":false},"author":27,"featured_media":118828,"parent":227244,"menu_order":6,"comment_status":"closed","ping_status":"closed","template":"","meta":{"_acf_changed":false,"footnotes":""},"acf":[],"yoast_head":"<!-- This site is optimized with the Yoast SEO plugin v19.14 - https:\/\/yoast.com\/wordpress\/plugins\/seo\/ -->\n<title>NOUS COMMUNIQUONS AVEC UN CONCEPT - Marabu Kreativ<\/title>\n<meta name=\"robots\" content=\"index, follow, max-snippet:-1, max-image-preview:large, max-video-preview:-1\" \/>\n<link rel=\"canonical\" href=\"https:\/\/www.marabu-creative.com\/fr\/wp-json\/wp\/v2\/pages\/227269\" \/>\n<meta property=\"og:locale\" content=\"fr_FR\" \/>\n<meta property=\"og:type\" content=\"article\" \/>\n<meta property=\"og:title\" content=\"NOUS COMMUNIQUONS AVEC UN CONCEPT - Marabu Kreativ\" \/>\n<meta property=\"og:description\" content=\"COMMUNICATION \u00c0 360\u00b0 Marabu propose aux partenaires commerciaux un choix exceptionnellement riche en possibilit\u00e9s de pr\u00e9sentation. Des pr\u00e9sentoirs uniques parfaitement adapt\u00e9s permettent de placer id\u00e9alement les produits sur les points de vente. Du mat\u00e9riel d\u2019information taill\u00e9 sur mesure pour le consommateur et r\u00e9actualis\u00e9 en permanence ainsi que la forte pr\u00e9sentation de la marque dans les [&hellip;]\" \/>\n<meta property=\"og:url\" content=\"https:\/\/www.marabu-creative.com\/fr\/entreprise\/we-communicate-with-a-concept\/\" \/>\n<meta property=\"og:site_name\" content=\"Marabu Kreativ\" \/>\n<meta property=\"article:publisher\" content=\"https:\/\/www.facebook.com\/marabuchannel\/\" \/>\n<meta property=\"article:modified_time\" content=\"2020-09-29T11:22:14+00:00\" \/>\n<meta property=\"og:image\" content=\"https:\/\/www.marabu-creative.com\/wp-content\/uploads\/2018\/04\/marabu_header_graphix_kommunikation_unternehmen.png\" \/>\n\t<meta property=\"og:image:width\" content=\"2560\" \/>\n\t<meta property=\"og:image:height\" content=\"1440\" \/>\n\t<meta property=\"og:image:type\" content=\"image\/png\" \/>\n<meta name=\"twitter:card\" content=\"summary_large_image\" \/>\n<meta name=\"twitter:label1\" content=\"Est. reading time\" \/>\n\t<meta name=\"twitter:data1\" content=\"1 minute\" \/>\n<script type=\"application\/ld+json\" class=\"yoast-schema-graph\">{\"@context\":\"https:\/\/schema.org\",\"@graph\":[{\"@type\":\"WebPage\",\"@id\":\"https:\/\/www.marabu-creative.com\/fr\/entreprise\/we-communicate-with-a-concept\/\",\"url\":\"https:\/\/www.marabu-creative.com\/fr\/entreprise\/we-communicate-with-a-concept\/\",\"name\":\"NOUS COMMUNIQUONS AVEC UN CONCEPT - Marabu Kreativ\",\"isPartOf\":{\"@id\":\"https:\/\/www.marabu-creative.com\/en\/#website\"},\"datePublished\":\"2020-09-29T11:20:10+00:00\",\"dateModified\":\"2020-09-29T11:22:14+00:00\",\"breadcrumb\":{\"@id\":\"https:\/\/www.marabu-creative.com\/fr\/entreprise\/we-communicate-with-a-concept\/#breadcrumb\"},\"inLanguage\":\"fr-FR\",\"potentialAction\":[{\"@type\":\"ReadAction\",\"target\":[\"https:\/\/www.marabu-creative.com\/fr\/entreprise\/we-communicate-with-a-concept\/\"]}]},{\"@type\":\"BreadcrumbList\",\"@id\":\"https:\/\/www.marabu-creative.com\/fr\/entreprise\/we-communicate-with-a-concept\/#breadcrumb\",\"itemListElement\":[{\"@type\":\"ListItem\",\"position\":1,\"name\":\"Startseite\",\"item\":\"https:\/\/www.marabu-creative.com\/fr\/\"},{\"@type\":\"ListItem\",\"position\":2,\"name\":\"Entreprise\",\"item\":\"https:\/\/www.marabu-creative.com\/fr\/entreprise\/\"},{\"@type\":\"ListItem\",\"position\":3,\"name\":\"NOUS COMMUNIQUONS AVEC UN CONCEPT\"}]},{\"@type\":\"WebSite\",\"@id\":\"https:\/\/www.marabu-creative.com\/en\/#website\",\"url\":\"https:\/\/www.marabu-creative.com\/en\/\",\"name\":\"Marabu Kreativ\",\"description\":\"\",\"potentialAction\":[{\"@type\":\"SearchAction\",\"target\":{\"@type\":\"EntryPoint\",\"urlTemplate\":\"https:\/\/www.marabu-creative.com\/en\/?s={search_term_string}\"},\"query-input\":\"required name=search_term_string\"}],\"inLanguage\":\"fr-FR\"}]}<\/script>\n<!-- \/ Yoast SEO plugin. -->","yoast_head_json":{"title":"NOUS COMMUNIQUONS AVEC UN CONCEPT - Marabu Kreativ","robots":{"index":"index","follow":"follow","max-snippet":"max-snippet:-1","max-image-preview":"max-image-preview:large","max-video-preview":"max-video-preview:-1"},"canonical":"https:\/\/www.marabu-creative.com\/fr\/wp-json\/wp\/v2\/pages\/227269","og_locale":"fr_FR","og_type":"article","og_title":"NOUS COMMUNIQUONS AVEC UN CONCEPT - Marabu Kreativ","og_description":"COMMUNICATION \u00c0 360\u00b0 Marabu propose aux partenaires commerciaux un choix exceptionnellement riche en possibilit\u00e9s de pr\u00e9sentation. Des pr\u00e9sentoirs uniques parfaitement adapt\u00e9s permettent de placer id\u00e9alement les produits sur les points de vente. Du mat\u00e9riel d\u2019information taill\u00e9 sur mesure pour le consommateur et r\u00e9actualis\u00e9 en permanence ainsi que la forte pr\u00e9sentation de la marque dans les [&hellip;]","og_url":"https:\/\/www.marabu-creative.com\/fr\/entreprise\/we-communicate-with-a-concept\/","og_site_name":"Marabu Kreativ","article_publisher":"https:\/\/www.facebook.com\/marabuchannel\/","article_modified_time":"2020-09-29T11:22:14+00:00","og_image":[{"width":2560,"height":1440,"url":"https:\/\/www.marabu-creative.com\/wp-content\/uploads\/2018\/04\/marabu_header_graphix_kommunikation_unternehmen.png","type":"image\/png"}],"twitter_card":"summary_large_image","twitter_misc":{"Est. reading time":"1 minute"},"schema":{"@context":"https:\/\/schema.org","@graph":[{"@type":"WebPage","@id":"https:\/\/www.marabu-creative.com\/fr\/entreprise\/we-communicate-with-a-concept\/","url":"https:\/\/www.marabu-creative.com\/fr\/entreprise\/we-communicate-with-a-concept\/","name":"NOUS COMMUNIQUONS AVEC UN CONCEPT - Marabu Kreativ","isPartOf":{"@id":"https:\/\/www.marabu-creative.com\/en\/#website"},"datePublished":"2020-09-29T11:20:10+00:00","dateModified":"2020-09-29T11:22:14+00:00","breadcrumb":{"@id":"https:\/\/www.marabu-creative.com\/fr\/entreprise\/we-communicate-with-a-concept\/#breadcrumb"},"inLanguage":"fr-FR","potentialAction":[{"@type":"ReadAction","target":["https:\/\/www.marabu-creative.com\/fr\/entreprise\/we-communicate-with-a-concept\/"]}]},{"@type":"BreadcrumbList","@id":"https:\/\/www.marabu-creative.com\/fr\/entreprise\/we-communicate-with-a-concept\/#breadcrumb","itemListElement":[{"@type":"ListItem","position":1,"name":"Startseite","item":"https:\/\/www.marabu-creative.com\/fr\/"},{"@type":"ListItem","position":2,"name":"Entreprise","item":"https:\/\/www.marabu-creative.com\/fr\/entreprise\/"},{"@type":"ListItem","position":3,"name":"NOUS COMMUNIQUONS AVEC UN CONCEPT"}]},{"@type":"WebSite","@id":"https:\/\/www.marabu-creative.com\/en\/#website","url":"https:\/\/www.marabu-creative.com\/en\/","name":"Marabu Kreativ","description":"","potentialAction":[{"@type":"SearchAction","target":{"@type":"EntryPoint","urlTemplate":"https:\/\/www.marabu-creative.com\/en\/?s={search_term_string}"},"query-input":"required name=search_term_string"}],"inLanguage":"fr-FR"}]}},"_links":{"self":[{"href":"https:\/\/www.marabu-creative.com\/fr\/wp-json\/wp\/v2\/pages\/227269"}],"collection":[{"href":"https:\/\/www.marabu-creative.com\/fr\/wp-json\/wp\/v2\/pages"}],"about":[{"href":"https:\/\/www.marabu-creative.com\/fr\/wp-json\/wp\/v2\/types\/page"}],"author":[{"embeddable":true,"href":"https:\/\/www.marabu-creative.com\/fr\/wp-json\/wp\/v2\/users\/27"}],"replies":[{"embeddable":true,"href":"https:\/\/www.marabu-creative.com\/fr\/wp-json\/wp\/v2\/comments?post=227269"}],"version-history":[{"count":0,"href":"https:\/\/www.marabu-creative.com\/fr\/wp-json\/wp\/v2\/pages\/227269\/revisions"}],"up":[{"embeddable":true,"href":"https:\/\/www.marabu-creative.com\/fr\/wp-json\/wp\/v2\/pages\/227244"}],"wp:featuredmedia":[{"embeddable":true,"href":"https:\/\/www.marabu-creative.com\/fr\/wp-json\/wp\/v2\/media\/118828"}],"wp:attachment":[{"href":"https:\/\/www.marabu-creative.com\/fr\/wp-json\/wp\/v2\/media?parent=227269"}],"curies":[{"name":"wp","href":"https:\/\/api.w.org\/{rel}","templated":true}]}}