{"id":227270,"date":"2020-09-29T13:23:26","date_gmt":"2020-09-29T11:23:26","guid":{"rendered":"https:\/\/www.marabu-creative.com\/entreprise\/we-stimulate-ideas-worldwide\/"},"modified":"2020-09-29T13:27:50","modified_gmt":"2020-09-29T11:27:50","slug":"we-stimulate-ideas-worldwide","status":"publish","type":"page","link":"https:\/\/www.marabu-creative.com\/fr\/entreprise\/we-stimulate-ideas-worldwide\/","title":{"rendered":"NOUS ENCHANTONS DANS LE MONDE ENTIER"},"content":{"rendered":"<h2>LE MONDE DES COULEURS<\/h2>\n<div class=\"page\" title=\"Page 19\">\n<div class=\"layoutArea\">\n<div class=\"column\">\n<p>Pilot\u00e9e par des filiales en Allemagne, en France et en Am\u00e9rique du Nord, Marabu Couleurs cr\u00e9atives propose<br \/>\navec ses distributeurs son assortiment complet dans plus de 50 pays.<br \/>\nDes sp\u00e9cialistes du marketing et de la distribution engag\u00e9s et motiv\u00e9s accompagnent tous les partenaires dans<br \/>\nle monde entier. Cette r\u00e9ussite s\u2019explique par la conjugaison de plusieurs facteurs : des directives claires pour<br \/>\nla marque et la communication, d\u2019excellents outils de communication, des emballages d\u00e9velopp\u00e9s en fonction<br \/>\ndes besoins internationaux ainsi que l\u2019\u00e9change international r\u00e9gulier et des formations sur site. Sans oublier la<br \/>\nsatisfaction des clients.<\/p>\n<p>&nbsp;<\/p>\n<p><span style=\"text-decoration: underline;\"><a href=\"\/fr\/services\/marabu-dans-le-monde-entier\/\">POUR DES DISTRIBITEURS DANS LE MONDE ENTIER<\/a><\/span><\/p>\n<\/div>\n<div class=\"column\">\n<p>&nbsp;<\/p>\n<\/div>\n<\/div>\n<\/div>\n","protected":false},"excerpt":{"rendered":"<p>LE MONDE DES COULEURS Pilot\u00e9e par des filiales en Allemagne, en France et en Am\u00e9rique du Nord, Marabu Couleurs cr\u00e9atives propose avec ses distributeurs son assortiment complet dans plus de 50 pays. Des sp\u00e9cialistes du marketing et de la distribution engag\u00e9s et motiv\u00e9s accompagnent tous les partenaires dans le monde entier. Cette r\u00e9ussite s\u2019explique par [&hellip;]<\/p>\n","protected":false},"author":27,"featured_media":29591,"parent":227244,"menu_order":3,"comment_status":"closed","ping_status":"closed","template":"","meta":{"_acf_changed":false,"footnotes":""},"acf":[],"yoast_head":"<!-- This site is optimized with the Yoast SEO plugin v19.14 - https:\/\/yoast.com\/wordpress\/plugins\/seo\/ -->\n<title>NOUS ENCHANTONS DANS LE MONDE ENTIER - Marabu Kreativ<\/title>\n<meta name=\"robots\" content=\"index, follow, max-snippet:-1, max-image-preview:large, max-video-preview:-1\" \/>\n<link rel=\"canonical\" href=\"https:\/\/www.marabu-creative.com\/fr\/wp-json\/wp\/v2\/pages\/227270\" \/>\n<meta property=\"og:locale\" content=\"fr_FR\" \/>\n<meta property=\"og:type\" content=\"article\" \/>\n<meta property=\"og:title\" content=\"NOUS ENCHANTONS DANS LE MONDE ENTIER - Marabu Kreativ\" \/>\n<meta property=\"og:description\" content=\"LE MONDE DES COULEURS Pilot\u00e9e par des filiales en Allemagne, en France et en Am\u00e9rique du Nord, Marabu Couleurs cr\u00e9atives propose avec ses distributeurs son assortiment complet dans plus de 50 pays. Des sp\u00e9cialistes du marketing et de la distribution engag\u00e9s et motiv\u00e9s accompagnent tous les partenaires dans le monde entier. Cette r\u00e9ussite s\u2019explique par [&hellip;]\" \/>\n<meta property=\"og:url\" content=\"https:\/\/www.marabu-creative.com\/fr\/entreprise\/we-stimulate-ideas-worldwide\/\" \/>\n<meta property=\"og:site_name\" content=\"Marabu Kreativ\" \/>\n<meta property=\"article:publisher\" content=\"https:\/\/www.facebook.com\/marabuchannel\/\" \/>\n<meta property=\"article:modified_time\" content=\"2020-09-29T11:27:50+00:00\" \/>\n<meta property=\"og:image\" content=\"https:\/\/www.marabu-creative.com\/wp-content\/uploads\/2017\/06\/marabu_weltkarte.jpg\" \/>\n\t<meta property=\"og:image:width\" content=\"2560\" \/>\n\t<meta property=\"og:image:height\" content=\"1280\" \/>\n\t<meta property=\"og:image:type\" content=\"image\/jpeg\" \/>\n<meta name=\"twitter:card\" content=\"summary_large_image\" \/>\n<meta name=\"twitter:label1\" content=\"Est. reading time\" \/>\n\t<meta name=\"twitter:data1\" content=\"1 minute\" \/>\n<script type=\"application\/ld+json\" class=\"yoast-schema-graph\">{\"@context\":\"https:\/\/schema.org\",\"@graph\":[{\"@type\":\"WebPage\",\"@id\":\"https:\/\/www.marabu-creative.com\/fr\/entreprise\/we-stimulate-ideas-worldwide\/\",\"url\":\"https:\/\/www.marabu-creative.com\/fr\/entreprise\/we-stimulate-ideas-worldwide\/\",\"name\":\"NOUS ENCHANTONS DANS LE MONDE ENTIER - Marabu Kreativ\",\"isPartOf\":{\"@id\":\"https:\/\/www.marabu-creative.com\/en\/#website\"},\"datePublished\":\"2020-09-29T11:23:26+00:00\",\"dateModified\":\"2020-09-29T11:27:50+00:00\",\"breadcrumb\":{\"@id\":\"https:\/\/www.marabu-creative.com\/fr\/entreprise\/we-stimulate-ideas-worldwide\/#breadcrumb\"},\"inLanguage\":\"fr-FR\",\"potentialAction\":[{\"@type\":\"ReadAction\",\"target\":[\"https:\/\/www.marabu-creative.com\/fr\/entreprise\/we-stimulate-ideas-worldwide\/\"]}]},{\"@type\":\"BreadcrumbList\",\"@id\":\"https:\/\/www.marabu-creative.com\/fr\/entreprise\/we-stimulate-ideas-worldwide\/#breadcrumb\",\"itemListElement\":[{\"@type\":\"ListItem\",\"position\":1,\"name\":\"Startseite\",\"item\":\"https:\/\/www.marabu-creative.com\/fr\/\"},{\"@type\":\"ListItem\",\"position\":2,\"name\":\"Entreprise\",\"item\":\"https:\/\/www.marabu-creative.com\/fr\/entreprise\/\"},{\"@type\":\"ListItem\",\"position\":3,\"name\":\"NOUS ENCHANTONS DANS LE MONDE ENTIER\"}]},{\"@type\":\"WebSite\",\"@id\":\"https:\/\/www.marabu-creative.com\/en\/#website\",\"url\":\"https:\/\/www.marabu-creative.com\/en\/\",\"name\":\"Marabu Kreativ\",\"description\":\"\",\"potentialAction\":[{\"@type\":\"SearchAction\",\"target\":{\"@type\":\"EntryPoint\",\"urlTemplate\":\"https:\/\/www.marabu-creative.com\/en\/?s={search_term_string}\"},\"query-input\":\"required name=search_term_string\"}],\"inLanguage\":\"fr-FR\"}]}<\/script>\n<!-- \/ Yoast SEO plugin. -->","yoast_head_json":{"title":"NOUS ENCHANTONS DANS LE MONDE ENTIER - Marabu Kreativ","robots":{"index":"index","follow":"follow","max-snippet":"max-snippet:-1","max-image-preview":"max-image-preview:large","max-video-preview":"max-video-preview:-1"},"canonical":"https:\/\/www.marabu-creative.com\/fr\/wp-json\/wp\/v2\/pages\/227270","og_locale":"fr_FR","og_type":"article","og_title":"NOUS ENCHANTONS DANS LE MONDE ENTIER - Marabu Kreativ","og_description":"LE MONDE DES COULEURS Pilot\u00e9e par des filiales en Allemagne, en France et en Am\u00e9rique du Nord, Marabu Couleurs cr\u00e9atives propose avec ses distributeurs son assortiment complet dans plus de 50 pays. Des sp\u00e9cialistes du marketing et de la distribution engag\u00e9s et motiv\u00e9s accompagnent tous les partenaires dans le monde entier. Cette r\u00e9ussite s\u2019explique par [&hellip;]","og_url":"https:\/\/www.marabu-creative.com\/fr\/entreprise\/we-stimulate-ideas-worldwide\/","og_site_name":"Marabu Kreativ","article_publisher":"https:\/\/www.facebook.com\/marabuchannel\/","article_modified_time":"2020-09-29T11:27:50+00:00","og_image":[{"width":2560,"height":1280,"url":"https:\/\/www.marabu-creative.com\/wp-content\/uploads\/2017\/06\/marabu_weltkarte.jpg","type":"image\/jpeg"}],"twitter_card":"summary_large_image","twitter_misc":{"Est. reading time":"1 minute"},"schema":{"@context":"https:\/\/schema.org","@graph":[{"@type":"WebPage","@id":"https:\/\/www.marabu-creative.com\/fr\/entreprise\/we-stimulate-ideas-worldwide\/","url":"https:\/\/www.marabu-creative.com\/fr\/entreprise\/we-stimulate-ideas-worldwide\/","name":"NOUS ENCHANTONS DANS LE MONDE ENTIER - Marabu Kreativ","isPartOf":{"@id":"https:\/\/www.marabu-creative.com\/en\/#website"},"datePublished":"2020-09-29T11:23:26+00:00","dateModified":"2020-09-29T11:27:50+00:00","breadcrumb":{"@id":"https:\/\/www.marabu-creative.com\/fr\/entreprise\/we-stimulate-ideas-worldwide\/#breadcrumb"},"inLanguage":"fr-FR","potentialAction":[{"@type":"ReadAction","target":["https:\/\/www.marabu-creative.com\/fr\/entreprise\/we-stimulate-ideas-worldwide\/"]}]},{"@type":"BreadcrumbList","@id":"https:\/\/www.marabu-creative.com\/fr\/entreprise\/we-stimulate-ideas-worldwide\/#breadcrumb","itemListElement":[{"@type":"ListItem","position":1,"name":"Startseite","item":"https:\/\/www.marabu-creative.com\/fr\/"},{"@type":"ListItem","position":2,"name":"Entreprise","item":"https:\/\/www.marabu-creative.com\/fr\/entreprise\/"},{"@type":"ListItem","position":3,"name":"NOUS ENCHANTONS DANS LE MONDE ENTIER"}]},{"@type":"WebSite","@id":"https:\/\/www.marabu-creative.com\/en\/#website","url":"https:\/\/www.marabu-creative.com\/en\/","name":"Marabu Kreativ","description":"","potentialAction":[{"@type":"SearchAction","target":{"@type":"EntryPoint","urlTemplate":"https:\/\/www.marabu-creative.com\/en\/?s={search_term_string}"},"query-input":"required name=search_term_string"}],"inLanguage":"fr-FR"}]}},"_links":{"self":[{"href":"https:\/\/www.marabu-creative.com\/fr\/wp-json\/wp\/v2\/pages\/227270"}],"collection":[{"href":"https:\/\/www.marabu-creative.com\/fr\/wp-json\/wp\/v2\/pages"}],"about":[{"href":"https:\/\/www.marabu-creative.com\/fr\/wp-json\/wp\/v2\/types\/page"}],"author":[{"embeddable":true,"href":"https:\/\/www.marabu-creative.com\/fr\/wp-json\/wp\/v2\/users\/27"}],"replies":[{"embeddable":true,"href":"https:\/\/www.marabu-creative.com\/fr\/wp-json\/wp\/v2\/comments?post=227270"}],"version-history":[{"count":0,"href":"https:\/\/www.marabu-creative.com\/fr\/wp-json\/wp\/v2\/pages\/227270\/revisions"}],"up":[{"embeddable":true,"href":"https:\/\/www.marabu-creative.com\/fr\/wp-json\/wp\/v2\/pages\/227244"}],"wp:featuredmedia":[{"embeddable":true,"href":"https:\/\/www.marabu-creative.com\/fr\/wp-json\/wp\/v2\/media\/29591"}],"wp:attachment":[{"href":"https:\/\/www.marabu-creative.com\/fr\/wp-json\/wp\/v2\/media?parent=227270"}],"curies":[{"name":"wp","href":"https:\/\/api.w.org\/{rel}","templated":true}]}}