{"id":82976,"date":"2017-06-29T15:03:01","date_gmt":"2017-06-29T13:03:01","guid":{"rendered":"https:\/\/www.marabu-creative.com\/katalog\/"},"modified":"2024-03-27T16:51:19","modified_gmt":"2024-03-27T15:51:19","slug":"katalog-2","status":"publish","type":"page","link":"https:\/\/www.marabu-creative.com\/fr\/services\/katalog-2\/","title":{"rendered":"Catalogue"},"content":{"rendered":"<h3>Marabu Catalogue !<\/h3>\n<p>Partez en exp\u00e9dition avec Marabu : color\u00e9, vari\u00e9 et surprenant. Faites d\u00e9filer l&#8217;\u00e9cran pour d\u00e9couvrir la gamme \u00e9tendue de Marabu.<\/p>\n<p>&nbsp;<\/p>\n<div style=\"position:relative;padding-top:max(60%,326px);height:0;width:100%\"><iframe allow=\"clipboard-write\" sandbox=\"allow-top-navigation allow-top-navigation-by-user-activation allow-downloads allow-scripts allow-same-origin allow-popups allow-modals allow-popups-to-escape-sandbox allow-forms\" allowfullscreen=\"true\" style=\"position:absolute;border:none;width:100%;height:100%;left:0;right:0;top:0;bottom:0;\" src=\"https:\/\/e.issuu.com\/embed.html?backgroundColor=%230b5274&#038;d=catalogue_creativecolors_2024_version_web_kombrimi&#038;doAutoflipPages=true&#038;u=marabu2011\"><\/iframe><\/div>\n","protected":false},"excerpt":{"rendered":"<p>Marabu Catalogue ! Partez en exp\u00e9dition avec Marabu : color\u00e9, vari\u00e9 et surprenant. Faites d\u00e9filer l&#8217;\u00e9cran pour d\u00e9couvrir la gamme \u00e9tendue de Marabu. &nbsp;<\/p>\n","protected":false},"author":27,"featured_media":200501,"parent":227242,"menu_order":1,"comment_status":"closed","ping_status":"closed","template":"","meta":{"_acf_changed":false,"footnotes":""},"acf":[],"yoast_head":"<!-- This site is optimized with the Yoast SEO plugin v19.14 - https:\/\/yoast.com\/wordpress\/plugins\/seo\/ -->\n<title>Catalogue - Marabu Kreativ<\/title>\n<meta name=\"robots\" content=\"index, follow, max-snippet:-1, max-image-preview:large, max-video-preview:-1\" \/>\n<link rel=\"canonical\" href=\"https:\/\/www.marabu-creative.com\/fr\/wp-json\/wp\/v2\/pages\/82976\" \/>\n<meta property=\"og:locale\" content=\"fr_FR\" \/>\n<meta property=\"og:type\" content=\"article\" \/>\n<meta property=\"og:title\" content=\"Catalogue - Marabu Kreativ\" \/>\n<meta property=\"og:description\" content=\"Marabu Catalogue ! Partez en exp\u00e9dition avec Marabu : color\u00e9, vari\u00e9 et surprenant. Faites d\u00e9filer l&#8217;\u00e9cran pour d\u00e9couvrir la gamme \u00e9tendue de Marabu. &nbsp;\" \/>\n<meta property=\"og:url\" content=\"https:\/\/www.marabu-creative.com\/fr\/services\/katalog-2\/\" \/>\n<meta property=\"og:site_name\" content=\"Marabu Kreativ\" \/>\n<meta property=\"article:publisher\" content=\"https:\/\/www.facebook.com\/marabuchannel\/\" \/>\n<meta property=\"article:modified_time\" content=\"2024-03-27T15:51:19+00:00\" \/>\n<meta property=\"og:image\" content=\"https:\/\/www.marabu-creative.com\/wp-content\/uploads\/2020\/07\/Key-Visual-Service-Online-Katalog-2020-2021-1300x731px.jpg\" \/>\n\t<meta property=\"og:image:width\" content=\"1300\" \/>\n\t<meta property=\"og:image:height\" content=\"731\" \/>\n\t<meta property=\"og:image:type\" content=\"image\/jpeg\" \/>\n<meta name=\"twitter:card\" content=\"summary_large_image\" \/>\n<meta name=\"twitter:label1\" content=\"Est. reading time\" \/>\n\t<meta name=\"twitter:data1\" content=\"1 minute\" \/>\n<script type=\"application\/ld+json\" class=\"yoast-schema-graph\">{\"@context\":\"https:\/\/schema.org\",\"@graph\":[{\"@type\":\"WebPage\",\"@id\":\"https:\/\/www.marabu-creative.com\/fr\/services\/katalog-2\/\",\"url\":\"https:\/\/www.marabu-creative.com\/fr\/services\/katalog-2\/\",\"name\":\"Catalogue - Marabu Kreativ\",\"isPartOf\":{\"@id\":\"https:\/\/www.marabu-creative.com\/en\/#website\"},\"datePublished\":\"2017-06-29T13:03:01+00:00\",\"dateModified\":\"2024-03-27T15:51:19+00:00\",\"breadcrumb\":{\"@id\":\"https:\/\/www.marabu-creative.com\/fr\/services\/katalog-2\/#breadcrumb\"},\"inLanguage\":\"fr-FR\",\"potentialAction\":[{\"@type\":\"ReadAction\",\"target\":[\"https:\/\/www.marabu-creative.com\/fr\/services\/katalog-2\/\"]}]},{\"@type\":\"BreadcrumbList\",\"@id\":\"https:\/\/www.marabu-creative.com\/fr\/services\/katalog-2\/#breadcrumb\",\"itemListElement\":[{\"@type\":\"ListItem\",\"position\":1,\"name\":\"Startseite\",\"item\":\"https:\/\/www.marabu-creative.com\/fr\/\"},{\"@type\":\"ListItem\",\"position\":2,\"name\":\"Services\",\"item\":\"https:\/\/www.marabu-creative.com\/fr\/services\/\"},{\"@type\":\"ListItem\",\"position\":3,\"name\":\"Catalogue\"}]},{\"@type\":\"WebSite\",\"@id\":\"https:\/\/www.marabu-creative.com\/en\/#website\",\"url\":\"https:\/\/www.marabu-creative.com\/en\/\",\"name\":\"Marabu Kreativ\",\"description\":\"\",\"potentialAction\":[{\"@type\":\"SearchAction\",\"target\":{\"@type\":\"EntryPoint\",\"urlTemplate\":\"https:\/\/www.marabu-creative.com\/en\/?s={search_term_string}\"},\"query-input\":\"required name=search_term_string\"}],\"inLanguage\":\"fr-FR\"}]}<\/script>\n<!-- \/ Yoast SEO plugin. -->","yoast_head_json":{"title":"Catalogue - Marabu Kreativ","robots":{"index":"index","follow":"follow","max-snippet":"max-snippet:-1","max-image-preview":"max-image-preview:large","max-video-preview":"max-video-preview:-1"},"canonical":"https:\/\/www.marabu-creative.com\/fr\/wp-json\/wp\/v2\/pages\/82976","og_locale":"fr_FR","og_type":"article","og_title":"Catalogue - Marabu Kreativ","og_description":"Marabu Catalogue ! Partez en exp\u00e9dition avec Marabu : color\u00e9, vari\u00e9 et surprenant. Faites d\u00e9filer l&#8217;\u00e9cran pour d\u00e9couvrir la gamme \u00e9tendue de Marabu. &nbsp;","og_url":"https:\/\/www.marabu-creative.com\/fr\/services\/katalog-2\/","og_site_name":"Marabu Kreativ","article_publisher":"https:\/\/www.facebook.com\/marabuchannel\/","article_modified_time":"2024-03-27T15:51:19+00:00","og_image":[{"width":1300,"height":731,"url":"https:\/\/www.marabu-creative.com\/wp-content\/uploads\/2020\/07\/Key-Visual-Service-Online-Katalog-2020-2021-1300x731px.jpg","type":"image\/jpeg"}],"twitter_card":"summary_large_image","twitter_misc":{"Est. reading time":"1 minute"},"schema":{"@context":"https:\/\/schema.org","@graph":[{"@type":"WebPage","@id":"https:\/\/www.marabu-creative.com\/fr\/services\/katalog-2\/","url":"https:\/\/www.marabu-creative.com\/fr\/services\/katalog-2\/","name":"Catalogue - Marabu Kreativ","isPartOf":{"@id":"https:\/\/www.marabu-creative.com\/en\/#website"},"datePublished":"2017-06-29T13:03:01+00:00","dateModified":"2024-03-27T15:51:19+00:00","breadcrumb":{"@id":"https:\/\/www.marabu-creative.com\/fr\/services\/katalog-2\/#breadcrumb"},"inLanguage":"fr-FR","potentialAction":[{"@type":"ReadAction","target":["https:\/\/www.marabu-creative.com\/fr\/services\/katalog-2\/"]}]},{"@type":"BreadcrumbList","@id":"https:\/\/www.marabu-creative.com\/fr\/services\/katalog-2\/#breadcrumb","itemListElement":[{"@type":"ListItem","position":1,"name":"Startseite","item":"https:\/\/www.marabu-creative.com\/fr\/"},{"@type":"ListItem","position":2,"name":"Services","item":"https:\/\/www.marabu-creative.com\/fr\/services\/"},{"@type":"ListItem","position":3,"name":"Catalogue"}]},{"@type":"WebSite","@id":"https:\/\/www.marabu-creative.com\/en\/#website","url":"https:\/\/www.marabu-creative.com\/en\/","name":"Marabu Kreativ","description":"","potentialAction":[{"@type":"SearchAction","target":{"@type":"EntryPoint","urlTemplate":"https:\/\/www.marabu-creative.com\/en\/?s={search_term_string}"},"query-input":"required name=search_term_string"}],"inLanguage":"fr-FR"}]}},"_links":{"self":[{"href":"https:\/\/www.marabu-creative.com\/fr\/wp-json\/wp\/v2\/pages\/82976"}],"collection":[{"href":"https:\/\/www.marabu-creative.com\/fr\/wp-json\/wp\/v2\/pages"}],"about":[{"href":"https:\/\/www.marabu-creative.com\/fr\/wp-json\/wp\/v2\/types\/page"}],"author":[{"embeddable":true,"href":"https:\/\/www.marabu-creative.com\/fr\/wp-json\/wp\/v2\/users\/27"}],"replies":[{"embeddable":true,"href":"https:\/\/www.marabu-creative.com\/fr\/wp-json\/wp\/v2\/comments?post=82976"}],"version-history":[{"count":0,"href":"https:\/\/www.marabu-creative.com\/fr\/wp-json\/wp\/v2\/pages\/82976\/revisions"}],"up":[{"embeddable":true,"href":"https:\/\/www.marabu-creative.com\/fr\/wp-json\/wp\/v2\/pages\/227242"}],"wp:featuredmedia":[{"embeddable":true,"href":"https:\/\/www.marabu-creative.com\/fr\/wp-json\/wp\/v2\/media\/200501"}],"wp:attachment":[{"href":"https:\/\/www.marabu-creative.com\/fr\/wp-json\/wp\/v2\/media?parent=82976"}],"curies":[{"name":"wp","href":"https:\/\/api.w.org\/{rel}","templated":true}]}}